{"id":31778,"date":"2022-05-05T11:17:59","date_gmt":"2022-05-05T09:17:59","guid":{"rendered":"https:\/\/mcaseed.com\/blog\/"},"modified":"2022-10-07T11:06:23","modified_gmt":"2022-10-07T09:06:23","slug":"blog","status":"publish","type":"page","link":"https:\/\/mcaseed.com\/de\/blog\/","title":{"rendered":"Blog"},"content":{"rendered":"<p><div class=\"et_d4_element et_pb_section et_pb_section_0 et_pb_with_background  et_pb_css_mix_blend_mode et_section_regular et_block_section\" >\n\t\t\t\t\n\t\t\t\t\n\t\t\t\t\n\t\t\t\t\n\t\t\t\t\n\t\t\t\t\n\t\t\t\t<div class=\"et_d4_element et_pb_row et_pb_row_0  et_pb_css_mix_blend_mode et_block_row\">\n\t\t\t\t<div class=\"et_d4_element et_pb_column_4_4 et_pb_column et_pb_column_0  et_pb_css_mix_blend_mode et-last-child et_block_column\">\n\t\t\t\t\n\t\t\t\t\n\t\t\t\t\n\t\t\t\t\n\t\t\t\t<div class=\"et_pb_module et_d4_element et_pb_cta_0 et_pb_promo  et_pb_text_align_left et_pb_bg_layout_dark\">\n\t\t\t\t\n\t\t\t\t\n\t\t\t\t\n\t\t\t\t\n\t\t\t\t<div class=\"et_pb_promo_description\"><h2 class=\"et_pb_module_header\">Nachrichten<\/h2><div><p>Verschaffen Sie sich einen \u00dcberblick \u00fcber die Digitalisierung und ihre aktuellen Entwicklungen.<\/p><\/div><\/div>\n\t\t\t\t\n\t\t\t<\/div>\n\t\t\t<\/div>\n\t\t\t\t\n\t\t\t\t\n\t\t\t\t\n\t\t\t\t\n\t\t\t<\/div>\n\t\t\t\t\n\t\t\t\t\n\t\t\t<\/div><div class=\"et_d4_element et_pb_section et_pb_section_1  et_pb_css_mix_blend_mode et_section_regular et_block_section\" >\n\t\t\t\t\n\t\t\t\t\n\t\t\t\t\n\t\t\t\t\n\t\t\t\t\n\t\t\t\t\n\t\t\t\t<div class=\"et_d4_element et_pb_row et_pb_row_1  et_pb_css_mix_blend_mode et_block_row\">\n\t\t\t\t<div class=\"et_d4_element et_pb_column_4_4 et_pb_column et_pb_column_1  et_pb_css_mix_blend_mode et-last-child et_block_column\">\n\t\t\t\t\n\t\t\t\t\n\t\t\t\t\n\t\t\t\t\n\t\t\t\t<div class=\"et_pb_module et_d4_element et_pb_blog_0  et_pb_css_mix_blend_mode et_pb_posts et_pb_bg_layout_light \">\n\t\t\t\t\n\t\t\t\t\n\t\t\t\t\n\t\t\t\t\n\t\t\t\t<div class=\"et_pb_ajax_pagination_container\">\n\t\t\t\t\t\n\t\t\t<article id=\"post-32149\" class=\"et_pb_post clearfix et_pb_blog_item_0_0 post-32149 post type-post status-publish format-standard has-post-thumbnail hentry category-die-digitalisierung category-kultur\">\n\n\t\t\t\t<a href=\"https:\/\/mcaseed.com\/de\/museen\/\" class=\"entry-featured-image-url\"><img decoding=\"async\" src=\"https:\/\/mcaseed.com\/wp-content\/uploads\/2022\/07\/illustration-en-tete-article-mca-seed-1080x640.jpg\" alt=\"Digitale Transformation: Die Modernisierung von Museen\" class=\"\" width=\"1080\" height=\"675\" srcset=\"https:\/\/mcaseed.com\/wp-content\/uploads\/2022\/07\/illustration-en-tete-article-mca-seed-980x327.jpg 980w, https:\/\/mcaseed.com\/wp-content\/uploads\/2022\/07\/illustration-en-tete-article-mca-seed-480x160.jpg 480w\" sizes=\"(min-width: 0px) and (max-width: 480px) 480px, (min-width: 481px) and (max-width: 980px) 980px, (min-width: 981px) 1080px, 100vw\" \/><\/a>\n\t\t\t\t\t\t\t\t\t\t\t\t\t\t<h2 class=\"entry-title\">\n\t\t\t\t\t\t\t\t\t\t\t\t\t<a href=\"https:\/\/mcaseed.com\/de\/museen\/\">Digitale Transformation: Die Modernisierung von Museen<\/a>\n\t\t\t\t\t\t\t\t\t\t\t<\/h2>\n\t\t\t\t\n\t\t\t\t\t<p class=\"post-meta\"><span class=\"published\">Juli 14, 2022<\/span> | <a href=\"https:\/\/mcaseed.com\/de\/category\/die-digitalisierung\/\" rel=\"tag\">Die Digitalisierung<\/a>, <a href=\"https:\/\/mcaseed.com\/de\/category\/kultur\/\" rel=\"tag\">Kultur<\/a><\/p><div class=\"post-content\"><div class=\"post-content-inner\"><\/div><\/div>\t\t\t\n\t\t\t<\/article>\n\t\t\t\t<div><div class=\"pagination clearfix\">\n\t<div class=\"alignleft\"><\/div>\n\t<div class=\"alignright\"><\/div>\n<\/div><\/div><\/div>\n\t\t\t\t<\/div>\n\t\t\t\t \n\t\t\t<\/div>\n\t\t\t\t\n\t\t\t\t\n\t\t\t\t\n\t\t\t\t\n\t\t\t<\/div>\n\t\t\t\t\n\t\t\t\t\n\t\t\t<\/div><\/p>\n","protected":false},"excerpt":{"rendered":"","protected":false},"author":1,"featured_media":0,"parent":0,"menu_order":0,"comment_status":"closed","ping_status":"closed","template":"","meta":{"_et_pb_use_builder":"on","_et_pb_old_content":"","_et_gb_content_width":"","footnotes":""},"class_list":["post-31778","page","type-page","status-publish","hentry"],"yoast_head":"<!-- This site is optimized with the Yoast SEO plugin v27.5 - https:\/\/yoast.com\/product\/yoast-seo-wordpress\/ -->\n<title>Blog zur Reflexion \u00fcber unsere Domain | MCA Seed-Academy | Schweiz<\/title>\n<meta name=\"description\" content=\"Diese Blogbeitr\u00e4ge bieten einen \u00dcberblick \u00fcber das Thema Digitalisierung und die damit verbundenen Neuigkeiten.\" \/>\n<meta name=\"robots\" content=\"index, follow, max-snippet:-1, max-image-preview:large, max-video-preview:-1\" \/>\n<link rel=\"canonical\" href=\"https:\/\/mcaseed.com\/de\/blog\/\" \/>\n<meta property=\"og:locale\" content=\"de_DE\" \/>\n<meta property=\"og:type\" content=\"article\" \/>\n<meta property=\"og:title\" content=\"Blog zur Reflexion \u00fcber unsere Domain | MCA Seed-Academy | Schweiz\" \/>\n<meta property=\"og:description\" content=\"Diese Blogbeitr\u00e4ge bieten einen \u00dcberblick \u00fcber das Thema Digitalisierung und die damit verbundenen Neuigkeiten.\" \/>\n<meta property=\"og:url\" content=\"https:\/\/mcaseed.com\/de\/blog\/\" \/>\n<meta property=\"og:site_name\" content=\"mcaseed.com\" \/>\n<meta property=\"article:publisher\" content=\"https:\/\/www.facebook.com\/mcaconcept\/\" \/>\n<meta property=\"article:modified_time\" content=\"2022-10-07T09:06:23+00:00\" \/>\n<meta name=\"twitter:card\" content=\"summary_large_image\" \/>\n<meta name=\"twitter:site\" content=\"@McaConcept\" \/>\n<meta name=\"twitter:label1\" content=\"Gesch\u00e4tzte Lesezeit\" \/>\n\t<meta name=\"twitter:data1\" content=\"2\u00a0Minuten\" \/>\n<script type=\"application\/ld+json\" class=\"yoast-schema-graph\">{\"@context\":\"https:\\\/\\\/schema.org\",\"@graph\":[{\"@type\":\"WebPage\",\"@id\":\"https:\\\/\\\/mcaseed.com\\\/de\\\/blog\\\/\",\"url\":\"https:\\\/\\\/mcaseed.com\\\/de\\\/blog\\\/\",\"name\":\"Blog zur Reflexion \u00fcber unsere Domain | MCA Seed-Academy | Schweiz\",\"isPartOf\":{\"@id\":\"https:\\\/\\\/mcaseed.com\\\/de\\\/#website\"},\"datePublished\":\"2022-05-05T09:17:59+00:00\",\"dateModified\":\"2022-10-07T09:06:23+00:00\",\"description\":\"Diese Blogbeitr\u00e4ge bieten einen \u00dcberblick \u00fcber das Thema Digitalisierung und die damit verbundenen Neuigkeiten.\",\"breadcrumb\":{\"@id\":\"https:\\\/\\\/mcaseed.com\\\/de\\\/blog\\\/#breadcrumb\"},\"inLanguage\":\"de\",\"potentialAction\":[{\"@type\":\"ReadAction\",\"target\":[\"https:\\\/\\\/mcaseed.com\\\/de\\\/blog\\\/\"]}]},{\"@type\":\"BreadcrumbList\",\"@id\":\"https:\\\/\\\/mcaseed.com\\\/de\\\/blog\\\/#breadcrumb\",\"itemListElement\":[{\"@type\":\"ListItem\",\"position\":1,\"name\":\"Accueil\",\"item\":\"https:\\\/\\\/mcaseed.com\\\/de\\\/\"},{\"@type\":\"ListItem\",\"position\":2,\"name\":\"Blog\"}]},{\"@type\":\"WebSite\",\"@id\":\"https:\\\/\\\/mcaseed.com\\\/de\\\/#website\",\"url\":\"https:\\\/\\\/mcaseed.com\\\/de\\\/\",\"name\":\"mcaseed.com\",\"description\":\"MCA Seed-Academy, nouvelle vision du num\u00e9rique !\",\"publisher\":{\"@id\":\"https:\\\/\\\/mcaseed.com\\\/de\\\/#organization\"},\"potentialAction\":[{\"@type\":\"SearchAction\",\"target\":{\"@type\":\"EntryPoint\",\"urlTemplate\":\"https:\\\/\\\/mcaseed.com\\\/de\\\/?s={search_term_string}\"},\"query-input\":{\"@type\":\"PropertyValueSpecification\",\"valueRequired\":true,\"valueName\":\"search_term_string\"}}],\"inLanguage\":\"de\"},{\"@type\":\"Organization\",\"@id\":\"https:\\\/\\\/mcaseed.com\\\/de\\\/#organization\",\"name\":\"MCA Seed-Academy\",\"url\":\"https:\\\/\\\/mcaseed.com\\\/de\\\/\",\"logo\":{\"@type\":\"ImageObject\",\"inLanguage\":\"de\",\"@id\":\"https:\\\/\\\/mcaseed.com\\\/de\\\/#\\\/schema\\\/logo\\\/image\\\/\",\"url\":\"https:\\\/\\\/mcaseed.com\\\/wp-content\\\/uploads\\\/2020\\\/07\\\/Miniature.png\",\"contentUrl\":\"https:\\\/\\\/mcaseed.com\\\/wp-content\\\/uploads\\\/2020\\\/07\\\/Miniature.png\",\"width\":512,\"height\":512,\"caption\":\"MCA Seed-Academy\"},\"image\":{\"@id\":\"https:\\\/\\\/mcaseed.com\\\/de\\\/#\\\/schema\\\/logo\\\/image\\\/\"},\"sameAs\":[\"https:\\\/\\\/www.facebook.com\\\/mcaconcept\\\/\",\"https:\\\/\\\/x.com\\\/McaConcept\",\"https:\\\/\\\/www.instagram.com\\\/mcaconcept\\\/\",\"https:\\\/\\\/ch.linkedin.com\\\/company\\\/mca-concept\",\"https:\\\/\\\/www.youtube.com\\\/channel\\\/UC1WT0RmNiTycrnzr6FqDuPg\"]}]}<\/script>\n<!-- \/ Yoast SEO plugin. -->","yoast_head_json":{"title":"Blog zur Reflexion \u00fcber unsere Domain | MCA Seed-Academy | Schweiz","description":"Diese Blogbeitr\u00e4ge bieten einen \u00dcberblick \u00fcber das Thema Digitalisierung und die damit verbundenen Neuigkeiten.","robots":{"index":"index","follow":"follow","max-snippet":"max-snippet:-1","max-image-preview":"max-image-preview:large","max-video-preview":"max-video-preview:-1"},"canonical":"https:\/\/mcaseed.com\/de\/blog\/","og_locale":"de_DE","og_type":"article","og_title":"Blog zur Reflexion \u00fcber unsere Domain | MCA Seed-Academy | Schweiz","og_description":"Diese Blogbeitr\u00e4ge bieten einen \u00dcberblick \u00fcber das Thema Digitalisierung und die damit verbundenen Neuigkeiten.","og_url":"https:\/\/mcaseed.com\/de\/blog\/","og_site_name":"mcaseed.com","article_publisher":"https:\/\/www.facebook.com\/mcaconcept\/","article_modified_time":"2022-10-07T09:06:23+00:00","twitter_card":"summary_large_image","twitter_site":"@McaConcept","twitter_misc":{"Gesch\u00e4tzte Lesezeit":"2\u00a0Minuten"},"schema":{"@context":"https:\/\/schema.org","@graph":[{"@type":"WebPage","@id":"https:\/\/mcaseed.com\/de\/blog\/","url":"https:\/\/mcaseed.com\/de\/blog\/","name":"Blog zur Reflexion \u00fcber unsere Domain | MCA Seed-Academy | Schweiz","isPartOf":{"@id":"https:\/\/mcaseed.com\/de\/#website"},"datePublished":"2022-05-05T09:17:59+00:00","dateModified":"2022-10-07T09:06:23+00:00","description":"Diese Blogbeitr\u00e4ge bieten einen \u00dcberblick \u00fcber das Thema Digitalisierung und die damit verbundenen Neuigkeiten.","breadcrumb":{"@id":"https:\/\/mcaseed.com\/de\/blog\/#breadcrumb"},"inLanguage":"de","potentialAction":[{"@type":"ReadAction","target":["https:\/\/mcaseed.com\/de\/blog\/"]}]},{"@type":"BreadcrumbList","@id":"https:\/\/mcaseed.com\/de\/blog\/#breadcrumb","itemListElement":[{"@type":"ListItem","position":1,"name":"Accueil","item":"https:\/\/mcaseed.com\/de\/"},{"@type":"ListItem","position":2,"name":"Blog"}]},{"@type":"WebSite","@id":"https:\/\/mcaseed.com\/de\/#website","url":"https:\/\/mcaseed.com\/de\/","name":"mcaseed.com","description":"MCA Seed-Academy, nouvelle vision du num\u00e9rique !","publisher":{"@id":"https:\/\/mcaseed.com\/de\/#organization"},"potentialAction":[{"@type":"SearchAction","target":{"@type":"EntryPoint","urlTemplate":"https:\/\/mcaseed.com\/de\/?s={search_term_string}"},"query-input":{"@type":"PropertyValueSpecification","valueRequired":true,"valueName":"search_term_string"}}],"inLanguage":"de"},{"@type":"Organization","@id":"https:\/\/mcaseed.com\/de\/#organization","name":"MCA Seed-Academy","url":"https:\/\/mcaseed.com\/de\/","logo":{"@type":"ImageObject","inLanguage":"de","@id":"https:\/\/mcaseed.com\/de\/#\/schema\/logo\/image\/","url":"https:\/\/mcaseed.com\/wp-content\/uploads\/2020\/07\/Miniature.png","contentUrl":"https:\/\/mcaseed.com\/wp-content\/uploads\/2020\/07\/Miniature.png","width":512,"height":512,"caption":"MCA Seed-Academy"},"image":{"@id":"https:\/\/mcaseed.com\/de\/#\/schema\/logo\/image\/"},"sameAs":["https:\/\/www.facebook.com\/mcaconcept\/","https:\/\/x.com\/McaConcept","https:\/\/www.instagram.com\/mcaconcept\/","https:\/\/ch.linkedin.com\/company\/mca-concept","https:\/\/www.youtube.com\/channel\/UC1WT0RmNiTycrnzr6FqDuPg"]}]}},"_links":{"self":[{"href":"https:\/\/mcaseed.com\/de\/wp-json\/wp\/v2\/pages\/31778","targetHints":{"allow":["GET"]}}],"collection":[{"href":"https:\/\/mcaseed.com\/de\/wp-json\/wp\/v2\/pages"}],"about":[{"href":"https:\/\/mcaseed.com\/de\/wp-json\/wp\/v2\/types\/page"}],"author":[{"embeddable":true,"href":"https:\/\/mcaseed.com\/de\/wp-json\/wp\/v2\/users\/1"}],"replies":[{"embeddable":true,"href":"https:\/\/mcaseed.com\/de\/wp-json\/wp\/v2\/comments?post=31778"}],"version-history":[{"count":13,"href":"https:\/\/mcaseed.com\/de\/wp-json\/wp\/v2\/pages\/31778\/revisions"}],"predecessor-version":[{"id":36230,"href":"https:\/\/mcaseed.com\/de\/wp-json\/wp\/v2\/pages\/31778\/revisions\/36230"}],"wp:attachment":[{"href":"https:\/\/mcaseed.com\/de\/wp-json\/wp\/v2\/media?parent=31778"}],"curies":[{"name":"wp","href":"https:\/\/api.w.org\/{rel}","templated":true}]}}