{"id":33326,"date":"2022-08-11T09:12:35","date_gmt":"2022-08-11T07:12:35","guid":{"rendered":"https:\/\/mcaseed.com\/die-digitalisierung\/"},"modified":"2026-03-30T11:36:18","modified_gmt":"2026-03-30T09:36:18","slug":"die-digitalisierung","status":"publish","type":"page","link":"https:\/\/mcaseed.com\/de\/die-digitalisierung\/","title":{"rendered":"Digitalisierungn"},"content":{"rendered":"\n<div class=\"et_pb_section_0 et_pb_section et_section_regular et_block_section\"><div class=\"et_pb_row_0 et_pb_row et_block_row\"><div class=\"et_pb_column_0 et_pb_column et_pb_column_4_4 et-last-child et_block_column et_pb_css_mix_blend_mode_passthrough\"><div class=\"et_pb_text_0 et_pb_text et_pb_bg_layout_light et_pb_module et_block_module et_pb_text_align_center\"><div class=\"et_pb_text_inner\"><h1>Digitalisierungn<\/h1>\n<\/div><\/div><\/div><\/div><div class=\"et_pb_row_1 et_pb_row et_block_row\"><div class=\"et_pb_column_1 et_pb_column et_pb_column_4_4 et-last-child et_block_column et_pb_css_mix_blend_mode_passthrough\"><div class=\"et_pb_text_1 et_pb_text et_pb_bg_layout_light et_pb_module et_block_module\"><div class=\"et_pb_text_inner\"><p>Die digitale Revolution hat unser t\u00e4gliches Leben nachhaltig ver\u00e4ndert.<br \/>\nInternet, Computertools, Big Data und k\u00fcnstliche Intelligenz werden mittlerweile t\u00e4glich von Milliarden von Menschen genutzt. Die Gesch\u00e4ftswelt steht dem in nichts nach, ganz im Gegenteil, und <strong>die Digitalisierung ist zur Speerspitze erfolgreicher Wirtschaftsstrategien geworden<\/strong>.<\/p>\n<p>Digitale Werkzeuge k\u00f6nnen den <strong>Umsatz ankurbeln und<\/strong> <strong>alle Aktivit\u00e4ten des Unternehmens<\/strong> reibungsloser gestalten. Au\u00dferdem erleichtern sie, dank der Entmaterialisierung, das Krisenmanagement. Unternehmen mit leistungsstarken digitalen L\u00f6sungen konnten sich nahtlos an die <strong>Telearbeit<\/strong> anpassen, die bei der Einschlie\u00dfung von Mitarbeitern ein Muss ist.<\/p>\n<p>Aber es ist vor allem f\u00fcr Kleinstunternehmen und KMU nicht einfach, die Gesamtheit der manchmal wenig ergonomischen digitalen Werkzeuge optimal zu betrachten. Es ist oft schwierig, das richtige Werkzeug f\u00fcr den richtigen Bereich auszuw\u00e4hlen: Produktionsprozesse, Marketing, Kundenbeziehungen, Website und soziale Netzwerke, Personalmanagement usw.<\/p>\n<p><strong>Die Steuerung all dieser Software kann zeitraubend sein und paradoxerweise die t\u00e4glichen Verwaltungsprobleme f\u00fcr Sie und Ihre Mitarbeiter vervielfachen.<\/strong><\/p>\n<p>Angesichts dieser Tatsache bietet die <strong>MCA Seed Academy<\/strong> :<br \/>\n- Ihnen nach einer tiefgreifenden Pr\u00fcfung Ihrer internen Prozesse bei der <strong>Optimierung all Ihrer digitalen Werkzeuge<\/strong> zu helfen,<br \/>\n- <strong>Sie bei der Digitalisierung Ihres Unternehmens zu begleiten<\/strong>, indem Sie einen umfassenden \u00dcberblick \u00fcber Ihre Bed\u00fcrfnisse, W\u00fcnsche, St\u00e4rken, die Realit\u00e4ten Ihrer Branche und Ihrer Kundschaft erhalten,<br \/>\n- <strong>Softwarel\u00f6sungen<\/strong> entsprechend Ihren Mitteln, Ihren Bed\u00fcrfnissen und Ihren kurz- und langfristigen strategischen Entscheidungen,<br \/>\n- <strong>Sie auf effiziente Tools hinzuweisen<\/strong>, an die Sie nicht gedacht h\u00e4tten oder die Sie nicht kennen w\u00fcrden: Verwaltung von Big Data, gemeinsame Arbeitsplattform, Analyse der Kundenreise usw.<\/p>\n<\/div><\/div><\/div><\/div><div class=\"et_pb_row_2 et_pb_row et_block_row\"><div class=\"et_pb_column_2 et_pb_column et_pb_column_4_4 et-last-child et_block_column et_pb_css_mix_blend_mode_passthrough\"><div class=\"et_pb_text_2 et_pb_text et_pb_bg_layout_light et_pb_module et_block_module\"><div class=\"et_pb_text_inner\"><h2>Digitale Transformation: Werkzeuge an Ihre Bed\u00fcrfnisse anpassen<\/h2>\n<\/div><\/div><div class=\"et_pb_text_3 et_pb_text et_pb_bg_layout_light et_pb_module et_block_module\"><div class=\"et_pb_text_inner\"><p>Die Digitalisierung ist f\u00fcr den Erfolg jedes Unternehmens <strong>unumg\u00e4nglich geworden<\/strong>, nicht nur, um im Wettbewerb mit der Konkurrenz an der Spitze zu bleiben, sondern auch, <strong>um den neuen Bed\u00fcrfnissen der Kunden<\/strong> gerecht zu werden.<br \/>\nEgal, in welcher Branche Sie t\u00e4tig sind, digitale Werkzeuge geh\u00f6ren heute zu Ihrem Alltag. Sie haben sicherlich eine Website, nutzen B\u00fcro-, Buchhaltungs- oder Kundenbeziehungssoftware. Ihre Vertriebsmitarbeiter nutzen Smartphones oder Tablets und die Herstellungsprozesse oder der Austausch mit Lieferanten sind automatisiert.<\/p>\n<p>Wenn Sie sich jedoch im Laufe des Lebens Ihres Unternehmens f\u00fcr Software entschieden haben, kann es sein, dass :<br \/>\n- einige veraltet oder \u00fcberholt sind,<br \/>\n- Viele digitale Werkzeuge integrieren redundante Funktionen,<br \/>\n- einige \"All-in-One\"-L\u00f6sungen bieten Funktionen, die Sie nicht nutzen,<br \/>\n- diese Tools nicht mehr auf Ihre Bed\u00fcrfnisse zugeschnitten sind oder neue Bed\u00fcrfnisse neue Tools nach sich ziehen.<\/p>\n<p>In all diesen F\u00e4llen verlieren Sie durch den Einsatz irrelevanter oder schwerf\u00e4lliger Softwarel\u00f6sungen Zeit und damit Geld.<br \/>\nUnternehmen ben\u00f6tigen h\u00e4ufig bereichs\u00fcbergreifende Software wie ERP (Enterprise Resource Planning) oder CRM (Customer Relation Management). Der Vorteil dieser Tools ist, dass sie Komplettl\u00f6sungen anbieten, die sich an alle Branchen anpassen lassen. Dies kommt jedoch einer Bezahlung f\u00fcr unn\u00f6tige Dienstleistungen gleich. Und oft muss man zus\u00e4tzlich noch Schulungen finanzieren, um seine \"Gaswerke\" zu steuern.<\/p>\n<p>Die Fachleute der MCA Seed Academy kennen alle verf\u00fcgbaren digitalen Angebote wie ihre Westentasche. Sie k\u00f6nnen Sie auf L\u00f6sungen hinweisen, die besser auf Ihre Bed\u00fcrfnisse zugeschnitten sind, oder sogar auf individuelle Software, die den Vorteil hat, dass sie ausschlie\u00dflich nach Ihren Anforderungen entwickelt wird.<br \/>\nDie Zeiten, in denen sich Unternehmen an die Software anpassen mussten, sind vorbei. Die Digitalisierung der \"zweiten Generation\" bedeutet, dass L\u00f6sungen gefunden werden m\u00fcssen, die sich an die Unternehmen anpassen.<\/p>\n<\/div><\/div><\/div><\/div><div class=\"et_pb_row_3 et_pb_row et_block_row\"><div class=\"et_pb_column_3 et_pb_column et_pb_column_4_4 et-last-child et_block_column et_pb_css_mix_blend_mode_passthrough\"><div class=\"et_pb_text_4 et_pb_text et_pb_bg_layout_light et_pb_module et_block_module\"><div class=\"et_pb_text_inner\"><h2>Nicht die Zeit und nicht das Geld verschwenden.<\/h2>\n<\/div><\/div><div class=\"et_pb_text_5 et_pb_text et_pb_bg_layout_light et_pb_module et_block_module\"><div class=\"et_pb_text_inner\"><p><strong>Wenn Sie ein Unternehmen gr\u00fcnden<\/strong>, begleiten Sie auch hier die Experten der MCA Seed Academy bei der richtigen Auswahl Ihrer zuk\u00fcnftigen IT-Tools.<br \/>\nAngesichts der F\u00fclle an existierender Software ist es f\u00fcr Neulinge und selbst f\u00fcr erfahrene Nutzer nicht einfach, eine Wahl zu treffen.<br \/>\nAu\u00dferdem k\u00f6nnen Ihnen einige digitale Werkzeuge Dienste leisten, von denen Sie vielleicht noch nie geh\u00f6rt haben.<br \/>\nEin Beispiel von vielen: F\u00fcr das Marketing sammelt ein gutes CRM genaue Informationen \u00fcber den Werdegang der Kunden und automatisiert den Versand von E-Mails, die zwar automatisch, aber dennoch personalisiert sind.<\/p>\n<p>Die Interaktionen mit Kunden, Lieferanten und potenziellen Kunden erzeugen eine Flut von Daten, die zu wertvollen Informationen f\u00fchren.<br \/>\nDiese aus Big Data gewonnenen Informationen erleichtern die Unternehmenssteuerung, indem sie zeigen, wie die Kunden Ihre Produkte finden, was funktioniert, welche Referenzen bevorzugt werden oder verbessert werden sollten und welche neuen M\u00e4rkte erschlossen werden k\u00f6nnen.<br \/>\nSie erhalten gleichzeitig einen guten \u00dcberblick und viele \u00e4u\u00dferst pr\u00e4zise Informationen.<\/p>\n<\/div><\/div><\/div><\/div><div class=\"et_pb_row_4 et_pb_row et_block_row\"><div class=\"et_pb_column_4 et_pb_column et_pb_column_4_4 et-last-child et_block_column et_pb_css_mix_blend_mode_passthrough\"><div class=\"et_pb_text_6 et_pb_text et_pb_bg_layout_light et_pb_module et_block_module\"><div class=\"et_pb_text_inner\"><h2>Ihr Management \u00fcberdenken<\/h2>\n<\/div><\/div><div class=\"et_pb_text_7 et_pb_text et_pb_bg_layout_light et_pb_module et_block_module\"><div class=\"et_pb_text_inner\"><p>Schlie\u00dflich erh\u00f6ht die Einf\u00fchrung dieser wertvollen digitalen Hilfsmittel auch <strong>den Komfort f\u00fcr Ihre Mitarbeiter<\/strong>. Schluss mit l\u00e4stigen und sich wiederholenden Aufgaben. Automatisierungssoftware ist dazu da, Produktivit\u00e4t und Benutzerfreundlichkeit zu vereinen.<br \/>\nDie meisten digitalen L\u00f6sungen erzeugen eine Querschnittsfunktion, die in unseren Unternehmen un\u00fcblich ist.<br \/>\nDas Sammeln aller Daten von der Produktionskette bis zum Vertrieb, von der Buchhaltung bis zum Marketing setzt neue Synergien voraus. Alle Kr\u00e4fte des Unternehmens sind schlie\u00dflich auf ein Ziel ausgerichtet: den Erfolg.<br \/>\nIhre Mitarbeiter aus allen Bereichen werden wirklich in die Arbeit des Unternehmens investiert und bilden ein echtes Team. Es ist ein Irrtum zu glauben, dass die Digitalisierung entmenschlichte Prozesse zul\u00e4sst. Lassen Sie sich von uns beweisen, dass genau das Gegenteil der Fall ist.<\/p>\n<p>Kurzum, vor 20 Jahren kam es den Unternehmern nicht besonders in den Sinn, eine Website zu entwickeln. Von nun an ist die Digitalisierung allgegenw\u00e4rtig, und es ist ein Gewinn, Experten aus dieser Welt, die feindselig und nebul\u00f6s erscheinen mag, an seiner Seite zu haben.<br \/>\nVertrauen Sie den Experten der MCA Seed Academy, die Sie in k\u00fcrzester Zeit bei der Auswahl leistungsf\u00e4higer und Ihren Bed\u00fcrfnissen entsprechender Softwaretools unterst\u00fctzen k\u00f6nnen.<\/p>\n<\/div><\/div><\/div><\/div><\/div>\n","protected":false},"excerpt":{"rendered":"","protected":false},"author":1,"featured_media":0,"parent":0,"menu_order":0,"comment_status":"closed","ping_status":"closed","template":"","meta":{"footnotes":""},"class_list":["post-33326","page","type-page","status-publish","hentry"],"yoast_head":"<!-- This site is optimized with the Yoast SEO plugin v27.3 - https:\/\/yoast.com\/product\/yoast-seo-wordpress\/ -->\n<title>Was ist Digitalisierung | MCA Seed-Academy | Schweiz<\/title>\n<meta name=\"description\" content=\"Erfahren Sie mehr \u00fcber unsere Vision der Digitalisierung, einem Prozess, der unumg\u00e4nglich geworden ist, um von den neuen Technologien f\u00fcr die Verwaltung zu profitieren.\" \/>\n<meta name=\"robots\" content=\"index, follow, max-snippet:-1, max-image-preview:large, max-video-preview:-1\" \/>\n<link rel=\"canonical\" href=\"https:\/\/mcaseed.com\/de\/die-digitalisierung\/\" \/>\n<meta property=\"og:locale\" content=\"de_DE\" \/>\n<meta property=\"og:type\" content=\"article\" \/>\n<meta property=\"og:title\" content=\"Was ist Digitalisierung | MCA Seed-Academy | Schweiz\" \/>\n<meta property=\"og:description\" content=\"Erfahren Sie mehr \u00fcber unsere Vision der Digitalisierung, einem Prozess, der unumg\u00e4nglich geworden ist, um von den neuen Technologien f\u00fcr die Verwaltung zu profitieren.\" \/>\n<meta property=\"og:url\" content=\"https:\/\/mcaseed.com\/de\/die-digitalisierung\/\" \/>\n<meta property=\"og:site_name\" content=\"mcaseed.com\" \/>\n<meta property=\"article:publisher\" content=\"https:\/\/www.facebook.com\/mcaconcept\/\" \/>\n<meta property=\"article:modified_time\" content=\"2026-03-30T09:36:18+00:00\" \/>\n<meta name=\"twitter:card\" content=\"summary_large_image\" \/>\n<meta name=\"twitter:site\" content=\"@McaConcept\" \/>\n<script type=\"application\/ld+json\" class=\"yoast-schema-graph\">{\"@context\":\"https:\\\/\\\/schema.org\",\"@graph\":[{\"@type\":\"WebPage\",\"@id\":\"https:\\\/\\\/mcaseed.com\\\/de\\\/die-digitalisierung\\\/\",\"url\":\"https:\\\/\\\/mcaseed.com\\\/de\\\/die-digitalisierung\\\/\",\"name\":\"Was ist Digitalisierung | MCA Seed-Academy | Schweiz\",\"isPartOf\":{\"@id\":\"https:\\\/\\\/mcaseed.com\\\/de\\\/#website\"},\"datePublished\":\"2022-08-11T07:12:35+00:00\",\"dateModified\":\"2026-03-30T09:36:18+00:00\",\"description\":\"Erfahren Sie mehr \u00fcber unsere Vision der Digitalisierung, einem Prozess, der unumg\u00e4nglich geworden ist, um von den neuen Technologien f\u00fcr die Verwaltung zu profitieren.\",\"breadcrumb\":{\"@id\":\"https:\\\/\\\/mcaseed.com\\\/de\\\/die-digitalisierung\\\/#breadcrumb\"},\"inLanguage\":\"de\",\"potentialAction\":[{\"@type\":\"ReadAction\",\"target\":[\"https:\\\/\\\/mcaseed.com\\\/de\\\/die-digitalisierung\\\/\"]}]},{\"@type\":\"BreadcrumbList\",\"@id\":\"https:\\\/\\\/mcaseed.com\\\/de\\\/die-digitalisierung\\\/#breadcrumb\",\"itemListElement\":[{\"@type\":\"ListItem\",\"position\":1,\"name\":\"Accueil\",\"item\":\"https:\\\/\\\/mcaseed.com\\\/de\\\/\"},{\"@type\":\"ListItem\",\"position\":2,\"name\":\"Digitalisierungn\"}]},{\"@type\":\"WebSite\",\"@id\":\"https:\\\/\\\/mcaseed.com\\\/de\\\/#website\",\"url\":\"https:\\\/\\\/mcaseed.com\\\/de\\\/\",\"name\":\"mcaseed.com\",\"description\":\"MCA Seed-Academy, nouvelle vision du num\u00e9rique !\",\"publisher\":{\"@id\":\"https:\\\/\\\/mcaseed.com\\\/de\\\/#organization\"},\"potentialAction\":[{\"@type\":\"SearchAction\",\"target\":{\"@type\":\"EntryPoint\",\"urlTemplate\":\"https:\\\/\\\/mcaseed.com\\\/de\\\/?s={search_term_string}\"},\"query-input\":{\"@type\":\"PropertyValueSpecification\",\"valueRequired\":true,\"valueName\":\"search_term_string\"}}],\"inLanguage\":\"de\"},{\"@type\":\"Organization\",\"@id\":\"https:\\\/\\\/mcaseed.com\\\/de\\\/#organization\",\"name\":\"MCA Seed-Academy\",\"url\":\"https:\\\/\\\/mcaseed.com\\\/de\\\/\",\"logo\":{\"@type\":\"ImageObject\",\"inLanguage\":\"de\",\"@id\":\"https:\\\/\\\/mcaseed.com\\\/de\\\/#\\\/schema\\\/logo\\\/image\\\/\",\"url\":\"https:\\\/\\\/mcaseed.com\\\/wp-content\\\/uploads\\\/2020\\\/07\\\/Miniature.png\",\"contentUrl\":\"https:\\\/\\\/mcaseed.com\\\/wp-content\\\/uploads\\\/2020\\\/07\\\/Miniature.png\",\"width\":512,\"height\":512,\"caption\":\"MCA Seed-Academy\"},\"image\":{\"@id\":\"https:\\\/\\\/mcaseed.com\\\/de\\\/#\\\/schema\\\/logo\\\/image\\\/\"},\"sameAs\":[\"https:\\\/\\\/www.facebook.com\\\/mcaconcept\\\/\",\"https:\\\/\\\/x.com\\\/McaConcept\",\"https:\\\/\\\/www.instagram.com\\\/mcaconcept\\\/\",\"https:\\\/\\\/ch.linkedin.com\\\/company\\\/mca-concept\",\"https:\\\/\\\/www.youtube.com\\\/channel\\\/UC1WT0RmNiTycrnzr6FqDuPg\"]}]}<\/script>\n<!-- \/ Yoast SEO plugin. -->","yoast_head_json":{"title":"Was ist Digitalisierung | MCA Seed-Academy | Schweiz","description":"Erfahren Sie mehr \u00fcber unsere Vision der Digitalisierung, einem Prozess, der unumg\u00e4nglich geworden ist, um von den neuen Technologien f\u00fcr die Verwaltung zu profitieren.","robots":{"index":"index","follow":"follow","max-snippet":"max-snippet:-1","max-image-preview":"max-image-preview:large","max-video-preview":"max-video-preview:-1"},"canonical":"https:\/\/mcaseed.com\/de\/die-digitalisierung\/","og_locale":"de_DE","og_type":"article","og_title":"Was ist Digitalisierung | MCA Seed-Academy | Schweiz","og_description":"Erfahren Sie mehr \u00fcber unsere Vision der Digitalisierung, einem Prozess, der unumg\u00e4nglich geworden ist, um von den neuen Technologien f\u00fcr die Verwaltung zu profitieren.","og_url":"https:\/\/mcaseed.com\/de\/die-digitalisierung\/","og_site_name":"mcaseed.com","article_publisher":"https:\/\/www.facebook.com\/mcaconcept\/","article_modified_time":"2026-03-30T09:36:18+00:00","twitter_card":"summary_large_image","twitter_site":"@McaConcept","schema":{"@context":"https:\/\/schema.org","@graph":[{"@type":"WebPage","@id":"https:\/\/mcaseed.com\/de\/die-digitalisierung\/","url":"https:\/\/mcaseed.com\/de\/die-digitalisierung\/","name":"Was ist Digitalisierung | MCA Seed-Academy | Schweiz","isPartOf":{"@id":"https:\/\/mcaseed.com\/de\/#website"},"datePublished":"2022-08-11T07:12:35+00:00","dateModified":"2026-03-30T09:36:18+00:00","description":"Erfahren Sie mehr \u00fcber unsere Vision der Digitalisierung, einem Prozess, der unumg\u00e4nglich geworden ist, um von den neuen Technologien f\u00fcr die Verwaltung zu profitieren.","breadcrumb":{"@id":"https:\/\/mcaseed.com\/de\/die-digitalisierung\/#breadcrumb"},"inLanguage":"de","potentialAction":[{"@type":"ReadAction","target":["https:\/\/mcaseed.com\/de\/die-digitalisierung\/"]}]},{"@type":"BreadcrumbList","@id":"https:\/\/mcaseed.com\/de\/die-digitalisierung\/#breadcrumb","itemListElement":[{"@type":"ListItem","position":1,"name":"Accueil","item":"https:\/\/mcaseed.com\/de\/"},{"@type":"ListItem","position":2,"name":"Digitalisierungn"}]},{"@type":"WebSite","@id":"https:\/\/mcaseed.com\/de\/#website","url":"https:\/\/mcaseed.com\/de\/","name":"mcaseed.com","description":"MCA Seed-Academy, nouvelle vision du num\u00e9rique !","publisher":{"@id":"https:\/\/mcaseed.com\/de\/#organization"},"potentialAction":[{"@type":"SearchAction","target":{"@type":"EntryPoint","urlTemplate":"https:\/\/mcaseed.com\/de\/?s={search_term_string}"},"query-input":{"@type":"PropertyValueSpecification","valueRequired":true,"valueName":"search_term_string"}}],"inLanguage":"de"},{"@type":"Organization","@id":"https:\/\/mcaseed.com\/de\/#organization","name":"MCA Seed-Academy","url":"https:\/\/mcaseed.com\/de\/","logo":{"@type":"ImageObject","inLanguage":"de","@id":"https:\/\/mcaseed.com\/de\/#\/schema\/logo\/image\/","url":"https:\/\/mcaseed.com\/wp-content\/uploads\/2020\/07\/Miniature.png","contentUrl":"https:\/\/mcaseed.com\/wp-content\/uploads\/2020\/07\/Miniature.png","width":512,"height":512,"caption":"MCA Seed-Academy"},"image":{"@id":"https:\/\/mcaseed.com\/de\/#\/schema\/logo\/image\/"},"sameAs":["https:\/\/www.facebook.com\/mcaconcept\/","https:\/\/x.com\/McaConcept","https:\/\/www.instagram.com\/mcaconcept\/","https:\/\/ch.linkedin.com\/company\/mca-concept","https:\/\/www.youtube.com\/channel\/UC1WT0RmNiTycrnzr6FqDuPg"]}]}},"_links":{"self":[{"href":"https:\/\/mcaseed.com\/de\/wp-json\/wp\/v2\/pages\/33326","targetHints":{"allow":["GET"]}}],"collection":[{"href":"https:\/\/mcaseed.com\/de\/wp-json\/wp\/v2\/pages"}],"about":[{"href":"https:\/\/mcaseed.com\/de\/wp-json\/wp\/v2\/types\/page"}],"author":[{"embeddable":true,"href":"https:\/\/mcaseed.com\/de\/wp-json\/wp\/v2\/users\/1"}],"replies":[{"embeddable":true,"href":"https:\/\/mcaseed.com\/de\/wp-json\/wp\/v2\/comments?post=33326"}],"version-history":[{"count":8,"href":"https:\/\/mcaseed.com\/de\/wp-json\/wp\/v2\/pages\/33326\/revisions"}],"predecessor-version":[{"id":37401,"href":"https:\/\/mcaseed.com\/de\/wp-json\/wp\/v2\/pages\/33326\/revisions\/37401"}],"wp:attachment":[{"href":"https:\/\/mcaseed.com\/de\/wp-json\/wp\/v2\/media?parent=33326"}],"curies":[{"name":"wp","href":"https:\/\/api.w.org\/{rel}","templated":true}]}}