{"id":35946,"date":"2022-09-15T11:25:33","date_gmt":"2022-09-15T09:25:33","guid":{"rendered":"https:\/\/mcaseed.com\/ausbildungsstufe-2\/"},"modified":"2026-03-30T11:36:44","modified_gmt":"2026-03-30T09:36:44","slug":"ausbildungsstufe-2","status":"publish","type":"page","link":"https:\/\/mcaseed.com\/de\/ausbildungsstufe-2\/","title":{"rendered":"Training v2 \u2013 Software \u2013 Speicher"},"content":{"rendered":"\n<div class=\"et_pb_section_0 et_pb_section et_section_regular et_block_section\"><div class=\"et_pb_row_0 et_pb_row et_block_row\"><div class=\"et_pb_column_0 et_pb_column et_pb_column_4_4 et-last-child et_block_column et_pb_css_mix_blend_mode_passthrough\"><div class=\"et_pb_cta_0 et_pb_promo et_pb_bg_layout_dark et_pb_module et_block_module\"><div class=\"et_pb_promo_description\"><h2 class=\"et_pb_module_header\">Ausbildung<\/h2><div class=\"et_pb_promo_content\"><p>Level 2<\/p>\n<\/div><\/div><\/div><\/div><\/div><\/div><div class=\"et_pb_section_1 et_pb_section et_section_regular et_block_section\"><div class=\"et_pb_row_1 et_pb_row et_block_row\"><div class=\"et_pb_column_1 et_pb_column et_pb_column_4_4 et-last-child et_block_column et_pb_css_mix_blend_mode_passthrough\"><div class=\"et_pb_text_0 et_pb_text et_pb_bg_layout_light et_pb_module et_block_module et_pb_text_align_center\"><div class=\"et_pb_text_inner\"><p>Die auf dieser Seite vorgestellten Ausbildungen richten sich an alle Personen, die einen ersten Schritt in die digitale Welt machen m\u00f6chten.<\/p>\n<p>\u00dcbernahme einer IT-Infrastruktur, Verwaltung eines Domainnamens f\u00fcr das eigene Unternehmen, Speicherung von Daten in der Cloud... MCA Seed-Academy bieten verschiedene Schulungen an, die sowohl im Privatleben als auch im Berufsleben anwendbar sind.<\/p>\n<\/div><\/div><\/div><\/div><\/div><div class=\"et_pb_section_2 et_pb_section et_section_regular et_block_section\"><div class=\"et_pb_row_2 et_pb_row et_block_row\"><div class=\"et_pb_column_2 et_pb_column et_pb_column_1_3 et_block_column et_pb_css_mix_blend_mode_passthrough\"><div class=\"et_pb_blurb_0 et_pb_blurb et_pb_bg_layout_light et_pb_blurb_position_top et_clickable et_pb_module et_block_module capsule\"><div class=\"et_pb_blurb_content\"><div class=\"et_pb_main_blurb_image\"><a href=\"https:\/\/mcaseed.com\/formation-niveau1\/\"><span class=\"et_pb_image_wrap et_pb_only_image_mode_wrap\"><img decoding=\"async\" src=\"https:\/\/mcaseed.com\/wp-content\/uploads\/2022\/06\/icone_capsule_fonctionnalites.png\" width=\"87\" height=\"87\" srcset=\"https:\/\/mcaseed.com\/wp-content\/uploads\/2022\/06\/icone_capsule_fonctionnalites.png 87w\" sizes=\"(max-width: 87px) 100vw, 87px\" class=\"wp-image-32054\" alt=\"Funktionssymbol\" \/><\/span><\/a><\/div><div class=\"et_pb_blurb_container\"><h4 class=\"et_pb_module_header\"><a href=\"https:\/\/mcaseed.com\/formation-niveau1\/\">Level 1<\/a><\/h4><div class=\"et_pb_blurb_description\"><p>Infrastruktur<br \/>Web<br \/>E-Mail-Box<br \/>Domainname<\/p>\n<p><img decoding=\"async\" class=\"points_capsule\" src=\"https:\/\/mcaseed.com\/wp-content\/uploads\/2022\/06\/icone_more_fonctionnalites.png\" alt=\"product_points\"><\/p>\n<\/div><\/div><\/div><\/div><\/div><div class=\"et_pb_column_3 et_pb_column et_pb_column_1_3 et_block_column et_pb_css_mix_blend_mode_passthrough\"><div class=\"et_pb_blurb_1 et_pb_blurb et_pb_bg_layout_light et_pb_blurb_position_top et_pb_module et_block_module capsule\"><div class=\"et_pb_blurb_content\"><div class=\"et_pb_main_blurb_image\"><span class=\"et_pb_image_wrap et_pb_only_image_mode_wrap\"><img decoding=\"async\" src=\"https:\/\/mcaseed.com\/wp-content\/uploads\/2022\/06\/icone_capsule_fonctionnalites.png\" width=\"87\" height=\"87\" srcset=\"https:\/\/mcaseed.com\/wp-content\/uploads\/2022\/06\/icone_capsule_fonctionnalites.png 87w\" sizes=\"(max-width: 87px) 100vw, 87px\" class=\"wp-image-32054\" alt=\"Funktionssymbol\" \/><\/span><\/div><div class=\"et_pb_blurb_container\"><h4 class=\"et_pb_module_header\">Level 2<\/h4><div class=\"et_pb_blurb_description\"><p><a href=\"#Software\">Software<\/a><br \/><a href=\"#Stockage\">Speicherung<\/a><\/p>\n<p><img decoding=\"async\" class=\"points_capsule\" src=\"https:\/\/mcaseed.com\/wp-content\/uploads\/2022\/06\/icone_more_fonctionnalites.png\" alt=\"product_points\"><\/p>\n<\/div><\/div><\/div><\/div><\/div><div class=\"et_pb_column_4 et_pb_column et_pb_column_1_3 et-last-child et_block_column et_pb_css_mix_blend_mode_passthrough\"><div class=\"et_pb_blurb_2 et_pb_blurb et_pb_bg_layout_light et_pb_blurb_position_top et_clickable et_pb_module et_block_module capsule\"><div class=\"et_pb_blurb_content\"><div class=\"et_pb_main_blurb_image\"><a href=\"https:\/\/mcaseed.com\/formation-niveau3\/\"><span class=\"et_pb_image_wrap et_pb_only_image_mode_wrap\"><img decoding=\"async\" src=\"https:\/\/mcaseed.com\/wp-content\/uploads\/2022\/06\/icone_capsule_fonctionnalites.png\" width=\"87\" height=\"87\" srcset=\"https:\/\/mcaseed.com\/wp-content\/uploads\/2022\/06\/icone_capsule_fonctionnalites.png 87w\" sizes=\"(max-width: 87px) 100vw, 87px\" class=\"wp-image-32054\" alt=\"Funktionssymbol\" \/><\/span><\/a><\/div><div class=\"et_pb_blurb_container\"><h4 class=\"et_pb_module_header\"><a href=\"https:\/\/mcaseed.com\/formation-niveau3\/\">Level 3<\/a><\/h4><div class=\"et_pb_blurb_description\"><p>Verwaltung<br \/>Buchhaltung<br \/>Zahlungen<br \/>HR<br \/>Planung \/ Planifizierung<\/p>\n<p><img decoding=\"async\" class=\"points_capsule\" src=\"https:\/\/mcaseed.com\/wp-content\/uploads\/2022\/06\/icone_more_fonctionnalites.png\" alt=\"product_points\"><\/p>\n<\/div><\/div><\/div><\/div><\/div><\/div><\/div><div class=\"et_pb_section_3 et_pb_section et_section_regular et_block_section\"><div class=\"et_pb_row_3 et_pb_row et_block_row\"><div class=\"et_pb_column_5 et_pb_column et_pb_column_4_4 et-last-child et_block_column et_pb_css_mix_blend_mode_passthrough\"><div class=\"et_pb_module et_pb_button_module_wrapper et_pb_button_0_wrapper\"><a class=\"et_pb_button_0 et_pb_button et_pb_bg_layout_light et_pb_module et_block_module\" href=\"#form\" data-icon=\"C\">SCHULUNG ANFORDERN<\/a><\/div><\/div><\/div><\/div><div class=\"et_pb_section_4 et_pb_section et_section_regular et_block_section\" id=\"Software\"><div class=\"et_pb_row_4 et_pb_row et_block_row\"><div class=\"et_pb_column_6 et_pb_column et_pb_column_1_2 et_block_column et_pb_css_mix_blend_mode_passthrough\"><div class=\"et_pb_text_1 et_pb_text et_pb_bg_layout_light et_pb_module et_block_module\"><div class=\"et_pb_text_inner\"><h3>Software<\/h3>\n<\/div><\/div><div class=\"et_pb_divider_0 et_pb_divider et_pb_space et_pb_divider_position_top et_pb_module\"><div class=\"et_pb_divider_internal\"><\/div><\/div><div class=\"et_pb_text_2 et_pb_text et_pb_bg_layout_light et_pb_module et_block_module\"><div class=\"et_pb_text_inner\"><h4><strong>Office 365 - ein Cloud-Konto einrichten<\/strong><\/h4>\n<ul>\n<li>Word<\/li>\n<li>Excel<\/li>\n<li>PowerPoint<\/li>\n<li>Outlook<\/li>\n<li>OneNote<\/li>\n<\/ul>\n<\/div><\/div><div class=\"et_pb_text_3 et_pb_text et_pb_bg_layout_light et_pb_module et_block_module\"><div class=\"et_pb_text_inner\"><h4><strong>Organisieren Sie Videokonferenzen<\/strong><\/h4>\n<ul>\n<li>Teams<\/li>\n<li>Zoom<\/li>\n<li>Google Meet<\/li>\n<\/ul>\n<\/div><\/div><div class=\"et_pb_text_4 et_pb_text et_pb_bg_layout_light et_pb_module et_block_module\"><div class=\"et_pb_text_inner\"><h4><strong>Adobe Suite - Designs erstellen<\/strong><\/h4>\n<ul>\n<li>Photoshop<\/li>\n<li>Illustrator<\/li>\n<li>InDesign<\/li>\n<\/ul>\n<\/div><\/div><div class=\"et_pb_text_5 et_pb_text et_pb_bg_layout_light et_pb_module et_block_module\"><div class=\"et_pb_text_inner\"><h4><strong>Ihr Unternehmen verwalten<\/strong><\/h4>\n<ul>\n<li>MCA Kale<\/li>\n<\/ul>\n<\/div><\/div><\/div><div class=\"et_pb_column_7 et_pb_column et_pb_column_1_2 et-last-child et_block_column et_pb_css_mix_blend_mode_passthrough\"><div class=\"et_pb_text_6 et_pb_text et_pb_bg_layout_light et_pb_module et_block_module\"><div class=\"et_pb_text_inner\"><h4><strong>Beschreibung<\/strong><\/h4>\n<p>Es gibt Myriaden von Softwareprogrammen, die dazu gedacht sind, unser t\u00e4gliches Leben zu verbessern, sowohl im Privat- als auch im Berufsleben.<\/p>\n<p>Ob B\u00fcroarbeit, Grafikdesign oder Unternehmensf\u00fchrung - lernen Sie, verschiedene Werkzeuge nach Ihren Bed\u00fcrfnissen zu beherrschen.<\/p>\n<\/div><\/div><div class=\"et_pb_text_7 et_pb_text et_pb_bg_layout_light et_pb_module et_block_module\"><div class=\"et_pb_text_inner\"><h4><strong>Beschreibung<\/strong><\/h4>\n<p>ERP, CRM, CMS, Planungsmanagement, Personalmanagement... MCA Kale, eine Managementl\u00f6sung, vereint eine Softwarefamilie zur Verwaltung der Aktivit\u00e4ten eines Unternehmens.<\/p>\n<p>Diese Schulung hilft Ihnen, mit MCA Kale zu beginnen, zu verstehen, wie es funktioniert, und seine verschiedenen Prozesse zu beherrschen.<\/p>\n<\/div><\/div><\/div><\/div><div class=\"et_pb_row_5 et_pb_row et_block_row\"><div class=\"et_pb_column_8 et_pb_column et_pb_column_4_4 et-last-child et_block_column et_pb_css_mix_blend_mode_passthrough\"><div class=\"et_pb_divider_1 et_pb_divider et_pb_space et_pb_divider_position_bottom et_pb_module\"><div class=\"et_pb_divider_internal\"><\/div><\/div><\/div><\/div><\/div><div class=\"et_pb_section_5 et_pb_section et_section_regular et_block_section\" id=\"Speicherung\"><div class=\"et_pb_row_6 et_pb_row et_block_row\"><div class=\"et_pb_column_9 et_pb_column et_pb_column_1_2 et_block_column et_pb_css_mix_blend_mode_passthrough\"><div class=\"et_pb_text_8 et_pb_text et_pb_bg_layout_light et_pb_module et_block_module\"><div class=\"et_pb_text_inner\"><h3>Speicherung<\/h3>\n<\/div><\/div><div class=\"et_pb_divider_2 et_pb_divider et_pb_space et_pb_divider_position_top et_pb_module\"><div class=\"et_pb_divider_internal\"><\/div><\/div><div class=\"et_pb_text_9 et_pb_text et_pb_bg_layout_light et_pb_module et_block_module\"><div class=\"et_pb_text_inner\"><h4><strong>Wie man die Aufbewahrung von Dokumenten verwaltet<\/strong><\/h4>\n<ul>\n<li>Dokumente in der Cloud speichern<\/li>\n<li>OneDrive<\/li>\n<\/ul>\n<\/div><\/div><div class=\"et_pb_text_10 et_pb_text et_pb_bg_layout_light et_pb_module et_block_module\"><div class=\"et_pb_text_inner\"><h4><strong>Wie man mit Passw\u00f6rtern umgeht<\/strong><\/h4>\n<ul>\n<li>Speichern und Verschl\u00fcsseln von Passw\u00f6rtern<\/li>\n<\/ul>\n<\/div><\/div><\/div><div class=\"et_pb_column_10 et_pb_column et_pb_column_1_2 et-last-child et_block_column et_pb_css_mix_blend_mode_passthrough\"><div class=\"et_pb_text_11 et_pb_text et_pb_bg_layout_light et_pb_module et_block_module\"><div class=\"et_pb_text_inner\"><h4><strong>Beschreibung<\/strong><\/h4>\n<p>Wenn Sie t\u00e4glich eine gro\u00dfe Menge an Dokumenten zu verwalten haben, kann ein Online-Speicher sehr hilfreich sein, um Ihre Dateien zu bewahren, sie zu bearbeiten oder sie einfach weiterzugeben.<\/p>\n<p>Auch bei Passw\u00f6rtern ist es wahrscheinlich, dass Sie in Ihrem Gesch\u00e4fts- oder Privatleben viele Passw\u00f6rter verwalten m\u00fcssen, z. B. f\u00fcr E-Mail-Adressen oder Konten, die mit a Online-Diensten verkn\u00fcpft sind.<\/p>\n<p>In diesen Schulungen erfahren Sie, wie Sie Ihre Dokumente online speichern und dabei die Kontrolle \u00fcber deren Erstellung, Bearbeitung, Freigabe oder L\u00f6schung behalten, und Sie lernen, wie Sie alle Ihre Passw\u00f6rter sicher verwalten k\u00f6nnen.<\/p>\n<\/div><\/div><\/div><\/div><\/div><div class=\"et_pb_section_6 et_pb_section et_section_regular et_block_section\" id=\"form\"><div class=\"et_pb_row_7 et_pb_row et_pb_gutters1 et_block_row\"><div class=\"et_pb_column_11 et_pb_column et_pb_column_4_4 et-last-child et_block_column et_pb_css_mix_blend_mode_passthrough\"><div class=\"et_pb_text_12 et_pb_text et_pb_bg_layout_light et_animated et_pb_module et_block_module\"><div class=\"et_pb_text_inner\"><h2>Eine Ausbildung beantragen<\/h2>\n<h3>Ein Experte wird sich so bald wie m\u00f6glich mit Ihnen in Verbindung setzen<\/h3>\n<\/div><\/div><div class=\"et_pb_contact_form_0 et_pb_contact_form_container clearfix et_pb_module et_flex_module\" data-form_unique_num=\"0\" data-form_unique_id=\"a0503bbf-b681-47bb-b2b8-4fd6f3e8f4f8\" id=\"et_pb_contact_form_a0503bbf-b681-47bb-b2b8-4fd6f3e8f4f8\"><div class=\"et-pb-contact-message\"><\/div><div class=\"et_pb_contact\"><form class=\"et_pb_contact_form et_flex_module\" method=\"post\" action=\"https:\/\/mcaseed.com\/de\/wp-json\/wp\/v2\/pages\/35946\"><div class=\"et_pb_contact_field_0 et_pb_contact_field et_pb_module et_flex_module et_flex_column_12_24 et_flex_column_12_24_tablet et_flex_column_12_24_phone et_flex_column_12_24_ultraWide\" data-id=\"first\" data-type=\"input\"><label class=\"et_pb_contact_form_label\" for=\"et_pb_contact_0_first_0\">Name<\/label><input type=\"text\" name=\"et_pb_contact_0_first_0\" id=\"et_pb_contact_0_first_0\" class=\"input\" data-required_mark=\"required\" data-field_type=\"input\" data-original_id=\"first\" placeholder=\"Name\" title=\"\" value=\"\" \/><\/div><div class=\"et_pb_contact_field_1 et_pb_contact_field et_pb_module et_flex_module et_flex_column_12_24 et_flex_column_12_24_tablet et_flex_column_12_24_phone et_flex_column_12_24_ultraWide\" data-id=\"last\" data-type=\"input\"><label class=\"et_pb_contact_form_label\" for=\"et_pb_contact_0_last_1\">Vorname<\/label><input type=\"text\" name=\"et_pb_contact_0_last_1\" id=\"et_pb_contact_0_last_1\" class=\"input\" data-required_mark=\"required\" data-field_type=\"input\" data-original_id=\"last\" placeholder=\"Vorname\" title=\"\" value=\"\" \/><\/div><div class=\"et_pb_contact_field_2 et_pb_contact_field et_pb_module et_flex_module et_flex_column_12_24 et_flex_column_12_24_tablet et_flex_column_12_24_phone et_flex_column_12_24_ultraWide\" data-id=\"email\" data-type=\"email\"><label class=\"et_pb_contact_form_label\" for=\"et_pb_contact_0_email_2\">Email-Adresse<\/label><input type=\"text\" name=\"et_pb_contact_0_email_2\" id=\"et_pb_contact_0_email_2\" class=\"input\" data-required_mark=\"required\" data-field_type=\"email\" data-original_id=\"email\" placeholder=\"Email-Adresse\" title=\"\" value=\"\" \/><\/div><div class=\"et_pb_contact_field_3 et_pb_contact_field et_pb_module et_flex_module et_flex_column_24_24 et_flex_column_24_24_tablet et_flex_column_24_24_phone et_flex_column_24_24_ultraWide\" data-id=\"message\" data-type=\"text\"><label class=\"et_pb_contact_form_label\" for=\"et_pb_contact_0_message_3\">Titel der Schulung, an der Sie interessiert sind, und Anzahl der Teilnehmer<\/label><textarea name=\"et_pb_contact_0_message_3\" id=\"et_pb_contact_0_message_3\" class=\"et_pb_contact_message input\" data-required_mark=\"required\" data-field_type=\"text\" data-original_id=\"message\" placeholder=\"Titel der Schulung, an der Sie interessiert sind, und Anzahl der Teilnehmer\"><\/textarea><\/div><div class=\"et_pb_contact_field_4 et_pb_contact_field et_pb_module et_flex_module et_flex_column_24_24 et_flex_column_24_24_tablet et_flex_column_24_24_phone et_flex_column_24_24_ultraWide\" data-id=\"politiqueconfi\" data-type=\"checkbox\"><label class=\"et_pb_contact_form_label\"> <\/label><input type=\"hidden\" name=\"et_pb_contact_0_politiqueconfi_4\" class=\"et_pb_checkbox_handle\" data-required_mark=\"required\" data-field_type=\"checkbox\" data-original_id=\"politiqueconfi\" \/><span class=\"et_pb_contact_field_options_wrapper\"><span class=\"et_pb_contact_field_options_title\"> <\/span><span class=\"et_pb_contact_field_options_list\"><span class=\"et_pb_contact_field_checkbox\"><input type=\"checkbox\" id=\"et_pb_contact_0_politiqueconfi_4_0\" class=\"input\" value=\"Ich habe die \" data-required_mark=\"required\" data-field_type=\"checkbox\" data-original_id=\"politiqueconfi\" \/><label for=\"et_pb_contact_0_politiqueconfi_4_0\"><i><\/i>Ich habe die  <a target=\"_blank\" href=\"https:\/\/mcaseed.com\/politique-de-confidentialite\/\">Datenschutzbestimmungen gelesen und akzeptiere sie.<\/a><\/label><\/span><\/span><\/span><\/div><input type=\"hidden\" name=\"et_pb_contactform_submit_a0503bbf-b681-47bb-b2b8-4fd6f3e8f4f8\" value=\"et_contact_proccess\" \/><div class=\"et_contact_bottom_container\"><div class=\"et_pb_contact_right et_pb_contact_field\"><p class=\"clearfix\"><label><span class=\"et_pb_contact_captcha_question\">7 + 1<\/span> = <input type=\"text\" size=\"2\" class=\"input et_pb_contact_captcha\" data-first_digit=\"7\" data-second_digit=\"1\" data-required_mark=\"required\" name=\"et_pb_contact_captcha_a0503bbf-b681-47bb-b2b8-4fd6f3e8f4f8\" autocomplete=\"off\" \/><\/label><\/p><\/div><div class=\"et_pb_button_wrapper\"><button type=\"submit\" name=\"et_builder_submit_button\" class=\"et_pb_button et_pb_contact_submit\">SENDEN<\/button><\/div><\/div><input type=\"hidden\" id=\"_wpnonce-et-pb-contact-form-submitted-a0503bbf-b681-47bb-b2b8-4fd6f3e8f4f8\" name=\"_wpnonce-et-pb-contact-form-submitted-a0503bbf-b681-47bb-b2b8-4fd6f3e8f4f8\" value=\"b86236294e\" \/><input type=\"hidden\" name=\"_wp_http_referer\" value=\"\/de\/wp-json\/wp\/v2\/pages\/35946\" \/><\/form><\/div><\/div><\/div><\/div><\/div>\n","protected":false},"excerpt":{"rendered":"","protected":false},"author":1,"featured_media":0,"parent":0,"menu_order":0,"comment_status":"closed","ping_status":"closed","template":"","meta":{"footnotes":""},"class_list":["post-35946","page","type-page","status-publish","hentry"],"yoast_head":"<!-- This site is optimized with the Yoast SEO plugin v27.4 - https:\/\/yoast.com\/product\/yoast-seo-wordpress\/ -->\n<title>Stufe 2-Ausbildung | MCA Seed Academy | Schweiz<\/title>\n<meta name=\"description\" content=\"Entdecken Sie verschiedene Schulungen zum Einstieg in verschiedene Software und die Speicherung Ihrer Daten und Passw\u00f6rter!\" \/>\n<meta name=\"robots\" content=\"index, follow, max-snippet:-1, max-image-preview:large, max-video-preview:-1\" \/>\n<link rel=\"canonical\" href=\"https:\/\/mcaseed.com\/de\/ausbildungsstufe-2\/\" \/>\n<meta property=\"og:locale\" content=\"de_DE\" \/>\n<meta property=\"og:type\" content=\"article\" \/>\n<meta property=\"og:title\" content=\"Stufe 2-Ausbildung | MCA Seed Academy | Schweiz\" \/>\n<meta property=\"og:description\" content=\"Entdecken Sie verschiedene Schulungen zum Einstieg in verschiedene Software und die Speicherung Ihrer Daten und Passw\u00f6rter!\" \/>\n<meta property=\"og:url\" content=\"https:\/\/mcaseed.com\/de\/ausbildungsstufe-2\/\" \/>\n<meta property=\"og:site_name\" content=\"mcaseed.com\" \/>\n<meta property=\"article:publisher\" content=\"https:\/\/www.facebook.com\/mcaconcept\/\" \/>\n<meta property=\"article:modified_time\" content=\"2026-03-30T09:36:44+00:00\" \/>\n<meta name=\"twitter:card\" content=\"summary_large_image\" \/>\n<meta name=\"twitter:site\" content=\"@McaConcept\" \/>\n<script type=\"application\/ld+json\" class=\"yoast-schema-graph\">{\"@context\":\"https:\\\/\\\/schema.org\",\"@graph\":[{\"@type\":\"WebPage\",\"@id\":\"https:\\\/\\\/mcaseed.com\\\/de\\\/ausbildungsstufe-2\\\/\",\"url\":\"https:\\\/\\\/mcaseed.com\\\/de\\\/ausbildungsstufe-2\\\/\",\"name\":\"Stufe 2-Ausbildung | MCA Seed Academy | Schweiz\",\"isPartOf\":{\"@id\":\"https:\\\/\\\/mcaseed.com\\\/de\\\/#website\"},\"datePublished\":\"2022-09-15T09:25:33+00:00\",\"dateModified\":\"2026-03-30T09:36:44+00:00\",\"description\":\"Entdecken Sie verschiedene Schulungen zum Einstieg in verschiedene Software und die Speicherung Ihrer Daten und Passw\u00f6rter!\",\"breadcrumb\":{\"@id\":\"https:\\\/\\\/mcaseed.com\\\/de\\\/ausbildungsstufe-2\\\/#breadcrumb\"},\"inLanguage\":\"de\",\"potentialAction\":[{\"@type\":\"ReadAction\",\"target\":[\"https:\\\/\\\/mcaseed.com\\\/de\\\/ausbildungsstufe-2\\\/\"]}]},{\"@type\":\"BreadcrumbList\",\"@id\":\"https:\\\/\\\/mcaseed.com\\\/de\\\/ausbildungsstufe-2\\\/#breadcrumb\",\"itemListElement\":[{\"@type\":\"ListItem\",\"position\":1,\"name\":\"Accueil\",\"item\":\"https:\\\/\\\/mcaseed.com\\\/de\\\/\"},{\"@type\":\"ListItem\",\"position\":2,\"name\":\"Training v2 \u2013 Software \u2013 Speicher\"}]},{\"@type\":\"WebSite\",\"@id\":\"https:\\\/\\\/mcaseed.com\\\/de\\\/#website\",\"url\":\"https:\\\/\\\/mcaseed.com\\\/de\\\/\",\"name\":\"mcaseed.com\",\"description\":\"MCA Seed-Academy, nouvelle vision du num\u00e9rique !\",\"publisher\":{\"@id\":\"https:\\\/\\\/mcaseed.com\\\/de\\\/#organization\"},\"potentialAction\":[{\"@type\":\"SearchAction\",\"target\":{\"@type\":\"EntryPoint\",\"urlTemplate\":\"https:\\\/\\\/mcaseed.com\\\/de\\\/?s={search_term_string}\"},\"query-input\":{\"@type\":\"PropertyValueSpecification\",\"valueRequired\":true,\"valueName\":\"search_term_string\"}}],\"inLanguage\":\"de\"},{\"@type\":\"Organization\",\"@id\":\"https:\\\/\\\/mcaseed.com\\\/de\\\/#organization\",\"name\":\"MCA Seed-Academy\",\"url\":\"https:\\\/\\\/mcaseed.com\\\/de\\\/\",\"logo\":{\"@type\":\"ImageObject\",\"inLanguage\":\"de\",\"@id\":\"https:\\\/\\\/mcaseed.com\\\/de\\\/#\\\/schema\\\/logo\\\/image\\\/\",\"url\":\"https:\\\/\\\/mcaseed.com\\\/wp-content\\\/uploads\\\/2020\\\/07\\\/Miniature.png\",\"contentUrl\":\"https:\\\/\\\/mcaseed.com\\\/wp-content\\\/uploads\\\/2020\\\/07\\\/Miniature.png\",\"width\":512,\"height\":512,\"caption\":\"MCA Seed-Academy\"},\"image\":{\"@id\":\"https:\\\/\\\/mcaseed.com\\\/de\\\/#\\\/schema\\\/logo\\\/image\\\/\"},\"sameAs\":[\"https:\\\/\\\/www.facebook.com\\\/mcaconcept\\\/\",\"https:\\\/\\\/x.com\\\/McaConcept\",\"https:\\\/\\\/www.instagram.com\\\/mcaconcept\\\/\",\"https:\\\/\\\/ch.linkedin.com\\\/company\\\/mca-concept\",\"https:\\\/\\\/www.youtube.com\\\/channel\\\/UC1WT0RmNiTycrnzr6FqDuPg\"]}]}<\/script>\n<!-- \/ Yoast SEO plugin. -->","yoast_head_json":{"title":"Stufe 2-Ausbildung | MCA Seed Academy | Schweiz","description":"Entdecken Sie verschiedene Schulungen zum Einstieg in verschiedene Software und die Speicherung Ihrer Daten und Passw\u00f6rter!","robots":{"index":"index","follow":"follow","max-snippet":"max-snippet:-1","max-image-preview":"max-image-preview:large","max-video-preview":"max-video-preview:-1"},"canonical":"https:\/\/mcaseed.com\/de\/ausbildungsstufe-2\/","og_locale":"de_DE","og_type":"article","og_title":"Stufe 2-Ausbildung | MCA Seed Academy | Schweiz","og_description":"Entdecken Sie verschiedene Schulungen zum Einstieg in verschiedene Software und die Speicherung Ihrer Daten und Passw\u00f6rter!","og_url":"https:\/\/mcaseed.com\/de\/ausbildungsstufe-2\/","og_site_name":"mcaseed.com","article_publisher":"https:\/\/www.facebook.com\/mcaconcept\/","article_modified_time":"2026-03-30T09:36:44+00:00","twitter_card":"summary_large_image","twitter_site":"@McaConcept","schema":{"@context":"https:\/\/schema.org","@graph":[{"@type":"WebPage","@id":"https:\/\/mcaseed.com\/de\/ausbildungsstufe-2\/","url":"https:\/\/mcaseed.com\/de\/ausbildungsstufe-2\/","name":"Stufe 2-Ausbildung | MCA Seed Academy | Schweiz","isPartOf":{"@id":"https:\/\/mcaseed.com\/de\/#website"},"datePublished":"2022-09-15T09:25:33+00:00","dateModified":"2026-03-30T09:36:44+00:00","description":"Entdecken Sie verschiedene Schulungen zum Einstieg in verschiedene Software und die Speicherung Ihrer Daten und Passw\u00f6rter!","breadcrumb":{"@id":"https:\/\/mcaseed.com\/de\/ausbildungsstufe-2\/#breadcrumb"},"inLanguage":"de","potentialAction":[{"@type":"ReadAction","target":["https:\/\/mcaseed.com\/de\/ausbildungsstufe-2\/"]}]},{"@type":"BreadcrumbList","@id":"https:\/\/mcaseed.com\/de\/ausbildungsstufe-2\/#breadcrumb","itemListElement":[{"@type":"ListItem","position":1,"name":"Accueil","item":"https:\/\/mcaseed.com\/de\/"},{"@type":"ListItem","position":2,"name":"Training v2 \u2013 Software \u2013 Speicher"}]},{"@type":"WebSite","@id":"https:\/\/mcaseed.com\/de\/#website","url":"https:\/\/mcaseed.com\/de\/","name":"mcaseed.com","description":"MCA Seed-Academy, nouvelle vision du num\u00e9rique !","publisher":{"@id":"https:\/\/mcaseed.com\/de\/#organization"},"potentialAction":[{"@type":"SearchAction","target":{"@type":"EntryPoint","urlTemplate":"https:\/\/mcaseed.com\/de\/?s={search_term_string}"},"query-input":{"@type":"PropertyValueSpecification","valueRequired":true,"valueName":"search_term_string"}}],"inLanguage":"de"},{"@type":"Organization","@id":"https:\/\/mcaseed.com\/de\/#organization","name":"MCA Seed-Academy","url":"https:\/\/mcaseed.com\/de\/","logo":{"@type":"ImageObject","inLanguage":"de","@id":"https:\/\/mcaseed.com\/de\/#\/schema\/logo\/image\/","url":"https:\/\/mcaseed.com\/wp-content\/uploads\/2020\/07\/Miniature.png","contentUrl":"https:\/\/mcaseed.com\/wp-content\/uploads\/2020\/07\/Miniature.png","width":512,"height":512,"caption":"MCA Seed-Academy"},"image":{"@id":"https:\/\/mcaseed.com\/de\/#\/schema\/logo\/image\/"},"sameAs":["https:\/\/www.facebook.com\/mcaconcept\/","https:\/\/x.com\/McaConcept","https:\/\/www.instagram.com\/mcaconcept\/","https:\/\/ch.linkedin.com\/company\/mca-concept","https:\/\/www.youtube.com\/channel\/UC1WT0RmNiTycrnzr6FqDuPg"]}]}},"_links":{"self":[{"href":"https:\/\/mcaseed.com\/de\/wp-json\/wp\/v2\/pages\/35946","targetHints":{"allow":["GET"]}}],"collection":[{"href":"https:\/\/mcaseed.com\/de\/wp-json\/wp\/v2\/pages"}],"about":[{"href":"https:\/\/mcaseed.com\/de\/wp-json\/wp\/v2\/types\/page"}],"author":[{"embeddable":true,"href":"https:\/\/mcaseed.com\/de\/wp-json\/wp\/v2\/users\/1"}],"replies":[{"embeddable":true,"href":"https:\/\/mcaseed.com\/de\/wp-json\/wp\/v2\/comments?post=35946"}],"version-history":[{"count":3,"href":"https:\/\/mcaseed.com\/de\/wp-json\/wp\/v2\/pages\/35946\/revisions"}],"predecessor-version":[{"id":37421,"href":"https:\/\/mcaseed.com\/de\/wp-json\/wp\/v2\/pages\/35946\/revisions\/37421"}],"wp:attachment":[{"href":"https:\/\/mcaseed.com\/de\/wp-json\/wp\/v2\/media?parent=35946"}],"curies":[{"name":"wp","href":"https:\/\/api.w.org\/{rel}","templated":true}]}}