{"id":35956,"date":"2022-09-15T11:29:37","date_gmt":"2022-09-15T09:29:37","guid":{"rendered":"https:\/\/mcaseed.com\/form-pruefung\/"},"modified":"2026-03-30T11:36:47","modified_gmt":"2026-03-30T09:36:47","slug":"form-pruefung","status":"publish","type":"page","link":"https:\/\/mcaseed.com\/de\/form-pruefung\/","title":{"rendered":"Formular | Pr\u00fcfung"},"content":{"rendered":"\n<div class=\"et_pb_section_0 et_pb_section et_section_regular et_block_section et_animated\"><div class=\"et_pb_row_0 et_pb_row et_block_row\"><div class=\"et_pb_column_0 et_pb_column et_pb_column_4_4 et-last-child et_block_column et_pb_css_mix_blend_mode_passthrough\"><div class=\"et_pb_text_0 et_pb_text et_pb_bg_layout_dark et_pb_module et_block_module et_pb_text_align_center\"><div class=\"et_pb_text_inner\"><h1>Pr\u00fcfung der digitalen Transformation<\/h1>\n<\/div><\/div><div class=\"et_pb_text_1 et_pb_text et_pb_bg_layout_light et_pb_module et_block_module et_pb_text_align_center\"><div class=\"et_pb_text_inner\"><p>M\u00f6chten Sie Ihr Unternehmen diagnostizieren lassen, um eine digitale Transformationsstrategie umzusetzen ?<\/p>\n<p>Erz\u00e4hlen Sie uns von Ihrem Projekt! Unsere Experten k\u00f6nnen Ihre Struktur im Detail analysieren und Ihnen die passenden L\u00f6sungen anbieten.<\/p>\n<\/div><\/div><\/div><\/div><div class=\"et_pb_row_1 et_pb_row et_pb_equal_columns et_pb_gutters1 et_block_row et_animated\"><div class=\"et_pb_column_1 et_pb_column et_pb_column_2_3 et_block_column et_pb_css_mix_blend_mode_passthrough\"><div class=\"et_pb_text_2 et_pb_text et_pb_bg_layout_light et_pb_module et_block_module\"><div class=\"et_pb_text_inner\"><h2>Anfrage<\/h2>\n<\/div><\/div><div class=\"et_pb_contact_form_0 et_pb_contact_form_container clearfix et_pb_module et_flex_module\" data-form_unique_num=\"0\" data-form_unique_id=\"0b94e7b4-2704-4b7e-b7f9-0c58487b52d8\" id=\"et_pb_contact_form_0\"><div class=\"et-pb-contact-message\"><\/div><div class=\"et_pb_contact\"><form class=\"et_pb_contact_form et_flex_module\" method=\"post\" action=\"https:\/\/mcaseed.com\/de\/wp-json\/wp\/v2\/pages\/35956\"><div class=\"et_pb_contact_field_0 et_pb_contact_field et_pb_module et_flex_module et_flex_column_12_24 et_flex_column_12_24_tablet et_flex_column_12_24_phone et_flex_column_12_24_ultraWide\" data-id=\"first\" data-type=\"input\"><label class=\"et_pb_contact_form_label\" for=\"et_pb_contact_0_first_0\">Vorname<\/label><input type=\"text\" name=\"et_pb_contact_0_first_0\" id=\"et_pb_contact_0_first_0\" class=\"input\" data-required_mark=\"required\" data-field_type=\"input\" data-original_id=\"first\" placeholder=\"Vorname\" title=\"\" value=\"\" \/><\/div><div class=\"et_pb_contact_field_1 et_pb_contact_field et_pb_module et_flex_module et_flex_column_12_24 et_flex_column_12_24_tablet et_flex_column_12_24_phone et_flex_column_12_24_ultraWide\" data-id=\"last\" data-type=\"input\"><label class=\"et_pb_contact_form_label\" for=\"et_pb_contact_0_last_1\">Name<\/label><input type=\"text\" name=\"et_pb_contact_0_last_1\" id=\"et_pb_contact_0_last_1\" class=\"input\" data-required_mark=\"required\" data-field_type=\"input\" data-original_id=\"last\" placeholder=\"Name\" title=\"\" value=\"\" \/><\/div><div class=\"et_pb_contact_field_2 et_pb_contact_field et_pb_module et_flex_module et_flex_column_12_24 et_flex_column_12_24_tablet et_flex_column_12_24_phone et_flex_column_12_24_ultraWide\" data-id=\"email\" data-type=\"email\"><label class=\"et_pb_contact_form_label\" for=\"et_pb_contact_0_email_2\">E-Mail-Addresse <\/label><input type=\"text\" name=\"et_pb_contact_0_email_2\" id=\"et_pb_contact_0_email_2\" class=\"input\" data-required_mark=\"required\" data-field_type=\"email\" data-original_id=\"email\" placeholder=\"E-Mail-Addresse \" title=\"\" value=\"\" \/><\/div><div class=\"et_pb_contact_field_3 et_pb_contact_field et_pb_module et_flex_module et_flex_column_12_24 et_flex_column_12_24_tablet et_flex_column_12_24_phone et_flex_column_12_24_ultraWide\" data-id=\"phone\" data-type=\"email\"><label class=\"et_pb_contact_form_label\" for=\"et_pb_contact_0_phone_3\">Telefonnummer<\/label><input type=\"text\" name=\"et_pb_contact_0_phone_3\" id=\"et_pb_contact_0_phone_3\" class=\"input\" data-required_mark=\"required\" data-field_type=\"email\" data-original_id=\"phone\" placeholder=\"Telefonnummer\" title=\"\" value=\"\" \/><\/div><div class=\"et_pb_contact_field_4 et_pb_contact_field et_pb_module et_flex_module et_flex_column_12_24 et_flex_column_12_24_tablet et_flex_column_12_24_phone et_flex_column_12_24_ultraWide\" data-id=\"structure\" data-type=\"checkbox\"><label class=\"et_pb_contact_form_label\">Zu pr\u00fcfender Sektor<\/label><input type=\"hidden\" name=\"et_pb_contact_0_structure_4\" class=\"et_pb_checkbox_handle\" data-required_mark=\"not_required\" data-field_type=\"checkbox\" data-original_id=\"structure\" \/><span class=\"et_pb_contact_field_options_wrapper\"><span class=\"et_pb_contact_field_options_title\">Zu pr\u00fcfender Sektor<\/span><span class=\"et_pb_contact_field_options_list\"><span class=\"et_pb_contact_field_checkbox\"><input type=\"checkbox\" id=\"et_pb_contact_0_structure_4_0\" class=\"input\" value=\"\" data-required_mark=\"not_required\" data-field_type=\"checkbox\" data-original_id=\"structure\" \/><label for=\"et_pb_contact_0_structure_4_0\"><i><\/i><a target=\"_blank\" href=\"https:\/\/mcaseed.com\/formation-structure\/\">Struktur<\/a><\/label><\/span><\/span><\/span><\/div><div class=\"et_pb_contact_field_5 et_pb_contact_field et_pb_module et_flex_module et_flex_column_12_24 et_flex_column_12_24_tablet et_flex_column_12_24_phone et_flex_column_12_24_ultraWide\" data-id=\"comm\" data-type=\"checkbox\"><label class=\"et_pb_contact_form_label\">-<\/label><input type=\"hidden\" name=\"et_pb_contact_0_comm_5\" class=\"et_pb_checkbox_handle\" data-required_mark=\"not_required\" data-field_type=\"checkbox\" data-original_id=\"comm\" \/><span class=\"et_pb_contact_field_options_wrapper\"><span class=\"et_pb_contact_field_options_title\">-<\/span><span class=\"et_pb_contact_field_options_list\"><span class=\"et_pb_contact_field_checkbox\"><input type=\"checkbox\" id=\"et_pb_contact_0_comm_5_0\" class=\"input\" value=\"\" data-required_mark=\"not_required\" data-field_type=\"checkbox\" data-original_id=\"comm\" \/><label for=\"et_pb_contact_0_comm_5_0\"><i><\/i><a target=\"_blank\" href=\"https:\/\/mcaseed.com\/formation-comm\/\">Kommunikation - Akquise<\/a><\/label><\/span><\/span><\/span><\/div><div class=\"et_pb_contact_field_6 et_pb_contact_field et_pb_module et_flex_module et_flex_column_12_24 et_flex_column_12_24_tablet et_flex_column_12_24_phone et_flex_column_12_24_ultraWide\" data-id=\"management\" data-type=\"checkbox\"><label class=\"et_pb_contact_form_label\"> <\/label><input type=\"hidden\" name=\"et_pb_contact_0_management_6\" class=\"et_pb_checkbox_handle\" data-required_mark=\"not_required\" data-field_type=\"checkbox\" data-original_id=\"management\" \/><span class=\"et_pb_contact_field_options_wrapper\"><span class=\"et_pb_contact_field_options_title\"> <\/span><span class=\"et_pb_contact_field_options_list\"><span class=\"et_pb_contact_field_checkbox\"><input type=\"checkbox\" id=\"et_pb_contact_0_management_6_0\" class=\"input\" value=\"\" data-required_mark=\"not_required\" data-field_type=\"checkbox\" data-original_id=\"management\" \/><label for=\"et_pb_contact_0_management_6_0\"><i><\/i><a target=\"_blank\" href=\"https:\/\/mcaseed.com\/formation-projets\/\">Projektmanagement<\/a><\/label><\/span><\/span><\/span><\/div><div class=\"et_pb_contact_field_7 et_pb_contact_field et_pb_module et_flex_module et_flex_column_12_24 et_flex_column_12_24_tablet et_flex_column_12_24_phone et_flex_column_12_24_ultraWide\" data-id=\"planif\" data-type=\"checkbox\"><label class=\"et_pb_contact_form_label\">  <\/label><input type=\"hidden\" name=\"et_pb_contact_0_planif_7\" class=\"et_pb_checkbox_handle\" data-required_mark=\"not_required\" data-field_type=\"checkbox\" data-original_id=\"planif\" \/><span class=\"et_pb_contact_field_options_wrapper\"><span class=\"et_pb_contact_field_options_title\">  <\/span><span class=\"et_pb_contact_field_options_list\"><span class=\"et_pb_contact_field_checkbox\"><input type=\"checkbox\" id=\"et_pb_contact_0_planif_7_0\" class=\"input\" value=\"\" data-required_mark=\"not_required\" data-field_type=\"checkbox\" data-original_id=\"planif\" \/><label for=\"et_pb_contact_0_planif_7_0\"><i><\/i><a target=\"_blank\" href=\"https:\/\/mcaseed.com\/formation-planning\/\">Planung und Organisation<\/a><\/label><\/span><\/span><\/span><\/div><div class=\"et_pb_contact_field_8 et_pb_contact_field et_pb_module et_flex_module et_flex_column_12_24 et_flex_column_12_24_tablet et_flex_column_12_24_phone et_flex_column_12_24_ultraWide\" data-id=\"admin\" data-type=\"checkbox\"><label class=\"et_pb_contact_form_label\">   <\/label><input type=\"hidden\" name=\"et_pb_contact_0_admin_8\" class=\"et_pb_checkbox_handle\" data-required_mark=\"not_required\" data-field_type=\"checkbox\" data-original_id=\"admin\" \/><span class=\"et_pb_contact_field_options_wrapper\"><span class=\"et_pb_contact_field_options_title\">   <\/span><span class=\"et_pb_contact_field_options_list\"><span class=\"et_pb_contact_field_checkbox\"><input type=\"checkbox\" id=\"et_pb_contact_0_admin_8_0\" class=\"input\" value=\"\" data-required_mark=\"not_required\" data-field_type=\"checkbox\" data-original_id=\"admin\" \/><label for=\"et_pb_contact_0_admin_8_0\"><i><\/i><a target=\"_blank\" href=\"https:\/\/mcaseed.com\/formation-administration\/\">Verwaltung<\/a><\/label><\/span><\/span><\/span><\/div><div class=\"et_pb_contact_field_9 et_pb_contact_field et_pb_module et_flex_module et_flex_column_12_24 et_flex_column_12_24_tablet et_flex_column_12_24_phone et_flex_column_12_24_ultraWide\" data-id=\"formation\" data-type=\"checkbox\"><label class=\"et_pb_contact_form_label\">  <\/label><input type=\"hidden\" name=\"et_pb_contact_0_formation_9\" class=\"et_pb_checkbox_handle\" data-required_mark=\"not_required\" data-field_type=\"checkbox\" data-original_id=\"formation\" \/><span class=\"et_pb_contact_field_options_wrapper\"><span class=\"et_pb_contact_field_options_title\">  <\/span><span class=\"et_pb_contact_field_options_list\"><span class=\"et_pb_contact_field_checkbox\"><input type=\"checkbox\" id=\"et_pb_contact_0_formation_9_0\" class=\"input\" value=\"\" data-required_mark=\"not_required\" data-field_type=\"checkbox\" data-original_id=\"formation\" \/><label for=\"et_pb_contact_0_formation_9_0\"><i><\/i><a target=\"_blank\" href=\"https:\/\/mcaseed.com\/formation-interne\/\">Interne Ausbildung<\/a><\/label><\/span><\/span><\/span><\/div><div class=\"et_pb_contact_field_10 et_pb_contact_field et_pb_module et_flex_module et_flex_column_24_24 et_flex_column_24_24_tablet et_flex_column_24_24_phone et_flex_column_24_24_ultraWide\" data-id=\"message\" data-type=\"text\"><label class=\"et_pb_contact_form_label\" for=\"et_pb_contact_0_message_10\">Beschreiben Sie Ihr Projekt, Ihr Unternehmen, Ihre Fragen...<\/label><textarea name=\"et_pb_contact_0_message_10\" id=\"et_pb_contact_0_message_10\" class=\"et_pb_contact_message input\" data-required_mark=\"required\" data-field_type=\"text\" data-original_id=\"message\" placeholder=\"Beschreiben Sie Ihr Projekt, Ihr Unternehmen, Ihre Fragen...\"><\/textarea><\/div><div class=\"et_pb_contact_field_11 et_pb_contact_field et_pb_module et_flex_module et_flex_column_24_24 et_flex_column_24_24_tablet et_flex_column_24_24_phone et_flex_column_24_24_ultraWide\" data-id=\"policonfi\" data-type=\"checkbox\"><label class=\"et_pb_contact_form_label\"> <\/label><input type=\"hidden\" name=\"et_pb_contact_0_policonfi_11\" class=\"et_pb_checkbox_handle\" data-required_mark=\"required\" data-field_type=\"checkbox\" data-original_id=\"policonfi\" \/><span class=\"et_pb_contact_field_options_wrapper\"><span class=\"et_pb_contact_field_options_title\"> <\/span><span class=\"et_pb_contact_field_options_list\"><span class=\"et_pb_contact_field_checkbox\"><input type=\"checkbox\" id=\"et_pb_contact_0_policonfi_11_0\" class=\"input\" value=\"Ich habe die \" data-required_mark=\"required\" data-field_type=\"checkbox\" data-original_id=\"policonfi\" \/><label for=\"et_pb_contact_0_policonfi_11_0\"><i><\/i>Ich habe die  <a target=\"_blank\" href=\"https:\/\/mcaseed.com\/politique-de-confidentialite\/\">Datenschutzbestimmungen gelesen und akzeptiere sie.<\/a><\/label><\/span><\/span><\/span><\/div><input type=\"hidden\" name=\"et_pb_contactform_submit_0b94e7b4-2704-4b7e-b7f9-0c58487b52d8\" value=\"et_contact_proccess\" \/><div class=\"et_contact_bottom_container\"><div class=\"et_pb_button_wrapper\"><button type=\"submit\" name=\"et_builder_submit_button\" class=\"et_pb_button et_pb_contact_submit\" data-icon=\"5\">Senden<\/button><\/div><\/div><input type=\"hidden\" id=\"_wpnonce-et-pb-contact-form-submitted-0b94e7b4-2704-4b7e-b7f9-0c58487b52d8\" name=\"_wpnonce-et-pb-contact-form-submitted-0b94e7b4-2704-4b7e-b7f9-0c58487b52d8\" value=\"b01baef5be\" \/><input type=\"hidden\" name=\"_wp_http_referer\" value=\"\/de\/wp-json\/wp\/v2\/pages\/35956\" \/><\/form><\/div><\/div><\/div><div class=\"et_pb_column_2 et_pb_column et_pb_column_1_3 et-last-child et_block_column et_pb_css_mix_blend_mode_passthrough\"><div class=\"et_pb_text_3 et_pb_text et_pb_bg_layout_dark et_animated et_pb_module et_block_module\"><div class=\"et_pb_text_inner\"><h2>Info<\/h2>\n<\/div><\/div><div class=\"et_pb_text_4 et_pb_text et_pb_bg_layout_dark et_pb_module et_block_module\"><div class=\"et_pb_text_inner\"><p>info@mcaseed.com<br \/>\nTel : +41(0)58 255 58 80<\/p>\n<\/div><\/div><ul class=\"et_pb_social_media_follow_0 et_pb_social_media_follow clearfix et_pb_bg_layout_dark et_pb_text_align_left et_pb_module et_block_module\"><li class=\"et_pb_social_media_follow_network_0 et_pb_social_media_follow_network et_pb_social_icon et_pb_social_network_link et-social-facebook et_pb_module et_flex_module\"><a href=\"#\" class=\"icon\" target=\"_self\" title=\"Auf Facebook folgen\" rel=\"noopener\"><span class=\"et_pb_social_media_follow_network_name\">Folgen<\/span><\/a><\/li><\/ul><\/div><\/div><\/div><div class=\"et_pb_section_1 et_pb_section et_section_regular et_block_section\"><div class=\"et_pb_row_2 et_pb_row et_pb_row_4col et_block_row et_block_row_4col\"><div class=\"et_pb_column_3 et_pb_column et_pb_column_1_4 et_block_column et_pb_css_mix_blend_mode_passthrough\"><div class=\"et_pb_text_5 et_pb_text et_pb_bg_layout_light et_pb_module et_block_module\"><div class=\"et_pb_text_inner\"><h2><strong>Vaud<\/strong><\/h2>\n<p>A-One Business Center<br \/>Z.A. La Pi\u00e8ce 1 \u2013 A5<br \/>1180 Rolle\/VD<\/p>\n<\/div><\/div><\/div><div class=\"et_pb_column_4 et_pb_column et_pb_column_1_4 et_block_column et_pb_css_mix_blend_mode_passthrough\"><div class=\"et_pb_text_6 et_pb_text et_pb_bg_layout_light et_pb_module et_block_module\"><div class=\"et_pb_text_inner\"><h2><strong>Gen\u00e8ve<\/strong><\/h2>\n<p>Case postale 1609<br \/>1227 Carouge\/GE<\/p>\n<\/div><\/div><\/div><div class=\"et_pb_column_5 et_pb_column et_pb_column_1_4 et_block_column et_pb_css_mix_blend_mode_passthrough\"><div class=\"et_pb_text_7 et_pb_text et_pb_bg_layout_light et_pb_module et_block_module\"><div class=\"et_pb_text_inner\"><h2><strong>Tessin<\/strong><\/h2>\n<p>via Stramonte 14<br \/>6853 Ligornetto\/TI<\/p>\n<\/div><\/div><\/div><div class=\"et_pb_column_6 et_pb_column et_pb_column_1_4 et-last-child et_block_column et_pb_css_mix_blend_mode_passthrough\"><div class=\"et_pb_text_8 et_pb_text et_pb_bg_layout_light et_pb_module et_block_module\"><div class=\"et_pb_text_inner\"><h2><strong>Neuch\u00e2tel<\/strong><\/h2>\n<p>Strasse Basse 33<br \/>Case postale 175<br \/>2013 Colombier\/NE<\/p>\n<\/div><\/div><\/div><\/div><\/div>\n","protected":false},"excerpt":{"rendered":"","protected":false},"author":1,"featured_media":0,"parent":0,"menu_order":0,"comment_status":"closed","ping_status":"closed","template":"","meta":{"footnotes":""},"class_list":["post-35956","page","type-page","status-publish","hentry"],"yoast_head":"<!-- This site is optimized with the Yoast SEO plugin v27.3 - https:\/\/yoast.com\/product\/yoast-seo-wordpress\/ -->\n<title>Formular | Pr\u00fcfung - mcaseed.com<\/title>\n<meta name=\"robots\" content=\"index, follow, max-snippet:-1, max-image-preview:large, max-video-preview:-1\" \/>\n<link rel=\"canonical\" href=\"https:\/\/mcaseed.com\/de\/form-pruefung\/\" \/>\n<meta property=\"og:locale\" content=\"de_DE\" \/>\n<meta property=\"og:type\" content=\"article\" \/>\n<meta property=\"og:title\" content=\"Formular | Pr\u00fcfung - mcaseed.com\" \/>\n<meta property=\"og:url\" content=\"https:\/\/mcaseed.com\/de\/form-pruefung\/\" \/>\n<meta property=\"og:site_name\" content=\"mcaseed.com\" \/>\n<meta property=\"article:publisher\" content=\"https:\/\/www.facebook.com\/mcaconcept\/\" \/>\n<meta property=\"article:modified_time\" content=\"2026-03-30T09:36:47+00:00\" \/>\n<meta name=\"twitter:card\" content=\"summary_large_image\" \/>\n<meta name=\"twitter:site\" content=\"@McaConcept\" \/>\n<script type=\"application\/ld+json\" class=\"yoast-schema-graph\">{\"@context\":\"https:\\\/\\\/schema.org\",\"@graph\":[{\"@type\":\"WebPage\",\"@id\":\"https:\\\/\\\/mcaseed.com\\\/de\\\/form-pruefung\\\/\",\"url\":\"https:\\\/\\\/mcaseed.com\\\/de\\\/form-pruefung\\\/\",\"name\":\"Formular | Pr\u00fcfung - mcaseed.com\",\"isPartOf\":{\"@id\":\"https:\\\/\\\/mcaseed.com\\\/de\\\/#website\"},\"datePublished\":\"2022-09-15T09:29:37+00:00\",\"dateModified\":\"2026-03-30T09:36:47+00:00\",\"breadcrumb\":{\"@id\":\"https:\\\/\\\/mcaseed.com\\\/de\\\/form-pruefung\\\/#breadcrumb\"},\"inLanguage\":\"de\",\"potentialAction\":[{\"@type\":\"ReadAction\",\"target\":[\"https:\\\/\\\/mcaseed.com\\\/de\\\/form-pruefung\\\/\"]}]},{\"@type\":\"BreadcrumbList\",\"@id\":\"https:\\\/\\\/mcaseed.com\\\/de\\\/form-pruefung\\\/#breadcrumb\",\"itemListElement\":[{\"@type\":\"ListItem\",\"position\":1,\"name\":\"Accueil\",\"item\":\"https:\\\/\\\/mcaseed.com\\\/de\\\/\"},{\"@type\":\"ListItem\",\"position\":2,\"name\":\"Formular | Pr\u00fcfung\"}]},{\"@type\":\"WebSite\",\"@id\":\"https:\\\/\\\/mcaseed.com\\\/de\\\/#website\",\"url\":\"https:\\\/\\\/mcaseed.com\\\/de\\\/\",\"name\":\"mcaseed.com\",\"description\":\"MCA Seed-Academy, nouvelle vision du num\u00e9rique !\",\"publisher\":{\"@id\":\"https:\\\/\\\/mcaseed.com\\\/de\\\/#organization\"},\"potentialAction\":[{\"@type\":\"SearchAction\",\"target\":{\"@type\":\"EntryPoint\",\"urlTemplate\":\"https:\\\/\\\/mcaseed.com\\\/de\\\/?s={search_term_string}\"},\"query-input\":{\"@type\":\"PropertyValueSpecification\",\"valueRequired\":true,\"valueName\":\"search_term_string\"}}],\"inLanguage\":\"de\"},{\"@type\":\"Organization\",\"@id\":\"https:\\\/\\\/mcaseed.com\\\/de\\\/#organization\",\"name\":\"MCA Seed-Academy\",\"url\":\"https:\\\/\\\/mcaseed.com\\\/de\\\/\",\"logo\":{\"@type\":\"ImageObject\",\"inLanguage\":\"de\",\"@id\":\"https:\\\/\\\/mcaseed.com\\\/de\\\/#\\\/schema\\\/logo\\\/image\\\/\",\"url\":\"https:\\\/\\\/mcaseed.com\\\/wp-content\\\/uploads\\\/2020\\\/07\\\/Miniature.png\",\"contentUrl\":\"https:\\\/\\\/mcaseed.com\\\/wp-content\\\/uploads\\\/2020\\\/07\\\/Miniature.png\",\"width\":512,\"height\":512,\"caption\":\"MCA Seed-Academy\"},\"image\":{\"@id\":\"https:\\\/\\\/mcaseed.com\\\/de\\\/#\\\/schema\\\/logo\\\/image\\\/\"},\"sameAs\":[\"https:\\\/\\\/www.facebook.com\\\/mcaconcept\\\/\",\"https:\\\/\\\/x.com\\\/McaConcept\",\"https:\\\/\\\/www.instagram.com\\\/mcaconcept\\\/\",\"https:\\\/\\\/ch.linkedin.com\\\/company\\\/mca-concept\",\"https:\\\/\\\/www.youtube.com\\\/channel\\\/UC1WT0RmNiTycrnzr6FqDuPg\"]}]}<\/script>\n<!-- \/ Yoast SEO plugin. -->","yoast_head_json":{"title":"Formular | Pr\u00fcfung - mcaseed.com","robots":{"index":"index","follow":"follow","max-snippet":"max-snippet:-1","max-image-preview":"max-image-preview:large","max-video-preview":"max-video-preview:-1"},"canonical":"https:\/\/mcaseed.com\/de\/form-pruefung\/","og_locale":"de_DE","og_type":"article","og_title":"Formular | Pr\u00fcfung - mcaseed.com","og_url":"https:\/\/mcaseed.com\/de\/form-pruefung\/","og_site_name":"mcaseed.com","article_publisher":"https:\/\/www.facebook.com\/mcaconcept\/","article_modified_time":"2026-03-30T09:36:47+00:00","twitter_card":"summary_large_image","twitter_site":"@McaConcept","schema":{"@context":"https:\/\/schema.org","@graph":[{"@type":"WebPage","@id":"https:\/\/mcaseed.com\/de\/form-pruefung\/","url":"https:\/\/mcaseed.com\/de\/form-pruefung\/","name":"Formular | Pr\u00fcfung - mcaseed.com","isPartOf":{"@id":"https:\/\/mcaseed.com\/de\/#website"},"datePublished":"2022-09-15T09:29:37+00:00","dateModified":"2026-03-30T09:36:47+00:00","breadcrumb":{"@id":"https:\/\/mcaseed.com\/de\/form-pruefung\/#breadcrumb"},"inLanguage":"de","potentialAction":[{"@type":"ReadAction","target":["https:\/\/mcaseed.com\/de\/form-pruefung\/"]}]},{"@type":"BreadcrumbList","@id":"https:\/\/mcaseed.com\/de\/form-pruefung\/#breadcrumb","itemListElement":[{"@type":"ListItem","position":1,"name":"Accueil","item":"https:\/\/mcaseed.com\/de\/"},{"@type":"ListItem","position":2,"name":"Formular | Pr\u00fcfung"}]},{"@type":"WebSite","@id":"https:\/\/mcaseed.com\/de\/#website","url":"https:\/\/mcaseed.com\/de\/","name":"mcaseed.com","description":"MCA Seed-Academy, nouvelle vision du num\u00e9rique !","publisher":{"@id":"https:\/\/mcaseed.com\/de\/#organization"},"potentialAction":[{"@type":"SearchAction","target":{"@type":"EntryPoint","urlTemplate":"https:\/\/mcaseed.com\/de\/?s={search_term_string}"},"query-input":{"@type":"PropertyValueSpecification","valueRequired":true,"valueName":"search_term_string"}}],"inLanguage":"de"},{"@type":"Organization","@id":"https:\/\/mcaseed.com\/de\/#organization","name":"MCA Seed-Academy","url":"https:\/\/mcaseed.com\/de\/","logo":{"@type":"ImageObject","inLanguage":"de","@id":"https:\/\/mcaseed.com\/de\/#\/schema\/logo\/image\/","url":"https:\/\/mcaseed.com\/wp-content\/uploads\/2020\/07\/Miniature.png","contentUrl":"https:\/\/mcaseed.com\/wp-content\/uploads\/2020\/07\/Miniature.png","width":512,"height":512,"caption":"MCA Seed-Academy"},"image":{"@id":"https:\/\/mcaseed.com\/de\/#\/schema\/logo\/image\/"},"sameAs":["https:\/\/www.facebook.com\/mcaconcept\/","https:\/\/x.com\/McaConcept","https:\/\/www.instagram.com\/mcaconcept\/","https:\/\/ch.linkedin.com\/company\/mca-concept","https:\/\/www.youtube.com\/channel\/UC1WT0RmNiTycrnzr6FqDuPg"]}]}},"_links":{"self":[{"href":"https:\/\/mcaseed.com\/de\/wp-json\/wp\/v2\/pages\/35956","targetHints":{"allow":["GET"]}}],"collection":[{"href":"https:\/\/mcaseed.com\/de\/wp-json\/wp\/v2\/pages"}],"about":[{"href":"https:\/\/mcaseed.com\/de\/wp-json\/wp\/v2\/types\/page"}],"author":[{"embeddable":true,"href":"https:\/\/mcaseed.com\/de\/wp-json\/wp\/v2\/users\/1"}],"replies":[{"embeddable":true,"href":"https:\/\/mcaseed.com\/de\/wp-json\/wp\/v2\/comments?post=35956"}],"version-history":[{"count":5,"href":"https:\/\/mcaseed.com\/de\/wp-json\/wp\/v2\/pages\/35956\/revisions"}],"predecessor-version":[{"id":37423,"href":"https:\/\/mcaseed.com\/de\/wp-json\/wp\/v2\/pages\/35956\/revisions\/37423"}],"wp:attachment":[{"href":"https:\/\/mcaseed.com\/de\/wp-json\/wp\/v2\/media?parent=35956"}],"curies":[{"name":"wp","href":"https:\/\/api.w.org\/{rel}","templated":true}]}}