{"id":35964,"date":"2022-09-15T12:27:45","date_gmt":"2022-09-15T10:27:45","guid":{"rendered":"https:\/\/mcaseed.com\/digitale-transformation\/"},"modified":"2026-03-30T11:37:11","modified_gmt":"2026-03-30T09:37:11","slug":"digitale-transformation","status":"publish","type":"page","link":"https:\/\/mcaseed.com\/de\/digitale-transformation\/","title":{"rendered":"Die digitale Transformation"},"content":{"rendered":"\n<div class=\"et_pb_section_0 et_pb_section et_section_regular et_block_section\"><div class=\"et_pb_row_0 et_pb_row et_block_row\"><div class=\"et_pb_column_0 et_pb_column et_pb_column_4_4 et-last-child et_block_column et_pb_css_mix_blend_mode_passthrough\"><div class=\"et_pb_text_0 et_pb_text et_pb_bg_layout_light et_pb_module et_block_module et_pb_text_align_center\"><div class=\"et_pb_text_inner\"><h1>Die digitale Transformation<\/h1>\n<\/div><\/div><\/div><\/div><div class=\"et_pb_row_1 et_pb_row et_block_row\"><div class=\"et_pb_column_1 et_pb_column et_pb_column_4_4 et-last-child et_block_column et_pb_css_mix_blend_mode_passthrough\"><div class=\"et_pb_text_1 et_pb_text et_pb_bg_layout_light et_pb_module et_block_module\"><div class=\"et_pb_text_inner\"><p>Die <strong>digitale Transformation<\/strong> ist ein Muss f\u00fcr jedes Unternehmen, das wettbewerbsf\u00e4hig bleiben will.<br \/>\nEs ist jedoch nicht immer einfach, sich in der F\u00fclle neuer Technologien zurechtzufinden oder zu wissen, wo man anfangen soll.<br \/>\nEbenso ist es nicht einfach, IT-Tools zu modernisieren, die Herstellungs-, Vertriebs-, Kundenbeziehungs- und Marketingprozesse ganz oder teilweise zu dematerialisieren und mit Big-Data-Analysen zu beginnen. Im Gegenteil, die Anh\u00e4ufung komplexer Software, die Einf\u00fchrung neuer Praktiken kann Ihre Mitarbeiter oder sogar Ihre Arbeitsorganisation destabilisieren.<\/p>\n<p>Deshalb bietet die <strong>MCA Seed Academy<\/strong> professionelle Unterst\u00fctzung, damit die digitale Transformation Ihres Unternehmens so reibungslos wie m\u00f6glich verl\u00e4uft.<\/p>\n<p>Unsere Professionals vereinen Wissen \u00fcber das unternehmerische Umfeld und neue Technologien.<br \/>\nSie werden effektive Partner sein f\u00fcr:<br \/>\n- Identifizieren Sie Bedenken, M\u00e4ngel, <strong>m\u00f6gliche Verbesserungen der internen Arbeitsprozesse<\/strong> aller Ihrer Abteilungen,<br \/>\n- einen be\u00e4ngstigenden <strong>Digitalisierungsprozess entmystifizieren<\/strong>,<br \/>\n- <strong>Duplikate in der verwendeten Software aktualisieren<\/strong>, die oft die gleichen Aufgaben integrieren,<br \/>\n- Sie bei <strong>einer echten Strategie zur Anwendung effektiver digitaler L\u00f6sungen<\/strong> gem\u00e4\u00df Ihren Bed\u00fcrfnissen zu unterst\u00fctzen,<br \/>\n- Ihnen <strong>moderne \"Business\"-Methoden<\/strong> wie Inbound-Marketing vorstellen,<br \/>\n- daf\u00fcr zu sorgen, dass diese Evolution kein obligatorischer Durchgang, sondern <strong>eine gelungene Transformation ist<\/strong>.<\/p>\n<\/div><\/div><\/div><\/div><div class=\"et_pb_row_2 et_pb_row et_block_row\"><div class=\"et_pb_column_2 et_pb_column et_pb_column_4_4 et-last-child et_block_column et_pb_css_mix_blend_mode_passthrough\"><div class=\"et_pb_text_2 et_pb_text et_pb_bg_layout_light et_pb_module et_block_module\"><div class=\"et_pb_text_inner\"><h2>Was ist digitale Transformation ? Was kann es dir bringen ?<\/h2>\n<\/div><\/div><div class=\"et_pb_text_3 et_pb_text et_pb_bg_layout_light et_pb_module et_block_module\"><div class=\"et_pb_text_inner\"><p>Die digitale Revolution, die um die Jahrhundertwende begann, hat unser Leben tiefgreifend ver\u00e4ndert und wird es noch immer ver\u00e4ndern. Derzeit suchen Verbraucher beispielsweise vor jedem Kauf mit ihrem Smartphone bei Google. Eine Geste, die bedeutungslos wird, wenn sie vor wenigen Jahren noch undenkbar war.<br \/>\nUnternehmen haben sich diese neuen digitalen Werkzeuge mehr oder weniger zwangsweise oder freiwillig angeeignet. Allerdings ist die immer schnellere Entwicklung von Software, aber auch von Konsum- und Arbeitsweisen nicht einfach nachzuvollziehen. Es ist daher normal, dass Unternehmensleiter, die immer wettbewerbsf\u00e4hig bleiben wollen, eine erfolgreiche digitale Transformation w\u00fcnschen. Aber es ist manchmal schwierig, immer an der Spitze der Neuheit zu sein.<br \/>\nDie <strong>MCA Seed Academy<\/strong> bietet ihre Dienstleistungen an, um diese Entwicklung zu optimieren, denn von einer erfolgreichen digitalen Transformation k\u00f6nnen Sie nur profitieren.<\/p>\n<\/div><\/div><\/div><\/div><div class=\"et_pb_row_3 et_pb_row et_block_row\"><div class=\"et_pb_column_3 et_pb_column et_pb_column_4_4 et-last-child et_block_column et_pb_css_mix_blend_mode_passthrough\"><div class=\"et_pb_text_4 et_pb_text et_pb_bg_layout_light et_pb_module et_block_module\"><div class=\"et_pb_text_inner\"><h2>Entmaterialisierung<\/h2>\n<\/div><\/div><div class=\"et_pb_text_5 et_pb_text et_pb_bg_layout_light et_pb_module et_block_module\"><div class=\"et_pb_text_inner\"><p>Seit dem Erscheinen der ersten Computer initiiert, bietet die Dematerialisierung eine unvergleichliche Zeit- und Ressourcenersparnis. Dank Internet k\u00f6nnen Sie Ihren Kunden jetzt mit einem einfachen Klick einen Katalog mit mehreren hundert Seiten zusenden.<br \/>\nWenn wir oft an die Dematerialisierung von Dienstleistungen denken (B\u00fcroautomatisierung, Buchhaltung, Marketing usw.), betrifft dies auch Fertigungsprozesse durch geeignete und effiziente digitale Technologie.<\/p>\n<\/div><\/div><div class=\"et_pb_text_6 et_pb_text et_pb_bg_layout_light et_pb_module et_block_module\"><div class=\"et_pb_text_inner\"><h2>Neue digitale L\u00f6sungen<\/h2>\n<\/div><\/div><div class=\"et_pb_text_7 et_pb_text et_pb_bg_layout_light et_pb_module et_block_module\"><div class=\"et_pb_text_inner\"><p>Wir halten Sie mit den neuesten Nachrichten auf dem Laufenden. So k\u00f6nnen wir am Ende des Audits erkennen, ob es digitale L\u00f6sungen gibt, die die alten ersetzen, mit dem Ziel, Arbeit, Kundenbeziehungen, Marketing usw. zu verbessern und zu rationalisieren. Ein E-Shop kann in einer Zeit, in der Internetk\u00e4ufe explodieren, ein echtes Plus sein.<br \/>\nM\u00f6glicherweise haben Sie auch Software mit doppelten Funktionen angesammelt, die die Produktivit\u00e4t Ihrer Mitarbeiter tats\u00e4chlich beeintr\u00e4chtigen. Unser Fachwissen wird solche Bedenken aufwerfen.<br \/>\nDeren Ersatz durch ad\u00e4quate digitale L\u00f6sungen hat zwei Effekte: Produktivit\u00e4t und Arbeitskomfort.<\/p>\n<\/div><\/div><div class=\"et_pb_text_8 et_pb_text et_pb_bg_layout_light et_pb_module et_block_module\"><div class=\"et_pb_text_inner\"><h2>Neue Arbeitsweisen<\/h2>\n<\/div><\/div><div class=\"et_pb_text_9 et_pb_text et_pb_bg_layout_light et_pb_module et_block_module\"><div class=\"et_pb_text_inner\"><p>Denn die digitale Transformation muss nicht nur durch die Optimierung von Software Zeit sparen, sondern auch die Etablierung neuer Arbeitsweisen erm\u00f6glichen.<br \/>\nEines der Ziele ist es, Ihren Mitarbeitern das Leben zu erleichtern, indem Sie <strong>einen ergonomischen Blick<\/strong> auf jeden Arbeitsplatz haben.<br \/>\nAb sofort k\u00f6nnen Ihre Vertriebsmitarbeiter durch die Kombination von Cloud und Smartphones einen Kostenvoranschlag direkt vom Kunden aus bearbeiten. Diese \u201ekleinen Extras\u201c generieren nicht nur Zeitersparnis, sondern auch ein modernes Erscheinungsbild Ihres Unternehmens.<br \/>\nWenn Sie ein Unternehmen f\u00fchren, ist es schwierig, mit den neuesten leistungsstarken digitalen Tools auf dem Laufenden zu bleiben. Dank unserer technologischen Uhr k\u00f6nnen wir L\u00f6sungen finden, die an Ihre Bed\u00fcrfnisse angepasst sind.<\/p>\n<\/div><\/div><div class=\"et_pb_text_10 et_pb_text et_pb_bg_layout_light et_pb_module et_block_module\"><div class=\"et_pb_text_inner\"><h2>Eine neue Art, \u00fcber Ihr Unternehmen nachzudenken<\/h2>\n<\/div><\/div><div class=\"et_pb_text_11 et_pb_text et_pb_bg_layout_light et_pb_module et_block_module\"><div class=\"et_pb_text_inner\"><p>Neben dem Arbeitskomfort Ihrer Mitarbeiter f\u00fchrt die Implementierung digitaler L\u00f6sungen zu einer neuen Art zu arbeiten oder sogar \u00fcber Ihr Unternehmen nachzudenken. Die durch neue Technologien induzierte <strong>Transversalit\u00e4t<\/strong> schw\u00e4cht die pyramidenf\u00f6rmige Vision der Gesellschaftsstruktur selbst ab. Jeder, unabh\u00e4ngig von seiner Position, bringt etwas Anerkannteres in die Dynamik des Unternehmens ein, es entsteht eine Synergie. <strong>Die digitale Transformation bezieht alle in echte Teamarbeit ein.<\/strong><\/p>\n<\/div><\/div><div class=\"et_pb_text_12 et_pb_text et_pb_bg_layout_light et_pb_module et_block_module\"><div class=\"et_pb_text_inner\"><h2>Seien Sie am Puls der Zeit<\/h2>\n<\/div><\/div><div class=\"et_pb_text_13 et_pb_text et_pb_bg_layout_light et_pb_module et_block_module\"><div class=\"et_pb_text_inner\"><p>Die digitale Revolution hat die Gesch\u00e4ftswelt noch nicht vollst\u00e4ndig ver\u00e4ndert. Bis vor kurzem konnte sich ein kleines KMU nicht vorstellen, Zugang zu k\u00fcnstlicher Intelligenz, optimalem Datenmanagement (das ber\u00fchmte Big Data), detaillierte Analyse der Customer Journey, die erleichterte Umsetzung von zielgerichtetem Marketing usw. zu haben <strong>Die Demokratisierung von Software<\/strong> erm\u00f6glicht es nun, L\u00f6sungen zu finden, die bisher gro\u00dfen Gruppen vorbehalten waren.<br \/>\nDar\u00fcber hinaus ist es in einer Zeit, in der jeder vor jedem Kauf eine Suche bei Google durchf\u00fchrt, f\u00fcr kleine Strukturen nicht mehr unm\u00f6glich, gegen gr\u00f6\u00dfere Konkurrenten pr\u00e4sent und aktiv zu sein.<\/p>\n<\/div><\/div><div class=\"et_pb_text_14 et_pb_text et_pb_bg_layout_light et_pb_module et_block_module\"><div class=\"et_pb_text_inner\"><h2>Erh\u00f6hen Sie Ihre Reaktionsf\u00e4higkeit<\/h2>\n<\/div><\/div><div class=\"et_pb_text_15 et_pb_text et_pb_bg_layout_light et_pb_module et_block_module\"><div class=\"et_pb_text_inner\"><p>Softwarel\u00f6sungen erm\u00f6glichen die Verbesserung aller Arbeitspl\u00e4tze. Sie m\u00fcssen immer noch die richtige Wahl treffen. Die <strong>Digitalisierung von Fertigungsprozessen<\/strong> erleichtert die Steuerung der Produktion. Die Verkn\u00fcpfung zwischen der physischen Herstellung Ihrer Produkte und den digitalen Daten (K\u00e4ufe, Anfragen, Kundenw\u00fcnsche etc.) l\u00e4sst sich einfach herstellen. <strong>Sie werden besser auf Marktver\u00e4nderungen reagieren.<\/strong><br \/>\nDie Verwaltung von Angebot und Nachfrage wird erleichtert und die Stagnation der Lagerbest\u00e4nde vermieden.<br \/>\nDiese digitale Transformation impliziert auch die M\u00f6glichkeit, die Fertigung aus der Ferne zu steuern.<br \/>\nAnstatt kostspielige Kampagnen auf traditionellen Medien zu starten, erleichtert die Analyse Ihrer Kundendatei f\u00fcr die Marketingkomponente die Umsetzung des Inbound-Marketings: Stellen Sie sicher, dass der Kunde selbst kommt, um Ihr Angebot zu finden, das am besten zu ihm passt.<\/p>\n<\/div><\/div><div class=\"et_pb_text_16 et_pb_text et_pb_bg_layout_light et_pb_module et_block_module\"><div class=\"et_pb_text_inner\"><h2>Vermeiden Sie Anf\u00e4lle<\/h2>\n<\/div><\/div><div class=\"et_pb_text_17 et_pb_text et_pb_bg_layout_light et_pb_module et_block_module\"><div class=\"et_pb_text_inner\"><p>Die digitale Transformation gl\u00e4ttet nicht nur alle Ver\u00e4nderungen, die Ihrem Markt innewohnen, sondern mildert auch alle Krisen. Dank ihrer Flexibilit\u00e4t passen sich digitale Tools Ihren Bed\u00fcrfnissen an.<br \/>\nDas auff\u00e4lligste Beispiel ist die durch das Coronavirus verursachte Krise. Einige Unternehmen haben sehr schnell reagiert, indem sie den Mitarbeitern dank digitaler L\u00f6sungen, die Flexibilit\u00e4t und Effizienz kombinieren, effektive Telearbeit w\u00e4hrend der Ausgangssperre angeboten haben.<br \/>\nEbenso sind diese digitalen L\u00f6sungen flexibel und can neue M\u00e4rkte, die Entwicklung innovativer Produkte oder Dienstleistungen schnell integrieren. Sie sogar initiieren.<\/p>\n<\/div><\/div><div class=\"et_pb_text_18 et_pb_text et_pb_bg_layout_light et_pb_module et_block_module\"><div class=\"et_pb_text_inner\"><h2>Optimieren Sie Ihre Firmenhistorie<\/h2>\n<\/div><\/div><div class=\"et_pb_text_19 et_pb_text et_pb_bg_layout_light et_pb_module et_block_module\"><div class=\"et_pb_text_inner\"><p>Sie haben \u00fcber Jahre hinweg eine riesige Menge an Informationen angesammelt: Kundendatenbank, Entwicklung der Anfragen, Auswahl der Lieferanten usw.<br \/>\nWie oben erw\u00e4hnt, ist die Analyse dieser oft \u00fcbersehenen Daten eine unersch\u00f6pfliche Informationsquelle. Richtig analysiert, liefern sie Ihnen solide Grundlagen f\u00fcr zuk\u00fcnftige Verbesserungen und zuk\u00fcnftige Projekte.<br \/>\nSie haben jetzt auch eine Website oder Big-Data-Verarbeitungssoftware, die jetzt f\u00fcr alle verf\u00fcgbar ist, wird Ihr Wissen \u00fcber den Markt, aber vor allem \u00fcber die Customer Journey bereichern. Sie k\u00f6nnen mehr \u00fcber das ber\u00fchmte \u201eKundenerlebnis\u201c erfahren, das das Herzst\u00fcck aller neuen Marketingstrategien bildet.<br \/>\nAll diese Daten sind eine wahre Fundgrube an Informationen, die Ihnen helfen, Ihr Unternehmen besser zu steuern und mit wenig Ressourcen Ihren Umsatz zu steigern.<\/p>\n<p>Die MCA Seed Academy kann Sie nach einer eingehenden Pr\u00fcfung aller Komponenten Ihres Unternehmens bei dieser digitalen Transformation unterst\u00fctzen. Und anstatt es als unvermeidlichen Durchgang zu durchlaufen, werden Sie feststellen, dass diese neue Art, das Unternehmen zu leben, Ihnen nur positive Dinge bringen wird.<\/p>\n<\/div><\/div><\/div><\/div><\/div>\n","protected":false},"excerpt":{"rendered":"","protected":false},"author":1,"featured_media":0,"parent":0,"menu_order":0,"comment_status":"closed","ping_status":"closed","template":"","meta":{"footnotes":""},"class_list":["post-35964","page","type-page","status-publish","hentry"],"yoast_head":"<!-- This site is optimized with the Yoast SEO plugin v27.3 - https:\/\/yoast.com\/product\/yoast-seo-wordpress\/ -->\n<title>Digitale Transformation | MCA Seed Academy | Schweiz<\/title>\n<meta name=\"description\" content=\"Die digitale Transformation beinhaltet die Dematerialisierung von Prozessen und erm\u00f6glicht so deren Optimierung f\u00fcr mehr Flexibilit\u00e4t.\" \/>\n<meta name=\"robots\" content=\"index, follow, max-snippet:-1, max-image-preview:large, max-video-preview:-1\" \/>\n<link rel=\"canonical\" href=\"https:\/\/mcaseed.com\/de\/digitale-transformation\/\" \/>\n<meta property=\"og:locale\" content=\"de_DE\" \/>\n<meta property=\"og:type\" content=\"article\" \/>\n<meta property=\"og:title\" content=\"Digitale Transformation | MCA Seed Academy | Schweiz\" \/>\n<meta property=\"og:description\" content=\"Die digitale Transformation beinhaltet die Dematerialisierung von Prozessen und erm\u00f6glicht so deren Optimierung f\u00fcr mehr Flexibilit\u00e4t.\" \/>\n<meta property=\"og:url\" content=\"https:\/\/mcaseed.com\/de\/digitale-transformation\/\" \/>\n<meta property=\"og:site_name\" content=\"mcaseed.com\" \/>\n<meta property=\"article:publisher\" content=\"https:\/\/www.facebook.com\/mcaconcept\/\" \/>\n<meta property=\"article:modified_time\" content=\"2026-03-30T09:37:11+00:00\" \/>\n<meta name=\"twitter:card\" content=\"summary_large_image\" \/>\n<meta name=\"twitter:site\" content=\"@McaConcept\" \/>\n<script type=\"application\/ld+json\" class=\"yoast-schema-graph\">{\"@context\":\"https:\\\/\\\/schema.org\",\"@graph\":[{\"@type\":\"WebPage\",\"@id\":\"https:\\\/\\\/mcaseed.com\\\/de\\\/digitale-transformation\\\/\",\"url\":\"https:\\\/\\\/mcaseed.com\\\/de\\\/digitale-transformation\\\/\",\"name\":\"Digitale Transformation | MCA Seed Academy | Schweiz\",\"isPartOf\":{\"@id\":\"https:\\\/\\\/mcaseed.com\\\/de\\\/#website\"},\"datePublished\":\"2022-09-15T10:27:45+00:00\",\"dateModified\":\"2026-03-30T09:37:11+00:00\",\"description\":\"Die digitale Transformation beinhaltet die Dematerialisierung von Prozessen und erm\u00f6glicht so deren Optimierung f\u00fcr mehr Flexibilit\u00e4t.\",\"breadcrumb\":{\"@id\":\"https:\\\/\\\/mcaseed.com\\\/de\\\/digitale-transformation\\\/#breadcrumb\"},\"inLanguage\":\"de\",\"potentialAction\":[{\"@type\":\"ReadAction\",\"target\":[\"https:\\\/\\\/mcaseed.com\\\/de\\\/digitale-transformation\\\/\"]}]},{\"@type\":\"BreadcrumbList\",\"@id\":\"https:\\\/\\\/mcaseed.com\\\/de\\\/digitale-transformation\\\/#breadcrumb\",\"itemListElement\":[{\"@type\":\"ListItem\",\"position\":1,\"name\":\"Accueil\",\"item\":\"https:\\\/\\\/mcaseed.com\\\/de\\\/\"},{\"@type\":\"ListItem\",\"position\":2,\"name\":\"Die digitale Transformation\"}]},{\"@type\":\"WebSite\",\"@id\":\"https:\\\/\\\/mcaseed.com\\\/de\\\/#website\",\"url\":\"https:\\\/\\\/mcaseed.com\\\/de\\\/\",\"name\":\"mcaseed.com\",\"description\":\"MCA Seed-Academy, nouvelle vision du num\u00e9rique !\",\"publisher\":{\"@id\":\"https:\\\/\\\/mcaseed.com\\\/de\\\/#organization\"},\"potentialAction\":[{\"@type\":\"SearchAction\",\"target\":{\"@type\":\"EntryPoint\",\"urlTemplate\":\"https:\\\/\\\/mcaseed.com\\\/de\\\/?s={search_term_string}\"},\"query-input\":{\"@type\":\"PropertyValueSpecification\",\"valueRequired\":true,\"valueName\":\"search_term_string\"}}],\"inLanguage\":\"de\"},{\"@type\":\"Organization\",\"@id\":\"https:\\\/\\\/mcaseed.com\\\/de\\\/#organization\",\"name\":\"MCA Seed-Academy\",\"url\":\"https:\\\/\\\/mcaseed.com\\\/de\\\/\",\"logo\":{\"@type\":\"ImageObject\",\"inLanguage\":\"de\",\"@id\":\"https:\\\/\\\/mcaseed.com\\\/de\\\/#\\\/schema\\\/logo\\\/image\\\/\",\"url\":\"https:\\\/\\\/mcaseed.com\\\/wp-content\\\/uploads\\\/2020\\\/07\\\/Miniature.png\",\"contentUrl\":\"https:\\\/\\\/mcaseed.com\\\/wp-content\\\/uploads\\\/2020\\\/07\\\/Miniature.png\",\"width\":512,\"height\":512,\"caption\":\"MCA Seed-Academy\"},\"image\":{\"@id\":\"https:\\\/\\\/mcaseed.com\\\/de\\\/#\\\/schema\\\/logo\\\/image\\\/\"},\"sameAs\":[\"https:\\\/\\\/www.facebook.com\\\/mcaconcept\\\/\",\"https:\\\/\\\/x.com\\\/McaConcept\",\"https:\\\/\\\/www.instagram.com\\\/mcaconcept\\\/\",\"https:\\\/\\\/ch.linkedin.com\\\/company\\\/mca-concept\",\"https:\\\/\\\/www.youtube.com\\\/channel\\\/UC1WT0RmNiTycrnzr6FqDuPg\"]}]}<\/script>\n<!-- \/ Yoast SEO plugin. -->","yoast_head_json":{"title":"Digitale Transformation | MCA Seed Academy | Schweiz","description":"Die digitale Transformation beinhaltet die Dematerialisierung von Prozessen und erm\u00f6glicht so deren Optimierung f\u00fcr mehr Flexibilit\u00e4t.","robots":{"index":"index","follow":"follow","max-snippet":"max-snippet:-1","max-image-preview":"max-image-preview:large","max-video-preview":"max-video-preview:-1"},"canonical":"https:\/\/mcaseed.com\/de\/digitale-transformation\/","og_locale":"de_DE","og_type":"article","og_title":"Digitale Transformation | MCA Seed Academy | Schweiz","og_description":"Die digitale Transformation beinhaltet die Dematerialisierung von Prozessen und erm\u00f6glicht so deren Optimierung f\u00fcr mehr Flexibilit\u00e4t.","og_url":"https:\/\/mcaseed.com\/de\/digitale-transformation\/","og_site_name":"mcaseed.com","article_publisher":"https:\/\/www.facebook.com\/mcaconcept\/","article_modified_time":"2026-03-30T09:37:11+00:00","twitter_card":"summary_large_image","twitter_site":"@McaConcept","schema":{"@context":"https:\/\/schema.org","@graph":[{"@type":"WebPage","@id":"https:\/\/mcaseed.com\/de\/digitale-transformation\/","url":"https:\/\/mcaseed.com\/de\/digitale-transformation\/","name":"Digitale Transformation | MCA Seed Academy | Schweiz","isPartOf":{"@id":"https:\/\/mcaseed.com\/de\/#website"},"datePublished":"2022-09-15T10:27:45+00:00","dateModified":"2026-03-30T09:37:11+00:00","description":"Die digitale Transformation beinhaltet die Dematerialisierung von Prozessen und erm\u00f6glicht so deren Optimierung f\u00fcr mehr Flexibilit\u00e4t.","breadcrumb":{"@id":"https:\/\/mcaseed.com\/de\/digitale-transformation\/#breadcrumb"},"inLanguage":"de","potentialAction":[{"@type":"ReadAction","target":["https:\/\/mcaseed.com\/de\/digitale-transformation\/"]}]},{"@type":"BreadcrumbList","@id":"https:\/\/mcaseed.com\/de\/digitale-transformation\/#breadcrumb","itemListElement":[{"@type":"ListItem","position":1,"name":"Accueil","item":"https:\/\/mcaseed.com\/de\/"},{"@type":"ListItem","position":2,"name":"Die digitale Transformation"}]},{"@type":"WebSite","@id":"https:\/\/mcaseed.com\/de\/#website","url":"https:\/\/mcaseed.com\/de\/","name":"mcaseed.com","description":"MCA Seed-Academy, nouvelle vision du num\u00e9rique !","publisher":{"@id":"https:\/\/mcaseed.com\/de\/#organization"},"potentialAction":[{"@type":"SearchAction","target":{"@type":"EntryPoint","urlTemplate":"https:\/\/mcaseed.com\/de\/?s={search_term_string}"},"query-input":{"@type":"PropertyValueSpecification","valueRequired":true,"valueName":"search_term_string"}}],"inLanguage":"de"},{"@type":"Organization","@id":"https:\/\/mcaseed.com\/de\/#organization","name":"MCA Seed-Academy","url":"https:\/\/mcaseed.com\/de\/","logo":{"@type":"ImageObject","inLanguage":"de","@id":"https:\/\/mcaseed.com\/de\/#\/schema\/logo\/image\/","url":"https:\/\/mcaseed.com\/wp-content\/uploads\/2020\/07\/Miniature.png","contentUrl":"https:\/\/mcaseed.com\/wp-content\/uploads\/2020\/07\/Miniature.png","width":512,"height":512,"caption":"MCA Seed-Academy"},"image":{"@id":"https:\/\/mcaseed.com\/de\/#\/schema\/logo\/image\/"},"sameAs":["https:\/\/www.facebook.com\/mcaconcept\/","https:\/\/x.com\/McaConcept","https:\/\/www.instagram.com\/mcaconcept\/","https:\/\/ch.linkedin.com\/company\/mca-concept","https:\/\/www.youtube.com\/channel\/UC1WT0RmNiTycrnzr6FqDuPg"]}]}},"_links":{"self":[{"href":"https:\/\/mcaseed.com\/de\/wp-json\/wp\/v2\/pages\/35964","targetHints":{"allow":["GET"]}}],"collection":[{"href":"https:\/\/mcaseed.com\/de\/wp-json\/wp\/v2\/pages"}],"about":[{"href":"https:\/\/mcaseed.com\/de\/wp-json\/wp\/v2\/types\/page"}],"author":[{"embeddable":true,"href":"https:\/\/mcaseed.com\/de\/wp-json\/wp\/v2\/users\/1"}],"replies":[{"embeddable":true,"href":"https:\/\/mcaseed.com\/de\/wp-json\/wp\/v2\/comments?post=35964"}],"version-history":[{"count":3,"href":"https:\/\/mcaseed.com\/de\/wp-json\/wp\/v2\/pages\/35964\/revisions"}],"predecessor-version":[{"id":37442,"href":"https:\/\/mcaseed.com\/de\/wp-json\/wp\/v2\/pages\/35964\/revisions\/37442"}],"wp:attachment":[{"href":"https:\/\/mcaseed.com\/de\/wp-json\/wp\/v2\/media?parent=35964"}],"curies":[{"name":"wp","href":"https:\/\/api.w.org\/{rel}","templated":true}]}}