{"id":35982,"date":"2022-09-16T09:57:47","date_gmt":"2022-09-16T07:57:47","guid":{"rendered":"https:\/\/mcaseed.com\/digitale-transformation-2\/"},"modified":"2026-03-30T11:37:11","modified_gmt":"2026-03-30T09:37:11","slug":"digitale-transformation-2","status":"publish","type":"page","link":"https:\/\/mcaseed.com\/de\/digitale-transformation-2\/","title":{"rendered":"Digitale Transformation"},"content":{"rendered":"\n<div class=\"et_pb_section_0 et_pb_section et_section_regular et_block_section\"><div class=\"et_pb_row_0 et_pb_row et_block_row\"><div class=\"et_pb_column_0 et_pb_column et_pb_column_4_4 et-last-child et_block_column et_pb_css_mix_blend_mode_passthrough\"><div class=\"et_pb_text_0 et_pb_text et_pb_bg_layout_light et_pb_module et_block_module et_pb_text_align_center\"><div class=\"et_pb_text_inner\"><h1>Digitale Transformation<\/h1>\n<\/div><\/div><\/div><\/div><div class=\"et_pb_row_1 et_pb_row et_block_row\"><div class=\"et_pb_column_1 et_pb_column et_pb_column_4_4 et-last-child et_block_column et_pb_css_mix_blend_mode_passthrough\"><div class=\"et_pb_text_1 et_pb_text et_pb_bg_layout_light et_pb_module et_block_module\"><div class=\"et_pb_text_inner\"><p>Unabh\u00e4ngig davon, ob sich Ihr Unternehmen an die digitale Revolution anpassen musste oder ob Sie Ihre Arbeitsabl\u00e4ufe entstauben m\u00fcssen, eine digitale Pr\u00fcfung ist ein Garant f\u00fcr den Erfolg Ihrer digitalen Transformation.<br \/> Innerhalb weniger Jahre, mit dem Aufkommen des Internets und der neuen Technologien, hat sich unser Leben grundlegend ver\u00e4ndert und auch unsere Arbeitsweise nachhaltig beeinflusst.<\/p>\n<p>Ob gezwungenerma\u00dfen oder erfolgreich, Unternehmen haben die digitale Wende oft ohne Begleitung verhandelt. Diese tief greifende Transformation erforderte den Kauf neuer digitaler Tools, die oft und in allen Branchen nur wenig oder gar nicht an die internen Prozesse des Unternehmens angepasst sind.<\/p>\n<p>Im Laufe der Jahre waren die Unternehmen gezwungen, ihre Arbeitsweise zu \u00e4ndern und Software oder Maschinen nach und nach ohne Gesamt\u00fcberblick zu integrieren.<\/p>\n<p>Einige Zeit sp\u00e4ter treten Probleme auf. Die Maschinen sind veraltet, die Software ist im t\u00e4glichen Gebrauch zu kompliziert, ihre Nutzung ist unvollst\u00e4ndig.<\/p>\n<p>Beispielsweise kann man jetzt f\u00fcr wenig Geld die immensen M\u00f6glichkeiten der k\u00fcnstlichen Intelligenz in Verbindung mit der Datenanalyse, den sogenannten Big Data, einbinden. Die Daten aus den Besuchen Ihrer Website und die Interaktionen mit zuk\u00fcnftigen K\u00e4ufern in sozialen Netzwerken k\u00f6nnen in k\u00fcrzester Zeit analysiert werden. Die Kundenerfahrung steht im Mittelpunkt des digitalen Marketings, aber ihre Nutzung ist nicht einfach, zumindest nicht f\u00fcr ein unge\u00fcbtes Auge.<\/p>\n<\/div><\/div><\/div><\/div><div class=\"et_pb_row_2 et_pb_row et_block_row\"><div class=\"et_pb_column_2 et_pb_column et_pb_column_4_4 et-last-child et_block_column et_pb_css_mix_blend_mode_passthrough\"><div class=\"et_pb_text_2 et_pb_text et_pb_bg_layout_light et_pb_module et_block_module\"><div class=\"et_pb_text_inner\"><p>Die <strong>MCA Seed Academy<\/strong> bietet an, ihr Wissen \u00fcber die Welt der Unternehmen und der neuen Technologien zu teilen, um ein Audit durchzuf\u00fchren, mit dem die digitale Transformation Ihres Unternehmens mit Bravour gelingen kann.t\u00e9.<\/p>\n<p>Wir arbeiten sowohl in etablierten als auch in aufstrebenden Unternehmen. Das Hauptziel einer digitalen Transformation ist es, alle internen Vorg\u00e4nge fl\u00fcssiger zu gestalten, die Arbeit aller Mitarbeiter zu erleichtern, s\u00e4mtliche Daten aus allen Abteilungen optimal zu nutzen und einen agilen, bereichs\u00fcbergreifenden Ansatz innerhalb der Unternehmenskultur selbst entstehen zu lassen.<\/p>\n<p>All dies geschieht mit zwei Hauptzielen :<br \/> - die Einf\u00fchrung von L\u00f6sungen, die Produktivit\u00e4t und Arbeitskomfort integrieren,<br \/> - die Steigerung des Umsatzes.<\/p>\n<p>Vor nicht allzu langer Zeit sahen Unternehmen nicht einmal den Sinn darin, eine Website zu haben. Heute er\u00f6ffnen sich dank neuer Technologien, sozialer Netzwerke, leistungsf\u00e4higer Software und vernetzter Objekte selbst den kleinsten Unternehmen Perspektiven f\u00fcr ein feingliedriges Management.<\/p>\n<p>Ja, selbst ein Kleinstunternehmen, ein kleiner Mittelst\u00e4ndler oder ein Verein kann Zugang zu Werkzeugen haben, die k\u00fcnstliche Intelligenz und Datenanalyse integrieren. In allen Bereichen des Unternehmens, von der B\u00fcrokommunikation bis zur Buchhaltung, von der Produktionskette bis zum Marketing, haben die neuen Technologien die Situation nachhaltig ver\u00e4ndert. Die digitale Transformation f\u00fchrt sowohl intern als auch extern zu neuen Verhaltensweisen.<\/p>\n<p>Und es steht viel auf dem Spiel. Die digitale Revolution und die Einf\u00fchrung neuer Technologien er\u00f6ffnen der unternehmerischen Welt neue Perspektiven. Unternehmen, die ihre digitale Transformation erfolgreich abgeschlossen haben, haben die Auswirkungen auf ihre Ums\u00e4tze direkt gesehen.<\/p>\n<p>Es ist jedoch nicht einfach, die digitale Transformation optimal zu steuern. Ein Unternehmer hat oft \"die Nase vorn\" und braucht ein professionelles externes Auge, das ihm hilft.<\/p>\n<p>Hier kommt die Professionalit\u00e4t der MCA-Experten ins Spiel.<\/p>\n<\/div><\/div><\/div><\/div><div class=\"et_pb_row_3 et_pb_row et_block_row\"><div class=\"et_pb_column_3 et_pb_column et_pb_column_4_4 et-last-child et_block_column et_pb_css_mix_blend_mode_passthrough\"><div class=\"et_pb_text_3 et_pb_text et_pb_bg_layout_light et_pb_module et_block_module\"><div class=\"et_pb_text_inner\"><p>Wir sind gleichzeitig Spezialisten f\u00fcr neue Technologien, sei es Software oder digitale Werkzeuge, aber auch versierte Kenner der Unternehmenswelt. Dar\u00fcber hinaus verfolgen wir tagt\u00e4glich neue Managementtechniken sowie neue Einkaufspraktiken, die durch die digitale Welt hervorgerufen werden.<\/p>\n<p>Unsere Analyse wird daher sehr genau sein. Wir k\u00f6nnen zum Beispiel diese kleinen Anomalien aufdecken, die durch sich wiederholende Aktionen, Doppelarbeit oder veraltete Prozesse verursacht werden.<\/p>\n<p>In diesem Fall steigen wir voll in eine ergonomische Analyse aller Aufgaben und Prozesse in Ihrem Unternehmen und auch der digitalen Werkzeuge ein.<\/p>\n<p>Stellen Sie sich vor, dass Ihr Mitarbeiter, um zu einem so einfachen Ergebnis wie dem Drucken eines Angebots zu gelangen, vier oder f\u00fcnf Aktionen durchf\u00fchren muss. Wenn man es so ausdr\u00fcckt, klingt es nicht sehr wichtig. Wenn wir aber das digitale Werkzeug oder die Softwarel\u00f6sung finden, die die Aufgabe automatisiert, ist von nun an nur noch eine einzige Handlung erforderlich. Stellen Sie sich die Zeitersparnis \u00fcber einen Tag, einen Monat oder ein Jahr vor. Multiplizieren Sie das Ganze mit allen \"\u00fcberfl\u00fcssigen\" und unproduktiven Aktionen und Sie erhalten eine Vorstellung davon, wie viel Zeit und Geld eine optimierte Digitalisierung einsparen kann.<\/p>\n<p>Sie werden es verstanden haben: Eine erfolgreiche digitale Revolution bedeutet vor allem, Zeit und damit Geld zu sparen.<br \/> Dieses Beispiel mag trivial erscheinen, aber es macht deutlich, wie wichtig es ist, alle neuen Technologien, die in Ihrem Unternehmen enthalten sind, fein zu verwalten. Und das geht nat\u00fcrlich weit \u00fcber das Marketing, die Produktionskette, die Optimierung interner Prozesse usw. hinaus.<\/p>\n<p>\u00dcbergreifende Software, bei der es sich um ERP (Steuerung aller Prozesse) oder CRM (Verwaltung der Customer Journey und des Marketings) handelt, wird Ihnen eine \u00e4u\u00dferst pr\u00e4zise Steuerung Ihres Unternehmens erm\u00f6glichen.<\/p>\n<p>Diese Transversalit\u00e4t geht jedoch noch weiter, indem sie alle Abteilungen und alle Mitarbeiter in Ihre Unternehmenskultur einbezieht, um einen ruhigen und effizienten produktiven Elan zu erreichen.<\/p>\n<p>Die Herausforderungen der digitalen Transformation gehen also weit \u00fcber ein leistungsstarkes Tablet oder einen Multifunktionsdrucker hinaus, wie Sie sicher bemerkt haben. Es wird eine neue Synergie zwischen den Diensten entstehen.<\/p>\n<\/div><\/div><\/div><\/div><div class=\"et_pb_row_4 et_pb_row et_block_row\"><div class=\"et_pb_column_4 et_pb_column et_pb_column_4_4 et-last-child et_block_column et_pb_css_mix_blend_mode_passthrough\"><div class=\"et_pb_text_4 et_pb_text et_pb_bg_layout_light et_pb_module et_block_module\"><div class=\"et_pb_text_inner\"><p>Das Ziel der digitalen Pr\u00fcfung ist es auch, Ihnen L\u00f6sungen f\u00fcr den Umgang mit neuen Herausforderungen zu liefern. Wir denken hier an positive Herausforderungen wie das Entstehen neuer M\u00e4rkte oder die Schaffung neuer Produkte oder Dienstleistungen.<\/p>\n<p>Aber wie wir zuletzt w\u00e4hrend der Gesundheitskrise gesehen haben, bedeutet eine erfolgreiche digitale Transformation auch, sich an solche Spannungsmomente anpassen zu k\u00f6nnen. Viele Unternehmen hatten Schwierigkeiten, Telearbeit einzuf\u00fchren. Und sie haben immer noch Schwierigkeiten, sich davon zu erholen: Ihre Reaktionszeit wird durch unergonomische Werkzeuge oder Software geschw\u00e4cht, die nicht f\u00fcr eine schnelle Reaktion auf Krisen konzipiert sind. Viele haben Marktanteile und Kunden verloren, und zwar leider dauerhaft an Konkurrenten, die ihre digitale Transformation lange vorher eingeleitet hatten.<\/p>\n<p>Deshalb stellen wir Ihnen unser Fachwissen zur Verf\u00fcgung, denn es ist nicht leicht, sich in der sich st\u00e4ndig ver\u00e4ndernden digitalen Welt zurechtzufinden. Es ist auch nicht selbstverst\u00e4ndlich, alle technologischen Fortschritte und neuen Nutzungsm\u00f6glichkeiten zu kennen.<\/p>\n<p>Unsere Pr\u00fcfung wird Ihnen helfen, individuelle und wirksame L\u00f6sungen mit Werkzeugen zu finden, die sich in Ihren Dienst stellen und nicht umgekehrt.<\/p>\n<p>Schlie\u00dflich versichern wir Ihnen, dass die L\u00f6sungen, die wir Ihnen geben werden, so einfach wie m\u00f6glich umgesetzt werden k\u00f6nnen, ohne alles von einem Tag auf den anderen zu \u00e4ndern und gleichzeitig eine f\u00fcr Sie erschwingliche Finanzierung einzuhalten.<\/p>\n<p>Genau das ist einer der interessanten Aspekte der vielen digitalen Angebote: Wir finden immer das richtige f\u00fcr Ihre Anfrage. Oder, warum nicht, da auch hier dieser Sektor immer demokratischer wird, werden wir Sie auf die Einrichtung ma\u00dfgeschneiderter L\u00f6sungen, einschlie\u00dflich Software, hinweisen.<\/p>\n<p>Die MCA Seed Academy ist dazu da, Ihnen die T\u00fcren zu einer digitalen Welt zu \u00f6ffnen, die sich Ihren Bed\u00fcrfnissen und Erwartungen anpassen wird.<\/p>\n<\/div><\/div><\/div><\/div><\/div>\n","protected":false},"excerpt":{"rendered":"","protected":false},"author":1,"featured_media":0,"parent":0,"menu_order":0,"comment_status":"closed","ping_status":"closed","template":"","meta":{"footnotes":""},"class_list":["post-35982","page","type-page","status-publish","hentry"],"yoast_head":"<!-- This site is optimized with the Yoast SEO plugin v27.3 - https:\/\/yoast.com\/product\/yoast-seo-wordpress\/ -->\n<title>Die Digitale Transformation | MCA Seed-Academy | Schweiz<\/title>\n<meta name=\"description\" content=\"Was ist die digitale Transformation und was tun wir, um Sie dabei zu unterst\u00fctzen, diesen \u00dcbergang erfolgreich zu gestalten.\" \/>\n<meta name=\"robots\" content=\"index, follow, max-snippet:-1, max-image-preview:large, max-video-preview:-1\" \/>\n<link rel=\"canonical\" href=\"https:\/\/mcaseed.com\/de\/digitale-transformation-2\/\" \/>\n<meta property=\"og:locale\" content=\"de_DE\" \/>\n<meta property=\"og:type\" content=\"article\" \/>\n<meta property=\"og:title\" content=\"Die Digitale Transformation | MCA Seed-Academy | Schweiz\" \/>\n<meta property=\"og:description\" content=\"Was ist die digitale Transformation und was tun wir, um Sie dabei zu unterst\u00fctzen, diesen \u00dcbergang erfolgreich zu gestalten.\" \/>\n<meta property=\"og:url\" content=\"https:\/\/mcaseed.com\/de\/digitale-transformation-2\/\" \/>\n<meta property=\"og:site_name\" content=\"mcaseed.com\" \/>\n<meta property=\"article:publisher\" content=\"https:\/\/www.facebook.com\/mcaconcept\/\" \/>\n<meta property=\"article:modified_time\" content=\"2026-03-30T09:37:11+00:00\" \/>\n<meta name=\"twitter:card\" content=\"summary_large_image\" \/>\n<meta name=\"twitter:site\" content=\"@McaConcept\" \/>\n<script type=\"application\/ld+json\" class=\"yoast-schema-graph\">{\"@context\":\"https:\\\/\\\/schema.org\",\"@graph\":[{\"@type\":\"WebPage\",\"@id\":\"https:\\\/\\\/mcaseed.com\\\/de\\\/digitale-transformation-2\\\/\",\"url\":\"https:\\\/\\\/mcaseed.com\\\/de\\\/digitale-transformation-2\\\/\",\"name\":\"Die Digitale Transformation | MCA Seed-Academy | Schweiz\",\"isPartOf\":{\"@id\":\"https:\\\/\\\/mcaseed.com\\\/de\\\/#website\"},\"datePublished\":\"2022-09-16T07:57:47+00:00\",\"dateModified\":\"2026-03-30T09:37:11+00:00\",\"description\":\"Was ist die digitale Transformation und was tun wir, um Sie dabei zu unterst\u00fctzen, diesen \u00dcbergang erfolgreich zu gestalten.\",\"breadcrumb\":{\"@id\":\"https:\\\/\\\/mcaseed.com\\\/de\\\/digitale-transformation-2\\\/#breadcrumb\"},\"inLanguage\":\"de\",\"potentialAction\":[{\"@type\":\"ReadAction\",\"target\":[\"https:\\\/\\\/mcaseed.com\\\/de\\\/digitale-transformation-2\\\/\"]}]},{\"@type\":\"BreadcrumbList\",\"@id\":\"https:\\\/\\\/mcaseed.com\\\/de\\\/digitale-transformation-2\\\/#breadcrumb\",\"itemListElement\":[{\"@type\":\"ListItem\",\"position\":1,\"name\":\"Accueil\",\"item\":\"https:\\\/\\\/mcaseed.com\\\/de\\\/\"},{\"@type\":\"ListItem\",\"position\":2,\"name\":\"Digitale Transformation\"}]},{\"@type\":\"WebSite\",\"@id\":\"https:\\\/\\\/mcaseed.com\\\/de\\\/#website\",\"url\":\"https:\\\/\\\/mcaseed.com\\\/de\\\/\",\"name\":\"mcaseed.com\",\"description\":\"MCA Seed-Academy, nouvelle vision du num\u00e9rique !\",\"publisher\":{\"@id\":\"https:\\\/\\\/mcaseed.com\\\/de\\\/#organization\"},\"potentialAction\":[{\"@type\":\"SearchAction\",\"target\":{\"@type\":\"EntryPoint\",\"urlTemplate\":\"https:\\\/\\\/mcaseed.com\\\/de\\\/?s={search_term_string}\"},\"query-input\":{\"@type\":\"PropertyValueSpecification\",\"valueRequired\":true,\"valueName\":\"search_term_string\"}}],\"inLanguage\":\"de\"},{\"@type\":\"Organization\",\"@id\":\"https:\\\/\\\/mcaseed.com\\\/de\\\/#organization\",\"name\":\"MCA Seed-Academy\",\"url\":\"https:\\\/\\\/mcaseed.com\\\/de\\\/\",\"logo\":{\"@type\":\"ImageObject\",\"inLanguage\":\"de\",\"@id\":\"https:\\\/\\\/mcaseed.com\\\/de\\\/#\\\/schema\\\/logo\\\/image\\\/\",\"url\":\"https:\\\/\\\/mcaseed.com\\\/wp-content\\\/uploads\\\/2020\\\/07\\\/Miniature.png\",\"contentUrl\":\"https:\\\/\\\/mcaseed.com\\\/wp-content\\\/uploads\\\/2020\\\/07\\\/Miniature.png\",\"width\":512,\"height\":512,\"caption\":\"MCA Seed-Academy\"},\"image\":{\"@id\":\"https:\\\/\\\/mcaseed.com\\\/de\\\/#\\\/schema\\\/logo\\\/image\\\/\"},\"sameAs\":[\"https:\\\/\\\/www.facebook.com\\\/mcaconcept\\\/\",\"https:\\\/\\\/x.com\\\/McaConcept\",\"https:\\\/\\\/www.instagram.com\\\/mcaconcept\\\/\",\"https:\\\/\\\/ch.linkedin.com\\\/company\\\/mca-concept\",\"https:\\\/\\\/www.youtube.com\\\/channel\\\/UC1WT0RmNiTycrnzr6FqDuPg\"]}]}<\/script>\n<!-- \/ Yoast SEO plugin. -->","yoast_head_json":{"title":"Die Digitale Transformation | MCA Seed-Academy | Schweiz","description":"Was ist die digitale Transformation und was tun wir, um Sie dabei zu unterst\u00fctzen, diesen \u00dcbergang erfolgreich zu gestalten.","robots":{"index":"index","follow":"follow","max-snippet":"max-snippet:-1","max-image-preview":"max-image-preview:large","max-video-preview":"max-video-preview:-1"},"canonical":"https:\/\/mcaseed.com\/de\/digitale-transformation-2\/","og_locale":"de_DE","og_type":"article","og_title":"Die Digitale Transformation | MCA Seed-Academy | Schweiz","og_description":"Was ist die digitale Transformation und was tun wir, um Sie dabei zu unterst\u00fctzen, diesen \u00dcbergang erfolgreich zu gestalten.","og_url":"https:\/\/mcaseed.com\/de\/digitale-transformation-2\/","og_site_name":"mcaseed.com","article_publisher":"https:\/\/www.facebook.com\/mcaconcept\/","article_modified_time":"2026-03-30T09:37:11+00:00","twitter_card":"summary_large_image","twitter_site":"@McaConcept","schema":{"@context":"https:\/\/schema.org","@graph":[{"@type":"WebPage","@id":"https:\/\/mcaseed.com\/de\/digitale-transformation-2\/","url":"https:\/\/mcaseed.com\/de\/digitale-transformation-2\/","name":"Die Digitale Transformation | MCA Seed-Academy | Schweiz","isPartOf":{"@id":"https:\/\/mcaseed.com\/de\/#website"},"datePublished":"2022-09-16T07:57:47+00:00","dateModified":"2026-03-30T09:37:11+00:00","description":"Was ist die digitale Transformation und was tun wir, um Sie dabei zu unterst\u00fctzen, diesen \u00dcbergang erfolgreich zu gestalten.","breadcrumb":{"@id":"https:\/\/mcaseed.com\/de\/digitale-transformation-2\/#breadcrumb"},"inLanguage":"de","potentialAction":[{"@type":"ReadAction","target":["https:\/\/mcaseed.com\/de\/digitale-transformation-2\/"]}]},{"@type":"BreadcrumbList","@id":"https:\/\/mcaseed.com\/de\/digitale-transformation-2\/#breadcrumb","itemListElement":[{"@type":"ListItem","position":1,"name":"Accueil","item":"https:\/\/mcaseed.com\/de\/"},{"@type":"ListItem","position":2,"name":"Digitale Transformation"}]},{"@type":"WebSite","@id":"https:\/\/mcaseed.com\/de\/#website","url":"https:\/\/mcaseed.com\/de\/","name":"mcaseed.com","description":"MCA Seed-Academy, nouvelle vision du num\u00e9rique !","publisher":{"@id":"https:\/\/mcaseed.com\/de\/#organization"},"potentialAction":[{"@type":"SearchAction","target":{"@type":"EntryPoint","urlTemplate":"https:\/\/mcaseed.com\/de\/?s={search_term_string}"},"query-input":{"@type":"PropertyValueSpecification","valueRequired":true,"valueName":"search_term_string"}}],"inLanguage":"de"},{"@type":"Organization","@id":"https:\/\/mcaseed.com\/de\/#organization","name":"MCA Seed-Academy","url":"https:\/\/mcaseed.com\/de\/","logo":{"@type":"ImageObject","inLanguage":"de","@id":"https:\/\/mcaseed.com\/de\/#\/schema\/logo\/image\/","url":"https:\/\/mcaseed.com\/wp-content\/uploads\/2020\/07\/Miniature.png","contentUrl":"https:\/\/mcaseed.com\/wp-content\/uploads\/2020\/07\/Miniature.png","width":512,"height":512,"caption":"MCA Seed-Academy"},"image":{"@id":"https:\/\/mcaseed.com\/de\/#\/schema\/logo\/image\/"},"sameAs":["https:\/\/www.facebook.com\/mcaconcept\/","https:\/\/x.com\/McaConcept","https:\/\/www.instagram.com\/mcaconcept\/","https:\/\/ch.linkedin.com\/company\/mca-concept","https:\/\/www.youtube.com\/channel\/UC1WT0RmNiTycrnzr6FqDuPg"]}]}},"_links":{"self":[{"href":"https:\/\/mcaseed.com\/de\/wp-json\/wp\/v2\/pages\/35982","targetHints":{"allow":["GET"]}}],"collection":[{"href":"https:\/\/mcaseed.com\/de\/wp-json\/wp\/v2\/pages"}],"about":[{"href":"https:\/\/mcaseed.com\/de\/wp-json\/wp\/v2\/types\/page"}],"author":[{"embeddable":true,"href":"https:\/\/mcaseed.com\/de\/wp-json\/wp\/v2\/users\/1"}],"replies":[{"embeddable":true,"href":"https:\/\/mcaseed.com\/de\/wp-json\/wp\/v2\/comments?post=35982"}],"version-history":[{"count":4,"href":"https:\/\/mcaseed.com\/de\/wp-json\/wp\/v2\/pages\/35982\/revisions"}],"predecessor-version":[{"id":37443,"href":"https:\/\/mcaseed.com\/de\/wp-json\/wp\/v2\/pages\/35982\/revisions\/37443"}],"wp:attachment":[{"href":"https:\/\/mcaseed.com\/de\/wp-json\/wp\/v2\/media?parent=35982"}],"curies":[{"name":"wp","href":"https:\/\/api.w.org\/{rel}","templated":true}]}}