{"id":35993,"date":"2022-09-16T10:08:47","date_gmt":"2022-09-16T08:08:47","guid":{"rendered":"https:\/\/mcaseed.com\/datenschutzrichtlinie\/"},"modified":"2026-03-30T11:36:52","modified_gmt":"2026-03-30T09:36:52","slug":"datenschutzrichtlinie","status":"publish","type":"page","link":"https:\/\/mcaseed.com\/de\/datenschutzrichtlinie\/","title":{"rendered":"Datenschutzrichtlinie"},"content":{"rendered":"<div class=\"et_pb_section_0 et_pb_section et_section_regular et_block_section\"><div class=\"et_pb_row_0 et_pb_row et_block_row\"><div class=\"et_pb_column_0 et_pb_column et_pb_column_4_4 et-last-child et_block_column et_pb_css_mix_blend_mode_passthrough\"><div class=\"et_pb_text_0 et_pb_text et_pb_bg_layout_light et_pb_module et_block_module\"><div class=\"et_pb_text_inner\"><h1>Datenschutzrichtlinie<\/h1>\n<h1><\/h2>\n<h2>Informationen sammeln<\/h2>\n<h3>Pers\u00f6nliche Informationen<\/h3>\n<p>Wir erfassen Informationen, wenn Sie sich auf unserer Website registrieren, sich in Ihr Konto einloggen oder einen Kauf t\u00e4tigen. Zu den gesammelten Informationen geh\u00f6ren Ihr Vor- und Nachname, Ihre Adresse, Ihre E-Mail-Adresse und Ihre Telefonnummer (falls angegeben).<\/p>\n<h3>Informationen zur Navigation<\/h3>\n<p>Dar\u00fcber hinaus erhalten und speichern wir automatisch Informationen von Ihrem Computer und Browser. Wie z. B. Ihre IP-Adresse, Ihre Software und Hardware und die Seite, die Sie anfordern.<\/p>\n<h3>Google Analytics und Search Console<\/h3>\n<p>Wir verwenden Google Analytics und Search Console, Dienste zur Analyse des Webverkehrs auf unserer Website, die Bestandteile von Google Inc. sind, zum Zweck der Optimierung unserer Webseiten. Diese Dienste verwenden die Cookie-Technologie.<\/p>\n<p>Wir verwenden sie, um Daten \u00fcber das Verhalten von Besuchern zu sammeln und zu analysieren, z. B. Daten \u00fcber die Website, von der der Besucher kommt, die Dauer seines Besuchs sowie die Seiten, die er besucht hat und wie er sie besucht hat.<\/p>\n<p>F\u00fcr weitere Informationen \u00fcber die Dienste von Google schlagen wir Ihnen vor, diesen Links zu folgen:<br \/>\n<a href=\"https:\/\/marketingplatform.google.com\/about\/analytics\/terms\/fr\" style=\"color: dodgerblue;\">https:\/\/marketingplatform.google.com\/about\/analytics\/terms\/fr<\/a><br \/>\n<a href=\"https:\/\/marketingplatform.google.com\/about\/analytics\" style=\"color: dodgerblue;\">https:\/\/marketingplatform.google.com\/about\/analytics<\/a><br \/>\n<a href=\"https:\/\/policies.google.com\/privacy?hl=fr\" style=\"color: dodgerblue;\">https:\/\/policies.google.com\/privacy?hl=fr<\/a><\/p>\n<h2>Verwendung von Informationen<\/h2>\n<p>Alle Informationen, die wir von Ihnen sammeln, k\u00f6nnen zu folgenden Zwecken verwendet werden :<br \/>\n- Ihre Erfahrung personalisieren und auf Ihre individuellen Bed\u00fcrfnisse eingehen<br \/>\n- Personalisierte Werbeinhalte bereitstellen<br \/>\n- Unsere Seite verbessern<br \/>\n- Verbesserung des Kundenservice und Ihrer Betreuungsbed\u00fcrfnisse<br \/>\n- Sie per E-Mail kontaktieren<br \/>\n- Einen Wettbewerb, eine Bef\u00f6rderung oder eine Umfrage verwalten<\/p>\n<h2>Datenschutz im Online-Handel<\/h2>\n<p>Wir sind die alleinigen Eigent\u00fcmer der auf dieser Website gesammelten Informationen. Ihre pers\u00f6nlichen Daten werden nicht verkauft, ausgetauscht, \u00fcbertragen oder aus irgendeinem Grund ohne Ihre Zustimmung an ein anderes Unternehmen weitergegeben, es sei denn, dies ist notwendig, um eine Anfrage zu beantworten und\/oder eine Transaktion durchzuf\u00fchren, z. B. um eine Bestellung zu versenden.<\/p>\n<h2>Offenlegung gegen\u00fcber Dritten<\/h2>\n<p>Wir verkaufen, tauschen oder \u00fcbertragen Ihre pers\u00f6nlich identifizierbaren Informationen nicht an Dritte. Dies schlie\u00dft nicht vertrauensw\u00fcrdige Dritte ein, die uns beim Betrieb unserer Website oder bei der Durchf\u00fchrung unserer Gesch\u00e4fte helfen, solange diese Parteien vereinbaren, diese Informationen vertraulich zu behandeln.<\/p>\n<p>Wir halten es f\u00fcr notwendig, Informationen weiterzugeben, um illegale Aktivit\u00e4ten, mutma\u00dflichen Betrug, Situationen mit potenziellen Bedrohungen der physischen Sicherheit einer Person, Verst\u00f6\u00dfe gegen unsere Nutzungsbedingungen zu untersuchen, zu verhindern oder Ma\u00dfnahmen zu ergreifen, oder wenn wir gesetzlich dazu verpflichtet sind.<\/p>\n<p>Nicht-private Informationen k\u00f6nnen jedoch anderen Parteien zu Marketing-, Werbe- oder anderen Zwecken zur Verf\u00fcgung gestellt werden.<\/p>\n<h2>Schutz von Informationen<\/h2>\n<h3>Sicherheit<\/h3>\n<p>Wir setzen eine Vielzahl von Sicherheitsma\u00dfnahmen ein, um die Sicherheit Ihrer pers\u00f6nlichen Daten zu wahren. Wir verwenden eine hochmoderne Verschl\u00fcsselung, um sensible Informationen, die online \u00fcbertragen werden, zu sch\u00fctzen. Wir sch\u00fctzen Ihre Informationen auch offline. Nur Mitarbeiter, die eine bestimmte Arbeit ausf\u00fchren m\u00fcssen (z. B. Rechnungsstellung oder Kundenservice), haben Zugang zu pers\u00f6nlich identifizierbaren Informationen. Die Computer und Server, die zur Speicherung von pers\u00f6nlich identifizierbaren Informationen verwendet werden, werden in einer sicheren Umgebung aufbewahrt.<\/p>\n<h3>Cookies<\/h3>\n<p>Unsere Cookies verbessern den Zugang zu unserer Website und identifizieren wiederkehrende Besucher. Dar\u00fcber hinaus verbessern unsere Cookies die Nutzererfahrung durch die Verfolgung und Ausrichtung auf die Interessen des Nutzers. Diese Verwendung von Cookies ist jedoch in keiner Weise mit pers\u00f6nlich identifizierbaren Informationen auf unserer Seite verbunden.<\/p>\n<h2>Sich abmelden<\/h2>\n<p>Wir verwenden die von Ihnen angegebene E-Mail-Adresse, um Ihnen Informationen und Aktualisierungen zu Ihrer Bestellung, gelegentlich Unternehmensnachrichten, Informationen \u00fcber verwandte Produkte usw. zu senden. Wenn Sie sich zu irgendeinem Zeitpunkt abmelden und keine weiteren E-Mails mehr erhalten m\u00f6chten, sind am Ende jeder E-Mail detaillierte Anweisungen zur Abmeldung enthalten.<\/p>\n<h2>Zustimmung<\/h2>\n<p><b>Durch die Nutzung unserer Website erkl\u00e4ren Sie sich stillschweigend mit unserer Datenschutzrichtlinie einverstanden.<\/b><\/p>\n<h2>Kontakt<\/h2>\n<p>Wenn Sie eine Auskunft w\u00fcnschen oder uns eine Anmerkung zukommen lassen m\u00f6chten, k\u00f6nnen Sie einfach das Kontaktformular auf der Website (oder das Formular auf der Website <a href=\"https:\/\/mca-concept.com\/#contact\" style=\"color: dodgerblue;\">mca-concept.com<\/a>, der Website des Unternehmens) verwenden, uns per E-Mail unter <a href=\"mailto:info@mca-concept.com\" style=\"color: dodgerblue;\">info@mca-concept.com<\/a> kontaktieren oder uns per Post an die folgende Adresse schicken:<\/p>\n<p>MCA-Concept, Rue Basse 33, Postfach 175, 2013 Colombier\/NE<\/p>\n<\/div><\/div><\/div><\/div><\/div>","protected":false},"excerpt":{"rendered":"","protected":false},"author":1,"featured_media":0,"parent":0,"menu_order":0,"comment_status":"closed","ping_status":"closed","template":"","meta":{"footnotes":""},"class_list":["post-35993","page","type-page","status-publish","hentry"],"yoast_head":"<!-- This site is optimized with the Yoast SEO plugin v27.4 - https:\/\/yoast.com\/product\/yoast-seo-wordpress\/ -->\n<title>Datenschutzrichtlinie | MCA Seed-Academy | Schweiz<\/title>\n<meta name=\"description\" content=\"Wenn Sie unsere Datenschutzbestimmungen einsehen m\u00f6chten, sind Sie hier richtig. Was wir tun, um die Sicherheit Ihrer Daten zu gew\u00e4hrleisten.\" \/>\n<meta name=\"robots\" content=\"noindex, follow\" \/>\n<meta property=\"og:locale\" content=\"de_DE\" \/>\n<meta property=\"og:type\" content=\"article\" \/>\n<meta property=\"og:title\" content=\"Datenschutzrichtlinie | MCA Seed-Academy | Schweiz\" \/>\n<meta property=\"og:description\" content=\"Wenn Sie unsere Datenschutzbestimmungen einsehen m\u00f6chten, sind Sie hier richtig. Was wir tun, um die Sicherheit Ihrer Daten zu gew\u00e4hrleisten.\" \/>\n<meta property=\"og:url\" content=\"https:\/\/mcaseed.com\/de\/datenschutzrichtlinie\/\" \/>\n<meta property=\"og:site_name\" content=\"mcaseed.com\" \/>\n<meta property=\"article:publisher\" content=\"https:\/\/www.facebook.com\/mcaconcept\/\" \/>\n<meta property=\"article:modified_time\" content=\"2026-03-30T09:36:52+00:00\" \/>\n<meta name=\"twitter:card\" content=\"summary_large_image\" \/>\n<meta name=\"twitter:site\" content=\"@McaConcept\" \/>\n<script type=\"application\/ld+json\" class=\"yoast-schema-graph\">{\"@context\":\"https:\\\/\\\/schema.org\",\"@graph\":[{\"@type\":\"WebPage\",\"@id\":\"https:\\\/\\\/mcaseed.com\\\/de\\\/datenschutzrichtlinie\\\/\",\"url\":\"https:\\\/\\\/mcaseed.com\\\/de\\\/datenschutzrichtlinie\\\/\",\"name\":\"Datenschutzrichtlinie | MCA Seed-Academy | Schweiz\",\"isPartOf\":{\"@id\":\"https:\\\/\\\/mcaseed.com\\\/de\\\/#website\"},\"datePublished\":\"2022-09-16T08:08:47+00:00\",\"dateModified\":\"2026-03-30T09:36:52+00:00\",\"description\":\"Wenn Sie unsere Datenschutzbestimmungen einsehen m\u00f6chten, sind Sie hier richtig. Was wir tun, um die Sicherheit Ihrer Daten zu gew\u00e4hrleisten.\",\"breadcrumb\":{\"@id\":\"https:\\\/\\\/mcaseed.com\\\/de\\\/datenschutzrichtlinie\\\/#breadcrumb\"},\"inLanguage\":\"de\",\"potentialAction\":[{\"@type\":\"ReadAction\",\"target\":[\"https:\\\/\\\/mcaseed.com\\\/de\\\/datenschutzrichtlinie\\\/\"]}]},{\"@type\":\"BreadcrumbList\",\"@id\":\"https:\\\/\\\/mcaseed.com\\\/de\\\/datenschutzrichtlinie\\\/#breadcrumb\",\"itemListElement\":[{\"@type\":\"ListItem\",\"position\":1,\"name\":\"Accueil\",\"item\":\"https:\\\/\\\/mcaseed.com\\\/de\\\/\"},{\"@type\":\"ListItem\",\"position\":2,\"name\":\"Datenschutzrichtlinie\"}]},{\"@type\":\"WebSite\",\"@id\":\"https:\\\/\\\/mcaseed.com\\\/de\\\/#website\",\"url\":\"https:\\\/\\\/mcaseed.com\\\/de\\\/\",\"name\":\"mcaseed.com\",\"description\":\"MCA Seed-Academy, nouvelle vision du num\u00e9rique !\",\"publisher\":{\"@id\":\"https:\\\/\\\/mcaseed.com\\\/de\\\/#organization\"},\"potentialAction\":[{\"@type\":\"SearchAction\",\"target\":{\"@type\":\"EntryPoint\",\"urlTemplate\":\"https:\\\/\\\/mcaseed.com\\\/de\\\/?s={search_term_string}\"},\"query-input\":{\"@type\":\"PropertyValueSpecification\",\"valueRequired\":true,\"valueName\":\"search_term_string\"}}],\"inLanguage\":\"de\"},{\"@type\":\"Organization\",\"@id\":\"https:\\\/\\\/mcaseed.com\\\/de\\\/#organization\",\"name\":\"MCA Seed-Academy\",\"url\":\"https:\\\/\\\/mcaseed.com\\\/de\\\/\",\"logo\":{\"@type\":\"ImageObject\",\"inLanguage\":\"de\",\"@id\":\"https:\\\/\\\/mcaseed.com\\\/de\\\/#\\\/schema\\\/logo\\\/image\\\/\",\"url\":\"https:\\\/\\\/mcaseed.com\\\/wp-content\\\/uploads\\\/2020\\\/07\\\/Miniature.png\",\"contentUrl\":\"https:\\\/\\\/mcaseed.com\\\/wp-content\\\/uploads\\\/2020\\\/07\\\/Miniature.png\",\"width\":512,\"height\":512,\"caption\":\"MCA Seed-Academy\"},\"image\":{\"@id\":\"https:\\\/\\\/mcaseed.com\\\/de\\\/#\\\/schema\\\/logo\\\/image\\\/\"},\"sameAs\":[\"https:\\\/\\\/www.facebook.com\\\/mcaconcept\\\/\",\"https:\\\/\\\/x.com\\\/McaConcept\",\"https:\\\/\\\/www.instagram.com\\\/mcaconcept\\\/\",\"https:\\\/\\\/ch.linkedin.com\\\/company\\\/mca-concept\",\"https:\\\/\\\/www.youtube.com\\\/channel\\\/UC1WT0RmNiTycrnzr6FqDuPg\"]}]}<\/script>\n<!-- \/ Yoast SEO plugin. -->","yoast_head_json":{"title":"Datenschutzrichtlinie | MCA Seed-Academy | Schweiz","description":"Wenn Sie unsere Datenschutzbestimmungen einsehen m\u00f6chten, sind Sie hier richtig. Was wir tun, um die Sicherheit Ihrer Daten zu gew\u00e4hrleisten.","robots":{"index":"noindex","follow":"follow"},"og_locale":"de_DE","og_type":"article","og_title":"Datenschutzrichtlinie | MCA Seed-Academy | Schweiz","og_description":"Wenn Sie unsere Datenschutzbestimmungen einsehen m\u00f6chten, sind Sie hier richtig. Was wir tun, um die Sicherheit Ihrer Daten zu gew\u00e4hrleisten.","og_url":"https:\/\/mcaseed.com\/de\/datenschutzrichtlinie\/","og_site_name":"mcaseed.com","article_publisher":"https:\/\/www.facebook.com\/mcaconcept\/","article_modified_time":"2026-03-30T09:36:52+00:00","twitter_card":"summary_large_image","twitter_site":"@McaConcept","schema":{"@context":"https:\/\/schema.org","@graph":[{"@type":"WebPage","@id":"https:\/\/mcaseed.com\/de\/datenschutzrichtlinie\/","url":"https:\/\/mcaseed.com\/de\/datenschutzrichtlinie\/","name":"Datenschutzrichtlinie | MCA Seed-Academy | Schweiz","isPartOf":{"@id":"https:\/\/mcaseed.com\/de\/#website"},"datePublished":"2022-09-16T08:08:47+00:00","dateModified":"2026-03-30T09:36:52+00:00","description":"Wenn Sie unsere Datenschutzbestimmungen einsehen m\u00f6chten, sind Sie hier richtig. Was wir tun, um die Sicherheit Ihrer Daten zu gew\u00e4hrleisten.","breadcrumb":{"@id":"https:\/\/mcaseed.com\/de\/datenschutzrichtlinie\/#breadcrumb"},"inLanguage":"de","potentialAction":[{"@type":"ReadAction","target":["https:\/\/mcaseed.com\/de\/datenschutzrichtlinie\/"]}]},{"@type":"BreadcrumbList","@id":"https:\/\/mcaseed.com\/de\/datenschutzrichtlinie\/#breadcrumb","itemListElement":[{"@type":"ListItem","position":1,"name":"Accueil","item":"https:\/\/mcaseed.com\/de\/"},{"@type":"ListItem","position":2,"name":"Datenschutzrichtlinie"}]},{"@type":"WebSite","@id":"https:\/\/mcaseed.com\/de\/#website","url":"https:\/\/mcaseed.com\/de\/","name":"mcaseed.com","description":"MCA Seed-Academy, nouvelle vision du num\u00e9rique !","publisher":{"@id":"https:\/\/mcaseed.com\/de\/#organization"},"potentialAction":[{"@type":"SearchAction","target":{"@type":"EntryPoint","urlTemplate":"https:\/\/mcaseed.com\/de\/?s={search_term_string}"},"query-input":{"@type":"PropertyValueSpecification","valueRequired":true,"valueName":"search_term_string"}}],"inLanguage":"de"},{"@type":"Organization","@id":"https:\/\/mcaseed.com\/de\/#organization","name":"MCA Seed-Academy","url":"https:\/\/mcaseed.com\/de\/","logo":{"@type":"ImageObject","inLanguage":"de","@id":"https:\/\/mcaseed.com\/de\/#\/schema\/logo\/image\/","url":"https:\/\/mcaseed.com\/wp-content\/uploads\/2020\/07\/Miniature.png","contentUrl":"https:\/\/mcaseed.com\/wp-content\/uploads\/2020\/07\/Miniature.png","width":512,"height":512,"caption":"MCA Seed-Academy"},"image":{"@id":"https:\/\/mcaseed.com\/de\/#\/schema\/logo\/image\/"},"sameAs":["https:\/\/www.facebook.com\/mcaconcept\/","https:\/\/x.com\/McaConcept","https:\/\/www.instagram.com\/mcaconcept\/","https:\/\/ch.linkedin.com\/company\/mca-concept","https:\/\/www.youtube.com\/channel\/UC1WT0RmNiTycrnzr6FqDuPg"]}]}},"_links":{"self":[{"href":"https:\/\/mcaseed.com\/de\/wp-json\/wp\/v2\/pages\/35993","targetHints":{"allow":["GET"]}}],"collection":[{"href":"https:\/\/mcaseed.com\/de\/wp-json\/wp\/v2\/pages"}],"about":[{"href":"https:\/\/mcaseed.com\/de\/wp-json\/wp\/v2\/types\/page"}],"author":[{"embeddable":true,"href":"https:\/\/mcaseed.com\/de\/wp-json\/wp\/v2\/users\/1"}],"replies":[{"embeddable":true,"href":"https:\/\/mcaseed.com\/de\/wp-json\/wp\/v2\/comments?post=35993"}],"version-history":[{"count":2,"href":"https:\/\/mcaseed.com\/de\/wp-json\/wp\/v2\/pages\/35993\/revisions"}],"predecessor-version":[{"id":37427,"href":"https:\/\/mcaseed.com\/de\/wp-json\/wp\/v2\/pages\/35993\/revisions\/37427"}],"wp:attachment":[{"href":"https:\/\/mcaseed.com\/de\/wp-json\/wp\/v2\/media?parent=35993"}],"curies":[{"name":"wp","href":"https:\/\/api.w.org\/{rel}","templated":true}]}}