{"id":31249,"date":"2021-10-17T12:58:54","date_gmt":"2021-10-17T10:58:54","guid":{"rendered":"https:\/\/mcaseed.com\/informativa-sulla-privacy\/"},"modified":"2026-03-30T11:35:24","modified_gmt":"2026-03-30T09:35:24","slug":"informativa-sulla-privacy","status":"publish","type":"page","link":"https:\/\/mcaseed.com\/it\/informativa-sulla-privacy\/","title":{"rendered":"Politica sulla Privacy"},"content":{"rendered":"<div class=\"et_pb_section_0 et_pb_section et_section_regular et_block_section\"><div class=\"et_pb_row_0 et_pb_row et_block_row\"><div class=\"et_pb_column_0 et_pb_column et_pb_column_4_4 et-last-child et_block_column et_pb_css_mix_blend_mode_passthrough\"><div class=\"et_pb_text_0 et_pb_text et_pb_bg_layout_light et_pb_module et_block_module\"><div class=\"et_pb_text_inner\"><h1>Politica sulla privacy<\/h1>\n<h1><\/h2>\n<h2>Raccolta di informazioni<\/h2>\n<h3>Informazioni personali<\/h3>\n<p>Raccogliamo informazioni quando ti registri sul nostro sito, quando accedi al tuo account o quando fai un acquisto. Le informazioni raccolte includono il tuo nome e cognome, indirizzo, indirizzo e-mail, numero di telefono (se fornito).<\/p>\n<h3>Informazioni sulla navigazione<\/h3>\n<p>Inoltre, riceviamo e immagazziniamo automaticamente informazioni dal tuo computer e dal tuo browser. Come il tuo indirizzo IP, il tuo software e hardware, e la pagina che richiedi.<\/p>\n<h3>Google Analytics e Search Console<\/h3>\n<p>Utilizziamo Google Analytics e Search Console, servizi di analisi del traffico web sul nostro sito web che sono componenti di Google Inc. Questi servizi utilizzano la tecnologia dei cookie.<\/p>\n<p>Sono utilizzati per raccogliere e analizzare i dati sul comportamento dei visitatori, come i dati sul sito da cui il visitatore proviene, la durata della sua visita e quali pagine ha visitato e come.<\/p>\n<p>Per ulteriori informazioni sui servizi di Google vi suggeriamo di seguire questi link:<br \/>\n<a href=\"https:\/\/marketingplatform.google.com\/about\/analytics\/terms\/fr\" style=\"color: dodgerblue;\">https:\/\/marketingplatform.google.com\/about\/analytics\/terms\/fr<\/a><br \/>\n<a href=\"https:\/\/marketingplatform.google.com\/about\/analytics\" style=\"color: dodgerblue;\">https:\/\/marketingplatform.google.com\/about\/analytics<\/a><br \/>\n<a href=\"https:\/\/policies.google.com\/privacy?hl=fr\" style=\"color: dodgerblue;\">https:\/\/policies.google.com\/privacy?hl=fr<\/a><\/p>\n<h2>Uso delle informazioni<\/h2>\n<p>Tutte le informazioni che raccogliamo da voi possono essere utilizzate per :<br \/>\n- Personalizzare la vostra esperienza e soddisfare le vostre esigenze individuali<br \/>\n- Fornire contenuti pubblicitari personalizzati<br \/>\n- Migliorare il nostro sito<br \/>\n- Migliorare il servizio clienti e le vostre esigenze di assistenza<br \/>\n- Contattarvi via e-mail<br \/>\n- Gestione di un concorso, di una promozione o di un sondaggio<\/p>\n<h2>Privacy del commercio elettronico<\/h2>\n<p>Siamo gli unici proprietari delle informazioni raccolte su questo sito. Le sue informazioni personali non saranno vendute, scambiate, trasferite o date a un'altra societ\u00e0 per nessun motivo, senza il suo consenso, a parte ci\u00f2 che \u00e8 necessario per soddisfare una richiesta e\/o transazione, come ad esempio per spedire un ordine.<\/p>\n<h2>Divulgazione a terzi<\/h2>\n<p>Non vendiamo, scambiamo o trasferiamo le vostre informazioni di identificazione personale a terzi. Questo non include terzi di fiducia che ci assistono nella gestione del nostro sito web o nella conduzione dei nostri affari, a condizione che tali parti accettino di mantenere queste informazioni riservate.<\/p>\n<p>Crediamo che sia necessario condividere le informazioni per indagare, prevenire o intraprendere azioni riguardanti attivit\u00e0 illegali, frodi sospette, situazioni che coinvolgono potenziali minacce alla sicurezza fisica di qualsiasi persona, violazioni dei nostri termini di utilizzo, o quando richiesto dalla legge.<\/p>\n<p>Le informazioni non private, tuttavia, possono essere fornite ad altre parti per il marketing, la pubblicit\u00e0 o altri usi.<\/p>\n<h2>Protezione delle informazioni<\/h2>\n<h3>Sicurezza<\/h3>\n<p>Implementiamo una serie di misure di sicurezza per mantenere le tue informazioni personali al sicuro. Usiamo la crittografia pi\u00f9 avanzata per proteggere le informazioni sensibili trasmesse online. Proteggiamo le sue informazioni anche offline. Solo gli impiegati che hanno bisogno di svolgere un lavoro specifico (per esempio, la fatturazione o il servizio clienti) hanno accesso alle informazioni di identificazione personale. I computer e i server utilizzati per memorizzare le informazioni di identificazione personale sono tenuti in un ambiente sicuro.<\/p>\n<h3>Cookies<\/h3>\n<p>I nostri cookie migliorano l'accesso al nostro sito e identificano i visitatori abituali. Inoltre, i nostri cookie migliorano l'esperienza dell'utente tracciando e indirizzando i suoi interessi. Tuttavia, questo uso dei cookie non \u00e8 in alcun modo legato ad alcuna informazione personale identificabile sul nostro sito.<\/p>\n<h2>Cancella l'iscrizione<\/h2>\n<p>Utilizziamo l'indirizzo e-mail che ci fornisci per inviarti informazioni e aggiornamenti sul tuo ordine, notizie aziendali occasionali, informazioni su prodotti correlati, ecc. Se in qualsiasi momento si desidera annullare l'iscrizione e non ricevere pi\u00f9 e-mail, le istruzioni dettagliate per annullare l'iscrizione sono incluse nella parte inferiore di ogni e-mail.<\/p>\n<h2>Consenso<\/h2>\n<p><b>Utilizzando il nostro sito, si acconsente tacitamente alla nostra politica sulla privacy.<\/b><\/p>\n<h2>Contatta<\/h2>\n<p>Se desiderate un'informazione o inviarci un'osservazione potete semplicemente utilizzare il modulo di contatto del sito (o quello del sito di <a href=\"https:\/\/mca-concept.com\/#contact\" style=\"color: dodgerblue;\">mca-concept.com<\/a>, sito della societ\u00e0), per contattarci via e-mail all'indirizzo <a href=\"mailto:info@mca-concept.com\" style=\"color: dodgerblue;\">info@mca-concept.com<\/a> o per posta al seguente indirizzo:<\/p>\n<p>MCA-Concept, Rue Basse 33, Case postale 175, 2013 Colombier\/NE<\/p>\n<\/div><\/div><\/div><\/div><\/div>","protected":false},"excerpt":{"rendered":"","protected":false},"author":1,"featured_media":0,"parent":0,"menu_order":0,"comment_status":"closed","ping_status":"closed","template":"","meta":{"footnotes":""},"class_list":["post-31249","page","type-page","status-publish","hentry"],"yoast_head":"<!-- This site is optimized with the Yoast SEO plugin v27.6 - https:\/\/yoast.com\/product\/yoast-seo-wordpress\/ -->\n<title>Informativa sulla privacy del sito web | MCA Seed-Academy | Suisse<\/title>\n<meta name=\"description\" content=\"Se vuoi vedere la nostra politica sulla privacy, sei venuto nel posto giusto. Cosa facciamo per garantire la sicurezza dei suoi dati.\" \/>\n<meta name=\"robots\" content=\"noindex, follow\" \/>\n<meta property=\"og:locale\" content=\"it_IT\" \/>\n<meta property=\"og:type\" content=\"article\" \/>\n<meta property=\"og:title\" content=\"Informativa sulla privacy del sito web | MCA Seed-Academy | Suisse\" \/>\n<meta property=\"og:description\" content=\"Se vuoi vedere la nostra politica sulla privacy, sei venuto nel posto giusto. Cosa facciamo per garantire la sicurezza dei suoi dati.\" \/>\n<meta property=\"og:url\" content=\"https:\/\/mcaseed.com\/it\/informativa-sulla-privacy\/\" \/>\n<meta property=\"og:site_name\" content=\"mcaseed.com\" \/>\n<meta property=\"article:publisher\" content=\"https:\/\/www.facebook.com\/mcaconcept\/\" \/>\n<meta property=\"article:modified_time\" content=\"2026-03-30T09:35:24+00:00\" \/>\n<meta name=\"twitter:card\" content=\"summary_large_image\" \/>\n<meta name=\"twitter:site\" content=\"@McaConcept\" \/>\n<script type=\"application\/ld+json\" class=\"yoast-schema-graph\">{\"@context\":\"https:\\\/\\\/schema.org\",\"@graph\":[{\"@type\":\"WebPage\",\"@id\":\"https:\\\/\\\/mcaseed.com\\\/it\\\/informativa-sulla-privacy\\\/\",\"url\":\"https:\\\/\\\/mcaseed.com\\\/it\\\/informativa-sulla-privacy\\\/\",\"name\":\"Informativa sulla privacy del sito web | MCA Seed-Academy | Suisse\",\"isPartOf\":{\"@id\":\"https:\\\/\\\/mcaseed.com\\\/it\\\/#website\"},\"datePublished\":\"2021-10-17T10:58:54+00:00\",\"dateModified\":\"2026-03-30T09:35:24+00:00\",\"description\":\"Se vuoi vedere la nostra politica sulla privacy, sei venuto nel posto giusto. Cosa facciamo per garantire la sicurezza dei suoi dati.\",\"breadcrumb\":{\"@id\":\"https:\\\/\\\/mcaseed.com\\\/it\\\/informativa-sulla-privacy\\\/#breadcrumb\"},\"inLanguage\":\"it-IT\",\"potentialAction\":[{\"@type\":\"ReadAction\",\"target\":[\"https:\\\/\\\/mcaseed.com\\\/it\\\/informativa-sulla-privacy\\\/\"]}]},{\"@type\":\"BreadcrumbList\",\"@id\":\"https:\\\/\\\/mcaseed.com\\\/it\\\/informativa-sulla-privacy\\\/#breadcrumb\",\"itemListElement\":[{\"@type\":\"ListItem\",\"position\":1,\"name\":\"Accueil\",\"item\":\"https:\\\/\\\/mcaseed.com\\\/it\\\/\"},{\"@type\":\"ListItem\",\"position\":2,\"name\":\"Politica sulla Privacy\"}]},{\"@type\":\"WebSite\",\"@id\":\"https:\\\/\\\/mcaseed.com\\\/it\\\/#website\",\"url\":\"https:\\\/\\\/mcaseed.com\\\/it\\\/\",\"name\":\"mcaseed.com\",\"description\":\"MCA Seed-Academy, nouvelle vision du num\u00e9rique !\",\"publisher\":{\"@id\":\"https:\\\/\\\/mcaseed.com\\\/it\\\/#organization\"},\"potentialAction\":[{\"@type\":\"SearchAction\",\"target\":{\"@type\":\"EntryPoint\",\"urlTemplate\":\"https:\\\/\\\/mcaseed.com\\\/it\\\/?s={search_term_string}\"},\"query-input\":{\"@type\":\"PropertyValueSpecification\",\"valueRequired\":true,\"valueName\":\"search_term_string\"}}],\"inLanguage\":\"it-IT\"},{\"@type\":\"Organization\",\"@id\":\"https:\\\/\\\/mcaseed.com\\\/it\\\/#organization\",\"name\":\"MCA Seed-Academy\",\"url\":\"https:\\\/\\\/mcaseed.com\\\/it\\\/\",\"logo\":{\"@type\":\"ImageObject\",\"inLanguage\":\"it-IT\",\"@id\":\"https:\\\/\\\/mcaseed.com\\\/it\\\/#\\\/schema\\\/logo\\\/image\\\/\",\"url\":\"https:\\\/\\\/mcaseed.com\\\/wp-content\\\/uploads\\\/2020\\\/07\\\/Miniature.png\",\"contentUrl\":\"https:\\\/\\\/mcaseed.com\\\/wp-content\\\/uploads\\\/2020\\\/07\\\/Miniature.png\",\"width\":512,\"height\":512,\"caption\":\"MCA Seed-Academy\"},\"image\":{\"@id\":\"https:\\\/\\\/mcaseed.com\\\/it\\\/#\\\/schema\\\/logo\\\/image\\\/\"},\"sameAs\":[\"https:\\\/\\\/www.facebook.com\\\/mcaconcept\\\/\",\"https:\\\/\\\/x.com\\\/McaConcept\",\"https:\\\/\\\/www.instagram.com\\\/mcaconcept\\\/\",\"https:\\\/\\\/ch.linkedin.com\\\/company\\\/mca-concept\",\"https:\\\/\\\/www.youtube.com\\\/channel\\\/UC1WT0RmNiTycrnzr6FqDuPg\"]}]}<\/script>\n<!-- \/ Yoast SEO plugin. -->","yoast_head_json":{"title":"Informativa sulla privacy del sito web | MCA Seed-Academy | Suisse","description":"Se vuoi vedere la nostra politica sulla privacy, sei venuto nel posto giusto. Cosa facciamo per garantire la sicurezza dei suoi dati.","robots":{"index":"noindex","follow":"follow"},"og_locale":"it_IT","og_type":"article","og_title":"Informativa sulla privacy del sito web | MCA Seed-Academy | Suisse","og_description":"Se vuoi vedere la nostra politica sulla privacy, sei venuto nel posto giusto. Cosa facciamo per garantire la sicurezza dei suoi dati.","og_url":"https:\/\/mcaseed.com\/it\/informativa-sulla-privacy\/","og_site_name":"mcaseed.com","article_publisher":"https:\/\/www.facebook.com\/mcaconcept\/","article_modified_time":"2026-03-30T09:35:24+00:00","twitter_card":"summary_large_image","twitter_site":"@McaConcept","schema":{"@context":"https:\/\/schema.org","@graph":[{"@type":"WebPage","@id":"https:\/\/mcaseed.com\/it\/informativa-sulla-privacy\/","url":"https:\/\/mcaseed.com\/it\/informativa-sulla-privacy\/","name":"Informativa sulla privacy del sito web | MCA Seed-Academy | Suisse","isPartOf":{"@id":"https:\/\/mcaseed.com\/it\/#website"},"datePublished":"2021-10-17T10:58:54+00:00","dateModified":"2026-03-30T09:35:24+00:00","description":"Se vuoi vedere la nostra politica sulla privacy, sei venuto nel posto giusto. Cosa facciamo per garantire la sicurezza dei suoi dati.","breadcrumb":{"@id":"https:\/\/mcaseed.com\/it\/informativa-sulla-privacy\/#breadcrumb"},"inLanguage":"it-IT","potentialAction":[{"@type":"ReadAction","target":["https:\/\/mcaseed.com\/it\/informativa-sulla-privacy\/"]}]},{"@type":"BreadcrumbList","@id":"https:\/\/mcaseed.com\/it\/informativa-sulla-privacy\/#breadcrumb","itemListElement":[{"@type":"ListItem","position":1,"name":"Accueil","item":"https:\/\/mcaseed.com\/it\/"},{"@type":"ListItem","position":2,"name":"Politica sulla Privacy"}]},{"@type":"WebSite","@id":"https:\/\/mcaseed.com\/it\/#website","url":"https:\/\/mcaseed.com\/it\/","name":"mcaseed.com","description":"MCA Seed-Academy, nouvelle vision du num\u00e9rique !","publisher":{"@id":"https:\/\/mcaseed.com\/it\/#organization"},"potentialAction":[{"@type":"SearchAction","target":{"@type":"EntryPoint","urlTemplate":"https:\/\/mcaseed.com\/it\/?s={search_term_string}"},"query-input":{"@type":"PropertyValueSpecification","valueRequired":true,"valueName":"search_term_string"}}],"inLanguage":"it-IT"},{"@type":"Organization","@id":"https:\/\/mcaseed.com\/it\/#organization","name":"MCA Seed-Academy","url":"https:\/\/mcaseed.com\/it\/","logo":{"@type":"ImageObject","inLanguage":"it-IT","@id":"https:\/\/mcaseed.com\/it\/#\/schema\/logo\/image\/","url":"https:\/\/mcaseed.com\/wp-content\/uploads\/2020\/07\/Miniature.png","contentUrl":"https:\/\/mcaseed.com\/wp-content\/uploads\/2020\/07\/Miniature.png","width":512,"height":512,"caption":"MCA Seed-Academy"},"image":{"@id":"https:\/\/mcaseed.com\/it\/#\/schema\/logo\/image\/"},"sameAs":["https:\/\/www.facebook.com\/mcaconcept\/","https:\/\/x.com\/McaConcept","https:\/\/www.instagram.com\/mcaconcept\/","https:\/\/ch.linkedin.com\/company\/mca-concept","https:\/\/www.youtube.com\/channel\/UC1WT0RmNiTycrnzr6FqDuPg"]}]}},"_links":{"self":[{"href":"https:\/\/mcaseed.com\/it\/wp-json\/wp\/v2\/pages\/31249","targetHints":{"allow":["GET"]}}],"collection":[{"href":"https:\/\/mcaseed.com\/it\/wp-json\/wp\/v2\/pages"}],"about":[{"href":"https:\/\/mcaseed.com\/it\/wp-json\/wp\/v2\/types\/page"}],"author":[{"embeddable":true,"href":"https:\/\/mcaseed.com\/it\/wp-json\/wp\/v2\/users\/1"}],"replies":[{"embeddable":true,"href":"https:\/\/mcaseed.com\/it\/wp-json\/wp\/v2\/comments?post=31249"}],"version-history":[{"count":5,"href":"https:\/\/mcaseed.com\/it\/wp-json\/wp\/v2\/pages\/31249\/revisions"}],"predecessor-version":[{"id":37348,"href":"https:\/\/mcaseed.com\/it\/wp-json\/wp\/v2\/pages\/31249\/revisions\/37348"}],"wp:attachment":[{"href":"https:\/\/mcaseed.com\/it\/wp-json\/wp\/v2\/media?parent=31249"}],"curies":[{"name":"wp","href":"https:\/\/api.w.org\/{rel}","templated":true}]}}