{"id":31268,"date":"2021-10-17T13:35:12","date_gmt":"2021-10-17T11:35:12","guid":{"rendered":"https:\/\/mcaseed.com\/la-digitalizzazione\/"},"modified":"2026-03-30T11:35:46","modified_gmt":"2026-03-30T09:35:46","slug":"la-digitalizzazione","status":"publish","type":"page","link":"https:\/\/mcaseed.com\/it\/la-digitalizzazione\/","title":{"rendered":"Digitalizzazione"},"content":{"rendered":"\n<div class=\"et_pb_section_0 et_pb_section et_section_regular et_block_section\"><div class=\"et_pb_row_0 et_pb_row et_block_row\"><div class=\"et_pb_column_0 et_pb_column et_pb_column_4_4 et-last-child et_block_column et_pb_css_mix_blend_mode_passthrough\"><div class=\"et_pb_text_0 et_pb_text et_pb_bg_layout_light et_pb_module et_block_module et_pb_text_align_center\"><div class=\"et_pb_text_inner\"><h1>Digitalizzazione<\/h1>\n<\/div><\/div><\/div><\/div><div class=\"et_pb_row_1 et_pb_row et_block_row\"><div class=\"et_pb_column_1 et_pb_column et_pb_column_4_4 et-last-child et_block_column et_pb_css_mix_blend_mode_passthrough\"><div class=\"et_pb_text_1 et_pb_text et_pb_bg_layout_light et_pb_module et_block_module\"><div class=\"et_pb_text_inner\"><p>La rivoluzione digitale ha cambiato in modo permanente la nostra vita quotidiana.<br \/>\nInternet, gli strumenti informatici, i big data e l'intelligenza artificiale sono ormai utilizzati quotidianamente da miliardi di persone. Il mondo degli affari non \u00e8 rimasto indietro, al contrario, e <strong>la digitalizzazione \u00e8 diventata la punta di diamante delle strategie aziendali vincenti.<\/strong><\/p>\n<p>Gli strumenti digitali possono aumentare il <strong>fatturato<\/strong> e rendere pi\u00f9 fluide <strong>tutte le attivit\u00e0 aziendali.<\/strong> Inoltre, facilitano la gestione delle crisi attraverso la dematerializzazione. Le aziende con forti soluzioni digitali sono state in grado di adattarsi senza problemi al <strong>telelavoro<\/strong>, che \u00e8 un passo necessario quando i dipendenti sono confinati.<\/p>\n<p>Ma non \u00e8 facile, soprattutto per le VSE e le PMI, considerare in modo ottimale tutti gli strumenti digitali che a volte non sono molto ergonomici. Spesso \u00e8 difficile scegliere lo strumento giusto per il settore giusto: processi di produzione, marketing, relazioni con i clienti, sito web e social network, gestione delle risorse umane, ecc.<\/p>\n<p><strong>Gestire tutto questo software pu\u00f2 richiedere molto tempo e paradossalmente aumentare i problemi di gestione quotidiana per voi e il vostro staff.<\/strong><\/p>\n<p>In considerazione di ci\u00f2, <strong>MCA Seed Academy<\/strong> offre :<br \/>\n- <strong>per aiutarvi a ottimizzare tutti i vostri strumenti digitali<\/strong> dopo un audit approfondito dei vostri processi interni,<br \/>\n- <strong>per accompagnarvi nella digitalizzazione della vostra azienda<\/strong> avendo una visione globale dei vostri bisogni, dei vostri desideri, dei vostri beni, delle realt\u00e0 del vostro settore di attivit\u00e0 e della vostra clientela,<br \/>\n- <strong>soluzioni software<\/strong> secondo i vostri mezzi, i vostri bisogni, le vostre scelte strategiche a breve e lungo termine,<br \/>\n- <strong>indirizzarvi verso strumenti efficienti<\/strong> a cui non avreste pensato o che non avreste conosciuto: gestione di grandi dati, piattaforma di lavoro condivisa, analisi dei percorsi dei clienti, ecc.<\/p>\n<\/div><\/div><\/div><\/div><div class=\"et_pb_row_2 et_pb_row et_block_row\"><div class=\"et_pb_column_2 et_pb_column et_pb_column_4_4 et-last-child et_block_column et_pb_css_mix_blend_mode_passthrough\"><div class=\"et_pb_text_2 et_pb_text et_pb_bg_layout_light et_pb_module et_block_module\"><div class=\"et_pb_text_inner\"><h2>Trasformazione digitale: adattare gli strumenti alle vostre esigenze<\/h2>\n<\/div><\/div><div class=\"et_pb_text_3 et_pb_text et_pb_bg_layout_light et_pb_module et_block_module\"><div class=\"et_pb_text_inner\"><p><strong>La digitalizzazione \u00e8 diventata una parte essenziale<\/strong> di ogni azienda di successo, non solo per rimanere davanti alla concorrenza, ma anche per soddisfare <strong>le nuove esigenze dei clienti<\/strong>.<br \/>\nQualunque sia il vostro settore di attivit\u00e0, gli strumenti digitali fanno ormai parte della vostra vita quotidiana. Probabilmente hai un sito web, usi un software per l'ufficio, per la contabilit\u00e0 o per le relazioni con i clienti. Il vostro personale di vendita usa smartphone o tablet e i processi di produzione o gli scambi con i fornitori sono automatizzati.<\/p>\n<p>Tuttavia, se avete scelto un software man mano che la vostra azienda \u00e8 cresciuta, pu\u00f2 essere che :<br \/>\n- alcuni sono superati o obsoleti,<br \/>\n- molti strumenti digitali hanno funzioni ridondanti,<br \/>\n- alcune soluzioni \"all-in-one\" offrono funzioni di cui non avete bisogno,<br \/>\n- questi strumenti non sono pi\u00f9 adatti ai vostri bisogni o nuovi bisogni implicano l'arrivo di nuovi strumenti.<\/p>\n<p>In tutti questi casi, usare soluzioni software irrilevanti o ingombranti fa perdere tempo e denaro.<br \/>\nLe aziende hanno spesso bisogno di software interfunzionali come ERP (Enterprise Resource Planning) o CRM (Customer Relationship Management). Il vantaggio di questi strumenti \u00e8 che offrono soluzioni complete per tutti i settori di attivit\u00e0. Ma questo \u00e8 come pagare per servizi non necessari. E spesso, \u00e8 anche necessario finanziare la formazione per gestire questi \"impianti a gas\".<\/p>\n<p>I professionisti di MCA Seed Academy conoscono a fondo tutte le offerte digitali disponibili. Saranno in grado di indirizzarvi verso soluzioni pi\u00f9 adatte alle vostre esigenze, o anche verso un software personalizzato che ha il vantaggio di essere sviluppato esclusivamente secondo le vostre necessit\u00e0.<br \/>\nI giorni in cui le aziende dovevano adattarsi al software sono finiti, la digitalizzazione di seconda generazione significa trovare soluzioni che si adattano alle aziende.<\/p>\n<\/div><\/div><\/div><\/div><div class=\"et_pb_row_3 et_pb_row et_block_row\"><div class=\"et_pb_column_3 et_pb_column et_pb_column_4_4 et-last-child et_block_column et_pb_css_mix_blend_mode_passthrough\"><div class=\"et_pb_text_4 et_pb_text et_pb_bg_layout_light et_pb_module et_block_module\"><div class=\"et_pb_text_inner\"><h2>Non sprecate il vostro tempo, non sprecate i vostri soldi.<\/h2>\n<\/div><\/div><div class=\"et_pb_text_5 et_pb_text et_pb_bg_layout_light et_pb_module et_block_module\"><div class=\"et_pb_text_inner\"><p><strong>Se stai iniziando un'attivit\u00e0<\/strong>, gli esperti di MCA Seed Academy ti aiuteranno a scegliere i tuoi futuri strumenti informatici.<br \/>\nCon la pletora di software esistenti, non \u00e8 facile per un principiante, o anche per un utente esperto, fare una scelta.<br \/>\nInoltre, alcuni strumenti digitali possono fornire servizi di cui forse non avete mai sentito parlare.<br \/>\nUn esempio tra gli altri: per il marketing, un buon CRM raccoglie informazioni precise sul percorso del cliente e automatizza i mailing che, anche se automatici, sono comunque personalizzati.<\/p>\n<p>Le interazioni con i clienti, i fornitori e i potenziali clienti generano un flusso di dati che porta a informazioni preziose.<br \/>\nQueste informazioni provenienti dai Big Data facilitano la gestione dell'azienda mostrando come i clienti trovano i vostri prodotti, cosa funziona, quali referenze sono preferite o devono essere migliorate, e quali nuovi mercati devono essere conquistati.<br \/>\nAllo stesso tempo, avrete una buona visione d'insieme e molte informazioni estremamente precise.<\/p>\n<\/div><\/div><\/div><\/div><div class=\"et_pb_row_4 et_pb_row et_block_row\"><div class=\"et_pb_column_4 et_pb_column et_pb_column_4_4 et-last-child et_block_column et_pb_css_mix_blend_mode_passthrough\"><div class=\"et_pb_text_6 et_pb_text et_pb_bg_layout_light et_pb_module et_block_module\"><div class=\"et_pb_text_inner\"><h2>Ripensare la gestione<\/h2>\n<\/div><\/div><div class=\"et_pb_text_7 et_pb_text et_pb_bg_layout_light et_pb_module et_block_module\"><div class=\"et_pb_text_inner\"><p>Infine, l'arrivo di questi preziosi strumenti digitali aumenta <strong>il comfort dei vostri dipendenti<\/strong>. Niente pi\u00f9 compiti noiosi e ripetitivi, il software di automazione \u00e8 l\u00ec per combinare produttivit\u00e0 e facilit\u00e0 d'uso.<br \/>\nLa maggior parte delle soluzioni digitali generano una funzionalit\u00e0 incrociata che \u00e8 insolita nelle nostre aziende.<br \/>\nLa raccolta di tutti i dati dalla catena di produzione alla forza di vendita, dalla contabilit\u00e0 al marketing, implica una nuova sinergia. Tutte le forze dell'azienda sono finalmente unite in un unico obiettivo: il successo.<br \/>\nNiente pi\u00f9 confini tra dipartimenti o organizzazioni iper-piramidali, i vostri dipendenti di ogni estrazione saranno veramente coinvolti nella gestione dell'azienda e formeranno una vera squadra. \u00c8 sbagliato credere che la digitalizzazione lasci la strada aperta a processi disumanizzati, lasciateci dimostrare che \u00e8 vero il contrario.<\/p>\n<p>In breve, 20 anni fa, sviluppare un sito web non era qualcosa a cui gli imprenditori pensavano. La digitalizzazione \u00e8 ormai ovunque e avere dalla propria parte degli specialisti in questo mondo, che pu\u00f2 sembrare ostile e nebuloso, \u00e8 un asset vincente.<br \/>\nAffidatevi agli esperti di MCA Seed Academy che saranno in grado, in breve tempo, di guidarvi nella scelta di strumenti software efficienti e corrispondenti alle vostre esigenze.<\/p>\n<\/div><\/div><\/div><\/div><\/div>\n","protected":false},"excerpt":{"rendered":"","protected":false},"author":1,"featured_media":0,"parent":0,"menu_order":0,"comment_status":"closed","ping_status":"closed","template":"","meta":{"footnotes":""},"class_list":["post-31268","page","type-page","status-publish","hentry"],"yoast_head":"<!-- This site is optimized with the Yoast SEO plugin v27.3 - https:\/\/yoast.com\/product\/yoast-seo-wordpress\/ -->\n<title>Cos&#039;\u00e8 la digitalizzazione | MCA Seed-Academy | Suisse<\/title>\n<meta name=\"description\" content=\"Scopri la nostra visione della digitalizzazione, un processo che \u00e8 diventato essenziale per beneficiare delle nuove tecnologie di gestione.\" \/>\n<meta name=\"robots\" content=\"index, follow, max-snippet:-1, max-image-preview:large, max-video-preview:-1\" \/>\n<link rel=\"canonical\" href=\"https:\/\/mcaseed.com\/it\/la-digitalizzazione\/\" \/>\n<meta property=\"og:locale\" content=\"it_IT\" \/>\n<meta property=\"og:type\" content=\"article\" \/>\n<meta property=\"og:title\" content=\"Cos&#039;\u00e8 la digitalizzazione | MCA Seed-Academy | Suisse\" \/>\n<meta property=\"og:description\" content=\"Scopri la nostra visione della digitalizzazione, un processo che \u00e8 diventato essenziale per beneficiare delle nuove tecnologie di gestione.\" \/>\n<meta property=\"og:url\" content=\"https:\/\/mcaseed.com\/it\/la-digitalizzazione\/\" \/>\n<meta property=\"og:site_name\" content=\"mcaseed.com\" \/>\n<meta property=\"article:publisher\" content=\"https:\/\/www.facebook.com\/mcaconcept\/\" \/>\n<meta property=\"article:modified_time\" content=\"2026-03-30T09:35:46+00:00\" \/>\n<meta name=\"twitter:card\" content=\"summary_large_image\" \/>\n<meta name=\"twitter:site\" content=\"@McaConcept\" \/>\n<script type=\"application\/ld+json\" class=\"yoast-schema-graph\">{\"@context\":\"https:\\\/\\\/schema.org\",\"@graph\":[{\"@type\":\"WebPage\",\"@id\":\"https:\\\/\\\/mcaseed.com\\\/it\\\/la-digitalizzazione\\\/\",\"url\":\"https:\\\/\\\/mcaseed.com\\\/it\\\/la-digitalizzazione\\\/\",\"name\":\"Cos'\u00e8 la digitalizzazione | MCA Seed-Academy | Suisse\",\"isPartOf\":{\"@id\":\"https:\\\/\\\/mcaseed.com\\\/it\\\/#website\"},\"datePublished\":\"2021-10-17T11:35:12+00:00\",\"dateModified\":\"2026-03-30T09:35:46+00:00\",\"description\":\"Scopri la nostra visione della digitalizzazione, un processo che \u00e8 diventato essenziale per beneficiare delle nuove tecnologie di gestione.\",\"breadcrumb\":{\"@id\":\"https:\\\/\\\/mcaseed.com\\\/it\\\/la-digitalizzazione\\\/#breadcrumb\"},\"inLanguage\":\"it-IT\",\"potentialAction\":[{\"@type\":\"ReadAction\",\"target\":[\"https:\\\/\\\/mcaseed.com\\\/it\\\/la-digitalizzazione\\\/\"]}]},{\"@type\":\"BreadcrumbList\",\"@id\":\"https:\\\/\\\/mcaseed.com\\\/it\\\/la-digitalizzazione\\\/#breadcrumb\",\"itemListElement\":[{\"@type\":\"ListItem\",\"position\":1,\"name\":\"Accueil\",\"item\":\"https:\\\/\\\/mcaseed.com\\\/it\\\/\"},{\"@type\":\"ListItem\",\"position\":2,\"name\":\"Digitalizzazione\"}]},{\"@type\":\"WebSite\",\"@id\":\"https:\\\/\\\/mcaseed.com\\\/it\\\/#website\",\"url\":\"https:\\\/\\\/mcaseed.com\\\/it\\\/\",\"name\":\"mcaseed.com\",\"description\":\"MCA Seed-Academy, nouvelle vision du num\u00e9rique !\",\"publisher\":{\"@id\":\"https:\\\/\\\/mcaseed.com\\\/it\\\/#organization\"},\"potentialAction\":[{\"@type\":\"SearchAction\",\"target\":{\"@type\":\"EntryPoint\",\"urlTemplate\":\"https:\\\/\\\/mcaseed.com\\\/it\\\/?s={search_term_string}\"},\"query-input\":{\"@type\":\"PropertyValueSpecification\",\"valueRequired\":true,\"valueName\":\"search_term_string\"}}],\"inLanguage\":\"it-IT\"},{\"@type\":\"Organization\",\"@id\":\"https:\\\/\\\/mcaseed.com\\\/it\\\/#organization\",\"name\":\"MCA Seed-Academy\",\"url\":\"https:\\\/\\\/mcaseed.com\\\/it\\\/\",\"logo\":{\"@type\":\"ImageObject\",\"inLanguage\":\"it-IT\",\"@id\":\"https:\\\/\\\/mcaseed.com\\\/it\\\/#\\\/schema\\\/logo\\\/image\\\/\",\"url\":\"https:\\\/\\\/mcaseed.com\\\/wp-content\\\/uploads\\\/2020\\\/07\\\/Miniature.png\",\"contentUrl\":\"https:\\\/\\\/mcaseed.com\\\/wp-content\\\/uploads\\\/2020\\\/07\\\/Miniature.png\",\"width\":512,\"height\":512,\"caption\":\"MCA Seed-Academy\"},\"image\":{\"@id\":\"https:\\\/\\\/mcaseed.com\\\/it\\\/#\\\/schema\\\/logo\\\/image\\\/\"},\"sameAs\":[\"https:\\\/\\\/www.facebook.com\\\/mcaconcept\\\/\",\"https:\\\/\\\/x.com\\\/McaConcept\",\"https:\\\/\\\/www.instagram.com\\\/mcaconcept\\\/\",\"https:\\\/\\\/ch.linkedin.com\\\/company\\\/mca-concept\",\"https:\\\/\\\/www.youtube.com\\\/channel\\\/UC1WT0RmNiTycrnzr6FqDuPg\"]}]}<\/script>\n<!-- \/ Yoast SEO plugin. -->","yoast_head_json":{"title":"Cos'\u00e8 la digitalizzazione | MCA Seed-Academy | Suisse","description":"Scopri la nostra visione della digitalizzazione, un processo che \u00e8 diventato essenziale per beneficiare delle nuove tecnologie di gestione.","robots":{"index":"index","follow":"follow","max-snippet":"max-snippet:-1","max-image-preview":"max-image-preview:large","max-video-preview":"max-video-preview:-1"},"canonical":"https:\/\/mcaseed.com\/it\/la-digitalizzazione\/","og_locale":"it_IT","og_type":"article","og_title":"Cos'\u00e8 la digitalizzazione | MCA Seed-Academy | Suisse","og_description":"Scopri la nostra visione della digitalizzazione, un processo che \u00e8 diventato essenziale per beneficiare delle nuove tecnologie di gestione.","og_url":"https:\/\/mcaseed.com\/it\/la-digitalizzazione\/","og_site_name":"mcaseed.com","article_publisher":"https:\/\/www.facebook.com\/mcaconcept\/","article_modified_time":"2026-03-30T09:35:46+00:00","twitter_card":"summary_large_image","twitter_site":"@McaConcept","schema":{"@context":"https:\/\/schema.org","@graph":[{"@type":"WebPage","@id":"https:\/\/mcaseed.com\/it\/la-digitalizzazione\/","url":"https:\/\/mcaseed.com\/it\/la-digitalizzazione\/","name":"Cos'\u00e8 la digitalizzazione | MCA Seed-Academy | Suisse","isPartOf":{"@id":"https:\/\/mcaseed.com\/it\/#website"},"datePublished":"2021-10-17T11:35:12+00:00","dateModified":"2026-03-30T09:35:46+00:00","description":"Scopri la nostra visione della digitalizzazione, un processo che \u00e8 diventato essenziale per beneficiare delle nuove tecnologie di gestione.","breadcrumb":{"@id":"https:\/\/mcaseed.com\/it\/la-digitalizzazione\/#breadcrumb"},"inLanguage":"it-IT","potentialAction":[{"@type":"ReadAction","target":["https:\/\/mcaseed.com\/it\/la-digitalizzazione\/"]}]},{"@type":"BreadcrumbList","@id":"https:\/\/mcaseed.com\/it\/la-digitalizzazione\/#breadcrumb","itemListElement":[{"@type":"ListItem","position":1,"name":"Accueil","item":"https:\/\/mcaseed.com\/it\/"},{"@type":"ListItem","position":2,"name":"Digitalizzazione"}]},{"@type":"WebSite","@id":"https:\/\/mcaseed.com\/it\/#website","url":"https:\/\/mcaseed.com\/it\/","name":"mcaseed.com","description":"MCA Seed-Academy, nouvelle vision du num\u00e9rique !","publisher":{"@id":"https:\/\/mcaseed.com\/it\/#organization"},"potentialAction":[{"@type":"SearchAction","target":{"@type":"EntryPoint","urlTemplate":"https:\/\/mcaseed.com\/it\/?s={search_term_string}"},"query-input":{"@type":"PropertyValueSpecification","valueRequired":true,"valueName":"search_term_string"}}],"inLanguage":"it-IT"},{"@type":"Organization","@id":"https:\/\/mcaseed.com\/it\/#organization","name":"MCA Seed-Academy","url":"https:\/\/mcaseed.com\/it\/","logo":{"@type":"ImageObject","inLanguage":"it-IT","@id":"https:\/\/mcaseed.com\/it\/#\/schema\/logo\/image\/","url":"https:\/\/mcaseed.com\/wp-content\/uploads\/2020\/07\/Miniature.png","contentUrl":"https:\/\/mcaseed.com\/wp-content\/uploads\/2020\/07\/Miniature.png","width":512,"height":512,"caption":"MCA Seed-Academy"},"image":{"@id":"https:\/\/mcaseed.com\/it\/#\/schema\/logo\/image\/"},"sameAs":["https:\/\/www.facebook.com\/mcaconcept\/","https:\/\/x.com\/McaConcept","https:\/\/www.instagram.com\/mcaconcept\/","https:\/\/ch.linkedin.com\/company\/mca-concept","https:\/\/www.youtube.com\/channel\/UC1WT0RmNiTycrnzr6FqDuPg"]}]}},"_links":{"self":[{"href":"https:\/\/mcaseed.com\/it\/wp-json\/wp\/v2\/pages\/31268","targetHints":{"allow":["GET"]}}],"collection":[{"href":"https:\/\/mcaseed.com\/it\/wp-json\/wp\/v2\/pages"}],"about":[{"href":"https:\/\/mcaseed.com\/it\/wp-json\/wp\/v2\/types\/page"}],"author":[{"embeddable":true,"href":"https:\/\/mcaseed.com\/it\/wp-json\/wp\/v2\/users\/1"}],"replies":[{"embeddable":true,"href":"https:\/\/mcaseed.com\/it\/wp-json\/wp\/v2\/comments?post=31268"}],"version-history":[{"count":6,"href":"https:\/\/mcaseed.com\/it\/wp-json\/wp\/v2\/pages\/31268\/revisions"}],"predecessor-version":[{"id":37370,"href":"https:\/\/mcaseed.com\/it\/wp-json\/wp\/v2\/pages\/31268\/revisions\/37370"}],"wp:attachment":[{"href":"https:\/\/mcaseed.com\/it\/wp-json\/wp\/v2\/media?parent=31268"}],"curies":[{"name":"wp","href":"https:\/\/api.w.org\/{rel}","templated":true}]}}