{"id":31274,"date":"2021-10-17T13:44:40","date_gmt":"2021-10-17T11:44:40","guid":{"rendered":"https:\/\/mcaseed.com\/trasformazione-digitale\/"},"modified":"2026-03-30T11:35:46","modified_gmt":"2026-03-30T09:35:46","slug":"trasformazione-digitale","status":"publish","type":"page","link":"https:\/\/mcaseed.com\/it\/trasformazione-digitale\/","title":{"rendered":"Trasformazione digitale"},"content":{"rendered":"\n<div class=\"et_pb_section_0 et_pb_section et_section_regular et_block_section\"><div class=\"et_pb_row_0 et_pb_row et_block_row\"><div class=\"et_pb_column_0 et_pb_column et_pb_column_4_4 et-last-child et_block_column et_pb_css_mix_blend_mode_passthrough\"><div class=\"et_pb_text_0 et_pb_text et_pb_bg_layout_light et_pb_module et_block_module et_pb_text_align_center\"><div class=\"et_pb_text_inner\"><h1>Trasformazione digitale<\/h1>\n<\/div><\/div><\/div><\/div><div class=\"et_pb_row_1 et_pb_row et_block_row\"><div class=\"et_pb_column_1 et_pb_column et_pb_column_4_4 et-last-child et_block_column et_pb_css_mix_blend_mode_passthrough\"><div class=\"et_pb_text_1 et_pb_text et_pb_bg_layout_light et_pb_module et_block_module\"><div class=\"et_pb_text_inner\"><p>La <strong>trasformazione digitale<\/strong> \u00e8 un must per ogni azienda che vuole rimanere competitiva.<br \/>\nTuttavia, non \u00e8 sempre facile trovare la propria strada attraverso la pletora di nuove tecnologie offerte, o sapere da dove iniziare.<br \/>\nAllo stesso modo, modernizzare gli strumenti informatici, dematerializzare tutti o parte dei processi di produzione, vendita, relazioni con i clienti e marketing, e intraprendere l'analisi dei grandi dati, non \u00e8 un compito facile. Al contrario, l'accumulo di software complessi e l'arrivo di nuove pratiche possono destabilizzare il vostro personale e persino l'organizzazione stessa del vostro lavoro.<\/p>\n<p>Ecco perch\u00e9 <strong>MCA Seed Academy<\/strong> offre una guida professionale per garantire che la trasformazione digitale della tua azienda vada liscia.<\/p>\n<p>I nostri professionisti combinano la conoscenza dell'ambiente imprenditoriale e delle nuove tecnologie.<br \/>\nSaranno partner efficaci in :<br \/>\n- Identificare le preoccupazioni, le carenze e i possibili <strong>miglioramenti dei processi<\/strong> di lavoro interni di tutti i vostri dipartimenti,<br \/>\n- <strong>demistificare un processo di digitalizzazione<\/strong> che pu\u00f2 essere spaventoso,<br \/>\n- <strong>aggiornare le duplicazioni<\/strong> nei software utilizzati che spesso incorporano gli stessi compiti,<br \/>\n- per accompagnarvi in una <strong>vera strategia di applicazione di soluzioni digitali<\/strong> efficaci secondo i vostri bisogni,<br \/>\n- introdurvi ai <strong>moderni metodi di business<\/strong> come l'inbound marketing,<br \/>\n- per far s\u00ec che questa evoluzione non sia subita come un passaggio obbligato, ma piuttosto una <strong>trasformazione di successo<\/strong>.<\/p>\n<\/div><\/div><\/div><\/div><div class=\"et_pb_row_2 et_pb_row et_block_row\"><div class=\"et_pb_column_2 et_pb_column et_pb_column_4_4 et-last-child et_block_column et_pb_css_mix_blend_mode_passthrough\"><div class=\"et_pb_text_2 et_pb_text et_pb_bg_layout_light et_pb_module et_block_module\"><div class=\"et_pb_text_inner\"><h2>Cos'\u00e8 la trasformazione digitale? Cosa pu\u00f2 fare per voi ?<\/h2>\n<\/div><\/div><div class=\"et_pb_text_3 et_pb_text et_pb_bg_layout_light et_pb_module et_block_module\"><div class=\"et_pb_text_inner\"><p>La rivoluzione digitale iniziata all'inizio del secolo ha cambiato e continua a cambiare profondamente le nostre vite. Oggi, per esempio, prima di qualsiasi acquisto, i consumatori fanno ricerche su Google con i loro smartphone. Un geste qui devient anodin alors qu\u2019il \u00e9tait impensable il y a juste quelques ann\u00e9es.<br \/>\nLe aziende, forzate o volontarie, hanno assunto questi nuovi strumenti digitali in misura diversa. Tuttavia, la sempre crescente evoluzione del software, ma anche dei modi di consumare e lavorare, non \u00e8 facile da seguire. \u00c8 quindi normale che i business leader, sempre desiderosi di rimanere competitivi, vogliano una trasformazione digitale vincente. Ma a volte \u00e8 difficile stare al passo con gli ultimi sviluppi.<br \/>\n<strong>MCA Seed Academy<\/strong> offre i suoi servizi per ottimizzare questa evoluzione, perch\u00e9 avete tutto da guadagnare da una trasformazione digitale di successo.<\/p>\n<\/div><\/div><\/div><\/div><div class=\"et_pb_row_3 et_pb_row et_block_row\"><div class=\"et_pb_column_3 et_pb_column et_pb_column_4_4 et-last-child et_block_column et_pb_css_mix_blend_mode_passthrough\"><div class=\"et_pb_text_4 et_pb_text et_pb_bg_layout_light et_pb_module et_block_module\"><div class=\"et_pb_text_inner\"><h2>Dematerializzazione<\/h2>\n<\/div><\/div><div class=\"et_pb_text_5 et_pb_text et_pb_bg_layout_light et_pb_module et_block_module\"><div class=\"et_pb_text_inner\"><p>Avviata fin dalla comparsa dei primi computer, la dematerializzazione offre un risparmio incomparabile di tempo e di risorse. Ora \u00e8 possibile inviare un catalogo di diverse centinaia di pagine ai clienti con un semplice clic su Internet.<br \/>\nSe spesso pensiamo alla dematerializzazione dei servizi (office automation, contabilit\u00e0, marketing, ecc.), essa riguarda anche i processi produttivi attraverso una tecnologia digitale adeguata ed efficiente.<\/p>\n<\/div><\/div><div class=\"et_pb_text_6 et_pb_text et_pb_bg_layout_light et_pb_module et_block_module\"><div class=\"et_pb_text_inner\"><h2>Nuove soluzioni digitali<\/h2>\n<\/div><\/div><div class=\"et_pb_text_7 et_pb_text et_pb_bg_layout_light et_pb_module et_block_module\"><div class=\"et_pb_text_inner\"><p>Ci teniamo aggiornati sugli ultimi sviluppi. Alla fine dell'audit, possiamo vedere se ci sono soluzioni digitali per sostituire quelle vecchie per migliorare e snellire il lavoro, le relazioni con i clienti, il marketing, ecc. Un e-shop pu\u00f2 essere un vero vantaggio in un momento in cui lo shopping su Internet sta esplodendo.<br \/>\nPotreste anche aver accumulato software con funzionalit\u00e0 duplicate, che di fatto rallentano la produttivit\u00e0 dei vostri dipendenti, la nostra esperienza far\u00e0 emergere tali preoccupazioni.<br \/>\nSostituirli con soluzioni digitali appropriate avr\u00e0 un doppio effetto: produttivit\u00e0 e comfort di lavoro.<\/p>\n<\/div><\/div><div class=\"et_pb_text_8 et_pb_text et_pb_bg_layout_light et_pb_module et_block_module\"><div class=\"et_pb_text_inner\"><h2>Nuovi metodi di lavoro<\/h2>\n<\/div><\/div><div class=\"et_pb_text_9 et_pb_text et_pb_bg_layout_light et_pb_module et_block_module\"><div class=\"et_pb_text_inner\"><p>Infatti, la trasformazione digitale non dovrebbe solo far risparmiare tempo ottimizzando il software, ma dovrebbe anche permettere di stabilire nuovi modi di lavorare.<br \/>\nUno degli obiettivi \u00e8 quello di facilitare la vita dei vostri dipendenti avendo <strong>una visione ergonomica<\/strong> di ogni posizione.<br \/>\nD'ora in poi, combinando il cloud e gli smartphone, i vostri rappresentanti possono emettere un preventivo direttamente dalla sede del cliente. Questi \"piccoli extra\" non solo fanno risparmiare tempo, ma danno anche un'immagine moderna alla vostra azienda.<br \/>\nQuando si gestisce un business, \u00e8 difficile stare al passo con gli ultimi potenti strumenti digitali. Grazie al nostro monitoraggio tecnologico, saremo in grado di trovare soluzioni adatte alle vostre esigenze.<\/p>\n<\/div><\/div><div class=\"et_pb_text_10 et_pb_text et_pb_bg_layout_light et_pb_module et_block_module\"><div class=\"et_pb_text_inner\"><h2>Un nuovo modo di pensare al tuo business<\/h2>\n<\/div><\/div><div class=\"et_pb_text_11 et_pb_text et_pb_bg_layout_light et_pb_module et_block_module\"><div class=\"et_pb_text_inner\"><p>Oltre al comfort di lavoro dei vostri dipendenti, l'implementazione di soluzioni digitali introduce un nuovo modo di lavorare, anche di pensare la vostra azienda. La <strong>trasversalit\u00e0<\/strong> indotta dalle nuove tecnologie attenua la visione piramidale della struttura aziendale. Ognuno, qualunque sia la sua posizione, porta un plus riconosciuto alla dinamica dell'azienda, si crea una sinergia. <strong>La trasformazione digitale coinvolge tutti in un vero e proprio lavoro di squadra.<\/strong><\/p>\n<\/div><\/div><div class=\"et_pb_text_12 et_pb_text et_pb_bg_layout_light et_pb_module et_block_module\"><div class=\"et_pb_text_inner\"><h2>Al passo con i tempi<\/h2>\n<\/div><\/div><div class=\"et_pb_text_13 et_pb_text et_pb_bg_layout_light et_pb_module et_block_module\"><div class=\"et_pb_text_inner\"><p>La rivoluzione digitale non ha finito di trasformare l'ambiente degli affari. Fino a poco tempo fa, una piccola PMI non avrebbe potuto pensare di avere accesso all'intelligenza artificiale, alla gestione ottimale dei dati (i famosi Big Data), all'analisi fine del percorso del cliente, alla realizzazione pi\u00f9 facile del marketing mirato, ecc. <strong>La democratizzazione del software<\/strong> permette ora di trovare soluzioni che prima erano riservate ai grandi gruppi.<br \/>\nInoltre, ora che tutti cercano su Google prima di fare un acquisto, essere presenti e attivi contro i concorrenti pi\u00f9 grandi non \u00e8 pi\u00f9 un compito impossibile per le piccole organizzazioni.<\/p>\n<\/div><\/div><div class=\"et_pb_text_14 et_pb_text et_pb_bg_layout_light et_pb_module et_block_module\"><div class=\"et_pb_text_inner\"><h2>Aumentare la reattivit\u00e0<\/h2>\n<\/div><\/div><div class=\"et_pb_text_15 et_pb_text et_pb_bg_layout_light et_pb_module et_block_module\"><div class=\"et_pb_text_inner\"><p>Le soluzioni software possono essere utilizzate per migliorare tutte le postazioni di lavoro. Ma bisogna fare la scelta giusta. La <strong>digitalizzazione dei processi produttivi<\/strong> facilita il controllo della produzione. Il collegamento tra la produzione fisica dei vostri prodotti e i dati digitali (acquisti, richieste, desideri dei clienti, ecc.) pu\u00f2 essere fatto facilmente. <strong>Sarete pi\u00f9 reattivi ai cambiamenti del mercato.<\/strong><br \/>\nQuesto faciliter\u00e0 la gestione della domanda e dell'offerta ed eviter\u00e0 la stagnazione delle scorte.<br \/>\nQuesta trasformazione digitale implica anche la possibilit\u00e0 di controllo remoto della produzione.<br \/>\nPer il marketing, invece di lanciare costose campagne sui media tradizionali, l'analisi dei vostri archivi clienti facilita l'implementazione dell'inbound marketing: fare in modo che il cliente venga a cercare la vostra offerta, quella che pi\u00f9 gli conviene.<\/p>\n<\/div><\/div><div class=\"et_pb_text_16 et_pb_text et_pb_bg_layout_light et_pb_module et_block_module\"><div class=\"et_pb_text_inner\"><h2>Evitare le crisi<\/h2>\n<\/div><\/div><div class=\"et_pb_text_17 et_pb_text et_pb_bg_layout_light et_pb_module et_block_module\"><div class=\"et_pb_text_inner\"><p>Oltre ad appianare i possibili cambiamenti nel vostro mercato, la trasformazione digitale attenua le possibili crisi. La flessibilit\u00e0 degli strumenti digitali significa che possono essere adattati alle vostre esigenze.<br \/>\nL'esempio pi\u00f9 eclatante \u00e8 la crisi causata dal coronavirus. Alcune aziende sono state veloci a rispondere offrendo un telelavoro efficiente ai dipendenti durante il blocco, utilizzando soluzioni digitali che combinano flessibilit\u00e0 ed efficienza.<br \/>\nAllo stesso modo, queste soluzioni digitali sono flessibili e possono integrare rapidamente nuovi mercati, lo sviluppo di prodotti o servizi innovativi. O addirittura iniziarli.<\/p>\n<\/div><\/div><div class=\"et_pb_text_18 et_pb_text et_pb_bg_layout_light et_pb_module et_block_module\"><div class=\"et_pb_text_inner\"><h2>Ottimizza la tua storia aziendale<\/h2>\n<\/div><\/div><div class=\"et_pb_text_19 et_pb_text et_pb_bg_layout_light et_pb_module et_block_module\"><div class=\"et_pb_text_inner\"><p>Per anni, avete accumulato un'enorme quantit\u00e0 di informazioni: database dei clienti, evoluzione delle richieste, scelta dei fornitori, ecc.<br \/>\nCome menzionato sopra, l'analisi di questi dati spesso trascurati \u00e8 una fonte inesauribile di informazioni. Se analizzati correttamente, vi forniranno una solida base per i miglioramenti e i progetti futuri.<br \/>\nOra avete anche un sito web, e i software di elaborazione dei grandi dati, ormai disponibili per tutti, arricchiranno la vostra conoscenza del mercato e, soprattutto, del customer journey. Puoi saperne di pi\u00f9 sulla famosa \"esperienza del cliente\" al centro di tutte le nuove strategie di marketing.<br \/>\nTutti questi dati sono una vera miniera di informazioni che vi aiuteranno a gestire meglio la vostra azienda e ad aumentare il vostro fatturato con poche risorse.<\/p>\n<p>MCA Seed Academy, dopo un audit approfondito di tutti i componenti della vostra azienda, vi sosterr\u00e0 in questa trasformazione digitale. E invece di subirlo come un passaggio inevitabile, vedrete che questo nuovo modo di vivere la societ\u00e0 vi porter\u00e0 solo risultati positivi.<\/p>\n<\/div><\/div><\/div><\/div><\/div>\n","protected":false},"excerpt":{"rendered":"","protected":false},"author":1,"featured_media":0,"parent":0,"menu_order":0,"comment_status":"closed","ping_status":"closed","template":"","meta":{"footnotes":""},"class_list":["post-31274","page","type-page","status-publish","hentry"],"yoast_head":"<!-- This site is optimized with the Yoast SEO plugin v27.3 - https:\/\/yoast.com\/product\/yoast-seo-wordpress\/ -->\n<title>Trasformazione digitale | MCA Seed-Academy | Suisse<\/title>\n<meta name=\"description\" content=\"La trasformazione digitale comporta la dematerializzazione dei processi, permettendo cos\u00ec la loro ottimizzazione per una maggiore flessibilit\u00e0.\" \/>\n<meta name=\"robots\" content=\"index, follow, max-snippet:-1, max-image-preview:large, max-video-preview:-1\" \/>\n<link rel=\"canonical\" href=\"https:\/\/mcaseed.com\/it\/trasformazione-digitale\/\" \/>\n<meta property=\"og:locale\" content=\"it_IT\" \/>\n<meta property=\"og:type\" content=\"article\" \/>\n<meta property=\"og:title\" content=\"Trasformazione digitale | MCA Seed-Academy | Suisse\" \/>\n<meta property=\"og:description\" content=\"La trasformazione digitale comporta la dematerializzazione dei processi, permettendo cos\u00ec la loro ottimizzazione per una maggiore flessibilit\u00e0.\" \/>\n<meta property=\"og:url\" content=\"https:\/\/mcaseed.com\/it\/trasformazione-digitale\/\" \/>\n<meta property=\"og:site_name\" content=\"mcaseed.com\" \/>\n<meta property=\"article:publisher\" content=\"https:\/\/www.facebook.com\/mcaconcept\/\" \/>\n<meta property=\"article:modified_time\" content=\"2026-03-30T09:35:46+00:00\" \/>\n<meta name=\"twitter:card\" content=\"summary_large_image\" \/>\n<meta name=\"twitter:site\" content=\"@McaConcept\" \/>\n<script type=\"application\/ld+json\" class=\"yoast-schema-graph\">{\"@context\":\"https:\\\/\\\/schema.org\",\"@graph\":[{\"@type\":\"WebPage\",\"@id\":\"https:\\\/\\\/mcaseed.com\\\/it\\\/trasformazione-digitale\\\/\",\"url\":\"https:\\\/\\\/mcaseed.com\\\/it\\\/trasformazione-digitale\\\/\",\"name\":\"Trasformazione digitale | MCA Seed-Academy | Suisse\",\"isPartOf\":{\"@id\":\"https:\\\/\\\/mcaseed.com\\\/it\\\/#website\"},\"datePublished\":\"2021-10-17T11:44:40+00:00\",\"dateModified\":\"2026-03-30T09:35:46+00:00\",\"description\":\"La trasformazione digitale comporta la dematerializzazione dei processi, permettendo cos\u00ec la loro ottimizzazione per una maggiore flessibilit\u00e0.\",\"breadcrumb\":{\"@id\":\"https:\\\/\\\/mcaseed.com\\\/it\\\/trasformazione-digitale\\\/#breadcrumb\"},\"inLanguage\":\"it-IT\",\"potentialAction\":[{\"@type\":\"ReadAction\",\"target\":[\"https:\\\/\\\/mcaseed.com\\\/it\\\/trasformazione-digitale\\\/\"]}]},{\"@type\":\"BreadcrumbList\",\"@id\":\"https:\\\/\\\/mcaseed.com\\\/it\\\/trasformazione-digitale\\\/#breadcrumb\",\"itemListElement\":[{\"@type\":\"ListItem\",\"position\":1,\"name\":\"Accueil\",\"item\":\"https:\\\/\\\/mcaseed.com\\\/it\\\/\"},{\"@type\":\"ListItem\",\"position\":2,\"name\":\"Trasformazione digitale\"}]},{\"@type\":\"WebSite\",\"@id\":\"https:\\\/\\\/mcaseed.com\\\/it\\\/#website\",\"url\":\"https:\\\/\\\/mcaseed.com\\\/it\\\/\",\"name\":\"mcaseed.com\",\"description\":\"MCA Seed-Academy, nouvelle vision du num\u00e9rique !\",\"publisher\":{\"@id\":\"https:\\\/\\\/mcaseed.com\\\/it\\\/#organization\"},\"potentialAction\":[{\"@type\":\"SearchAction\",\"target\":{\"@type\":\"EntryPoint\",\"urlTemplate\":\"https:\\\/\\\/mcaseed.com\\\/it\\\/?s={search_term_string}\"},\"query-input\":{\"@type\":\"PropertyValueSpecification\",\"valueRequired\":true,\"valueName\":\"search_term_string\"}}],\"inLanguage\":\"it-IT\"},{\"@type\":\"Organization\",\"@id\":\"https:\\\/\\\/mcaseed.com\\\/it\\\/#organization\",\"name\":\"MCA Seed-Academy\",\"url\":\"https:\\\/\\\/mcaseed.com\\\/it\\\/\",\"logo\":{\"@type\":\"ImageObject\",\"inLanguage\":\"it-IT\",\"@id\":\"https:\\\/\\\/mcaseed.com\\\/it\\\/#\\\/schema\\\/logo\\\/image\\\/\",\"url\":\"https:\\\/\\\/mcaseed.com\\\/wp-content\\\/uploads\\\/2020\\\/07\\\/Miniature.png\",\"contentUrl\":\"https:\\\/\\\/mcaseed.com\\\/wp-content\\\/uploads\\\/2020\\\/07\\\/Miniature.png\",\"width\":512,\"height\":512,\"caption\":\"MCA Seed-Academy\"},\"image\":{\"@id\":\"https:\\\/\\\/mcaseed.com\\\/it\\\/#\\\/schema\\\/logo\\\/image\\\/\"},\"sameAs\":[\"https:\\\/\\\/www.facebook.com\\\/mcaconcept\\\/\",\"https:\\\/\\\/x.com\\\/McaConcept\",\"https:\\\/\\\/www.instagram.com\\\/mcaconcept\\\/\",\"https:\\\/\\\/ch.linkedin.com\\\/company\\\/mca-concept\",\"https:\\\/\\\/www.youtube.com\\\/channel\\\/UC1WT0RmNiTycrnzr6FqDuPg\"]}]}<\/script>\n<!-- \/ Yoast SEO plugin. -->","yoast_head_json":{"title":"Trasformazione digitale | MCA Seed-Academy | Suisse","description":"La trasformazione digitale comporta la dematerializzazione dei processi, permettendo cos\u00ec la loro ottimizzazione per una maggiore flessibilit\u00e0.","robots":{"index":"index","follow":"follow","max-snippet":"max-snippet:-1","max-image-preview":"max-image-preview:large","max-video-preview":"max-video-preview:-1"},"canonical":"https:\/\/mcaseed.com\/it\/trasformazione-digitale\/","og_locale":"it_IT","og_type":"article","og_title":"Trasformazione digitale | MCA Seed-Academy | Suisse","og_description":"La trasformazione digitale comporta la dematerializzazione dei processi, permettendo cos\u00ec la loro ottimizzazione per una maggiore flessibilit\u00e0.","og_url":"https:\/\/mcaseed.com\/it\/trasformazione-digitale\/","og_site_name":"mcaseed.com","article_publisher":"https:\/\/www.facebook.com\/mcaconcept\/","article_modified_time":"2026-03-30T09:35:46+00:00","twitter_card":"summary_large_image","twitter_site":"@McaConcept","schema":{"@context":"https:\/\/schema.org","@graph":[{"@type":"WebPage","@id":"https:\/\/mcaseed.com\/it\/trasformazione-digitale\/","url":"https:\/\/mcaseed.com\/it\/trasformazione-digitale\/","name":"Trasformazione digitale | MCA Seed-Academy | Suisse","isPartOf":{"@id":"https:\/\/mcaseed.com\/it\/#website"},"datePublished":"2021-10-17T11:44:40+00:00","dateModified":"2026-03-30T09:35:46+00:00","description":"La trasformazione digitale comporta la dematerializzazione dei processi, permettendo cos\u00ec la loro ottimizzazione per una maggiore flessibilit\u00e0.","breadcrumb":{"@id":"https:\/\/mcaseed.com\/it\/trasformazione-digitale\/#breadcrumb"},"inLanguage":"it-IT","potentialAction":[{"@type":"ReadAction","target":["https:\/\/mcaseed.com\/it\/trasformazione-digitale\/"]}]},{"@type":"BreadcrumbList","@id":"https:\/\/mcaseed.com\/it\/trasformazione-digitale\/#breadcrumb","itemListElement":[{"@type":"ListItem","position":1,"name":"Accueil","item":"https:\/\/mcaseed.com\/it\/"},{"@type":"ListItem","position":2,"name":"Trasformazione digitale"}]},{"@type":"WebSite","@id":"https:\/\/mcaseed.com\/it\/#website","url":"https:\/\/mcaseed.com\/it\/","name":"mcaseed.com","description":"MCA Seed-Academy, nouvelle vision du num\u00e9rique !","publisher":{"@id":"https:\/\/mcaseed.com\/it\/#organization"},"potentialAction":[{"@type":"SearchAction","target":{"@type":"EntryPoint","urlTemplate":"https:\/\/mcaseed.com\/it\/?s={search_term_string}"},"query-input":{"@type":"PropertyValueSpecification","valueRequired":true,"valueName":"search_term_string"}}],"inLanguage":"it-IT"},{"@type":"Organization","@id":"https:\/\/mcaseed.com\/it\/#organization","name":"MCA Seed-Academy","url":"https:\/\/mcaseed.com\/it\/","logo":{"@type":"ImageObject","inLanguage":"it-IT","@id":"https:\/\/mcaseed.com\/it\/#\/schema\/logo\/image\/","url":"https:\/\/mcaseed.com\/wp-content\/uploads\/2020\/07\/Miniature.png","contentUrl":"https:\/\/mcaseed.com\/wp-content\/uploads\/2020\/07\/Miniature.png","width":512,"height":512,"caption":"MCA Seed-Academy"},"image":{"@id":"https:\/\/mcaseed.com\/it\/#\/schema\/logo\/image\/"},"sameAs":["https:\/\/www.facebook.com\/mcaconcept\/","https:\/\/x.com\/McaConcept","https:\/\/www.instagram.com\/mcaconcept\/","https:\/\/ch.linkedin.com\/company\/mca-concept","https:\/\/www.youtube.com\/channel\/UC1WT0RmNiTycrnzr6FqDuPg"]}]}},"_links":{"self":[{"href":"https:\/\/mcaseed.com\/it\/wp-json\/wp\/v2\/pages\/31274","targetHints":{"allow":["GET"]}}],"collection":[{"href":"https:\/\/mcaseed.com\/it\/wp-json\/wp\/v2\/pages"}],"about":[{"href":"https:\/\/mcaseed.com\/it\/wp-json\/wp\/v2\/types\/page"}],"author":[{"embeddable":true,"href":"https:\/\/mcaseed.com\/it\/wp-json\/wp\/v2\/users\/1"}],"replies":[{"embeddable":true,"href":"https:\/\/mcaseed.com\/it\/wp-json\/wp\/v2\/comments?post=31274"}],"version-history":[{"count":9,"href":"https:\/\/mcaseed.com\/it\/wp-json\/wp\/v2\/pages\/31274\/revisions"}],"predecessor-version":[{"id":37371,"href":"https:\/\/mcaseed.com\/it\/wp-json\/wp\/v2\/pages\/31274\/revisions\/37371"}],"wp:attachment":[{"href":"https:\/\/mcaseed.com\/it\/wp-json\/wp\/v2\/media?parent=31274"}],"curies":[{"name":"wp","href":"https:\/\/api.w.org\/{rel}","templated":true}]}}