{"id":31281,"date":"2021-10-17T14:00:14","date_gmt":"2021-10-17T12:00:14","guid":{"rendered":"https:\/\/mcaseed.com\/trasformazione-digitale-2\/"},"modified":"2026-03-30T11:35:46","modified_gmt":"2026-03-30T09:35:46","slug":"trasformazione-digitale-2","status":"publish","type":"page","link":"https:\/\/mcaseed.com\/it\/trasformazione-digitale-2\/","title":{"rendered":"Trasformazione digitale"},"content":{"rendered":"\n<div class=\"et_pb_section_0 et_pb_section et_section_regular et_block_section\"><div class=\"et_pb_row_0 et_pb_row et_block_row\"><div class=\"et_pb_column_0 et_pb_column et_pb_column_4_4 et-last-child et_block_column et_pb_css_mix_blend_mode_passthrough\"><div class=\"et_pb_text_0 et_pb_text et_pb_bg_layout_light et_pb_module et_block_module et_pb_text_align_center\"><div class=\"et_pb_text_inner\"><h1>Trasformazione digitale<\/h1>\n<\/div><\/div><\/div><\/div><div class=\"et_pb_row_1 et_pb_row et_block_row\"><div class=\"et_pb_column_1 et_pb_column et_pb_column_4_4 et-last-child et_block_column et_pb_css_mix_blend_mode_passthrough\"><div class=\"et_pb_text_1 et_pb_text et_pb_bg_layout_light et_pb_module et_block_module\"><div class=\"et_pb_text_inner\"><p>Sia che la tua azienda abbia dovuto adattarsi alla rivoluzione digitale o che tu abbia bisogno di rispolverare i tuoi processi di lavoro, un audit digitale \u00e8 la chiave del successo della tua trasformazione digitale.<br \/> In pochi anni, con l'arrivo di Internet e delle nuove tecnologie, le nostre vite sono cambiate profondamente, avendo anche un impatto duraturo sul nostro modo di lavorare.<\/p>\n<p>Forzatamente o con successo, le aziende hanno negoziato il cambiamento digitale spesso senza supporto. Questa profonda trasformazione ha reso necessario l'acquisto di nuovi strumenti digitali che, spesso e in tutti i settori di attivit\u00e0, sono poco o per nulla adatti ai processi interni dell'azienda.<\/p>\n<p>Nel corso degli anni, le aziende sono state costrette a cambiare il loro modo di fare le cose e a integrare software o macchine man mano, senza una visione d'insieme.<\/p>\n<p>Qualche tempo dopo, appaiono dei problemi. Le macchine sono diventate obsolete, il software \u00e8 troppo complicato da usare quotidianamente, il suo utilizzo \u00e8 incompleto.<\/p>\n<p>Per esempio, le immense possibilit\u00e0 offerte dall'intelligenza artificiale combinata con l'analisi dei dati, i cosiddetti Big Data, possono ora essere integrate con una piccola spesa. I dati delle visite al tuo sito web e le interazioni con i potenziali acquirenti sui social network possono essere analizzati in tempo record. L'esperienza del cliente \u00e8 ora al centro del marketing digitale, ma non \u00e8 facile da capire, almeno per un occhio inesperto.<\/p>\n<\/div><\/div><\/div><\/div><div class=\"et_pb_row_2 et_pb_row et_block_row\"><div class=\"et_pb_column_2 et_pb_column et_pb_column_4_4 et-last-child et_block_column et_pb_css_mix_blend_mode_passthrough\"><div class=\"et_pb_text_2 et_pb_text et_pb_bg_layout_light et_pb_module et_block_module\"><div class=\"et_pb_text_inner\"><p><strong>MCA Seed Academy<\/strong> si offre di condividere la sua conoscenza del mondo del business e delle nuove tecnologie per realizzare un audit che permetter\u00e0 alla trasformazione digitale della tua azienda di avere successo.<\/p>\n<p>Lavoriamo sia con aziende affermate che emergenti. L'obiettivo principale di una trasformazione digitale \u00e8 quello di rendere pi\u00f9 fluide tutte le azioni interne, facilitare il lavoro di tutti i dipendenti, sfruttare al massimo tutti i dati di tutti i dipartimenti e creare un approccio agile e trasversale nella cultura dell'azienda.<\/p>\n<p>Tutto questo con due obiettivi principali :<br \/> - l'implementazione di soluzioni che integrano produttivit\u00e0 e comfort di lavoro,<br \/> - aumento del fatturato.<\/p>\n<p>Non molto tempo fa le aziende non vedevano nemmeno il senso di avere un sito web. Oggi, grazie alle nuove tecnologie, alle reti sociali, ai potenti software e agli oggetti connessi, si aprono belle prospettive di gestione anche per le aziende pi\u00f9 modeste.<\/p>\n<p>S\u00ec, anche un VSE, una piccola PMI o un'associazione possono avere accesso a strumenti che integrano l'intelligenza artificiale e l'analisi dei dati. In tutte le aree del business, dall'automazione d'ufficio alla contabilit\u00e0, dalla linea di produzione al marketing, le nuove tecnologie hanno cambiato il gioco per sempre. La trasformazione digitale sta portando a nuovi comportamenti sia all'interno che all'esterno.<\/p>\n<p>E la posta in gioco \u00e8 alta. La rivoluzione digitale e l'introduzione di nuove tecnologie stanno aprendo nuove opportunit\u00e0 per il mondo imprenditoriale. Le aziende che hanno completato con successo la loro trasformazione digitale hanno visto un impatto diretto sul loro fatturato.<\/p>\n<p>Tuttavia, non \u00e8 facile gestire la trasformazione digitale in modo ottimale. Un imprenditore ha spesso il naso alla macina e ha bisogno di un occhio esterno professionale che lo aiuti.<\/p>\n<p>\u00c8 qui che entra in gioco la professionalit\u00e0 degli esperti di MCA.<\/p>\n<\/div><\/div><\/div><\/div><div class=\"et_pb_row_3 et_pb_row et_block_row\"><div class=\"et_pb_column_3 et_pb_column et_pb_column_4_4 et-last-child et_block_column et_pb_css_mix_blend_mode_passthrough\"><div class=\"et_pb_text_3 et_pb_text et_pb_bg_layout_light et_pb_module et_block_module\"><div class=\"et_pb_text_inner\"><p>Siamo allo stesso tempo specialisti in nuove tecnologie, che si tratti di software o di strumenti digitali, ma anche conoscitori del mondo degli affari. Inoltre, monitoriamo quotidianamente le nuove tecniche di gestione e le pratiche di acquisto portate dal mondo digitale.<\/p>\n<p>La nostra analisi sar\u00e0 quindi molto dettagliata. Saremo in grado di rilevare, per esempio, quelle piccole anomalie dovute ad azioni ripetitive, duplicazioni, processi obsoleti.<\/p>\n<p>In questo caso entriamo pienamente in un'analisi ergonomica di tutti i compiti e processi nella vostra azienda, e anche degli strumenti digitali.<\/p>\n<p>Immaginate che per ottenere qualcosa di semplice come stampare un preventivo, il vostro dipendente deve eseguire 4 o 5 azioni. Se la metti cos\u00ec, non sembra molto importante. Ma se troviamo lo strumento digitale o la soluzione software che automatizza il compito, un'azione e una sola azione sar\u00e0 necessaria d'ora in poi. Immaginate il tempo risparmiato in un giorno, un mese, un anno. Moltiplicate questo per tutte le azioni \"superflue\" e improduttive e avrete un'idea di quanto tempo e denaro si risparmia con una digitalizzazione ottimizzata.<\/p>\n<p>Come potete vedere, una rivoluzione digitale di successo significa risparmiare tempo e quindi denaro.<br \/> Questo esempio pu\u00f2 sembrare banale, ma porta a casa l'importanza di mettere a punto la gestione di tutte le nuove tecnologie incluse nel vostro business. E questo va ben oltre il marketing, la catena di produzione, l'ottimizzazione dei processi interni, ecc.<\/p>\n<p>Un software trasversale come l'ERP (gestione di tutti i processi) o il CRM (gestione del customer journey e del marketing) vi permetter\u00e0 di sviluppare una gestione estremamente precisa della vostra azienda.<\/p>\n<p>Tuttavia, questa trasversalit\u00e0 va oltre, includendo tutti i dipartimenti e gli impiegati nella vostra cultura aziendale in uno slancio produttivo sereno ed efficiente.<\/p>\n<p>Le sfide della trasformazione digitale vanno ben oltre l'avere un tablet ad alte prestazioni o una stampante multifunzione, come avrete capito. Si creer\u00e0 una nuova sinergia tra i servizi.<\/p>\n<\/div><\/div><\/div><\/div><div class=\"et_pb_row_4 et_pb_row et_block_row\"><div class=\"et_pb_column_4 et_pb_column et_pb_column_4_4 et-last-child et_block_column et_pb_css_mix_blend_mode_passthrough\"><div class=\"et_pb_text_4 et_pb_text et_pb_bg_layout_light et_pb_module et_block_module\"><div class=\"et_pb_text_inner\"><p>L'obiettivo dell'audit digitale \u00e8 anche quello di fornire soluzioni per gestire le nuove sfide. Pensiamo qui a sfide positive come l'emergere di nuovi mercati o la creazione di nuovi prodotti o servizi.<\/p>\n<p>Ma, come abbiamo visto recentemente durante la crisi sanitaria, una trasformazione digitale di successo significa anche essere in grado di adattarsi a questi momenti di tensione. Molte aziende hanno trovato difficile implementare il telelavoro. E hanno sempre difficolt\u00e0 a recuperare: il loro tempo di reazione \u00e8 indebolito da strumenti o software non ergonomici e non progettati per reagire rapidamente alle crisi. Molti di loro hanno perso quote di mercato e clienti, purtroppo da molto tempo, a favore di concorrenti che hanno iniziato la loro trasformazione digitale molto prima.<\/p>\n<p>Ecco perch\u00e9 mettiamo la nostra esperienza al tuo servizio, perch\u00e9 non \u00e8 facile trovare la tua strada in un mondo digitale in costante evoluzione. Non \u00e8 nemmeno facile stare al passo con tutti i progressi tecnologici e i nuovi usi.<\/p>\n<p>Il nostro audit vi aiuter\u00e0 a trovare soluzioni personalizzate ed efficaci con strumenti che lavoreranno per voi e non il contrario.<\/p>\n<p>Infine, vi assicuriamo che le soluzioni che vi daremo possono essere applicate nel modo pi\u00f9 semplice possibile, senza cambiare tutto da un giorno all'altro, rispettando il finanziamento che vi potete permettere.<\/p>\n<p>Questo \u00e8 uno degli aspetti interessanti del crescente numero di offerte digitali: troveremo sempre quella giusta per voi. Oppure, perch\u00e9 no, visto che anche questo settore sta diventando pi\u00f9 democratico, vi guideremo verso la realizzazione di soluzioni personalizzate, incluso il software.<\/p>\n<p>MCA Seed Academy \u00e8 qui per aprire le porte di un mondo digitale che si piegher\u00e0 alle vostre esigenze e aspettative.<\/p>\n<\/div><\/div><\/div><\/div><\/div>\n","protected":false},"excerpt":{"rendered":"","protected":false},"author":1,"featured_media":0,"parent":0,"menu_order":0,"comment_status":"closed","ping_status":"closed","template":"","meta":{"footnotes":""},"class_list":["post-31281","page","type-page","status-publish","hentry"],"yoast_head":"<!-- This site is optimized with the Yoast SEO plugin v27.4 - https:\/\/yoast.com\/product\/yoast-seo-wordpress\/ -->\n<title>Trasformazione digitale | MCA Seed-Academy | Suisse<\/title>\n<meta name=\"description\" content=\"Cos&#039;\u00e8 la trasformazione digitale e cosa stiamo facendo per sostenervi nel rendere questa transizione un successo.\" \/>\n<meta name=\"robots\" content=\"index, follow, max-snippet:-1, max-image-preview:large, max-video-preview:-1\" \/>\n<link rel=\"canonical\" href=\"https:\/\/mcaseed.com\/it\/trasformazione-digitale-2\/\" \/>\n<meta property=\"og:locale\" content=\"it_IT\" \/>\n<meta property=\"og:type\" content=\"article\" \/>\n<meta property=\"og:title\" content=\"Trasformazione digitale | MCA Seed-Academy | Suisse\" \/>\n<meta property=\"og:description\" content=\"Cos&#039;\u00e8 la trasformazione digitale e cosa stiamo facendo per sostenervi nel rendere questa transizione un successo.\" \/>\n<meta property=\"og:url\" content=\"https:\/\/mcaseed.com\/it\/trasformazione-digitale-2\/\" \/>\n<meta property=\"og:site_name\" content=\"mcaseed.com\" \/>\n<meta property=\"article:publisher\" content=\"https:\/\/www.facebook.com\/mcaconcept\/\" \/>\n<meta property=\"article:modified_time\" content=\"2026-03-30T09:35:46+00:00\" \/>\n<meta name=\"twitter:card\" content=\"summary_large_image\" \/>\n<meta name=\"twitter:site\" content=\"@McaConcept\" \/>\n<script type=\"application\/ld+json\" class=\"yoast-schema-graph\">{\"@context\":\"https:\\\/\\\/schema.org\",\"@graph\":[{\"@type\":\"WebPage\",\"@id\":\"https:\\\/\\\/mcaseed.com\\\/it\\\/trasformazione-digitale-2\\\/\",\"url\":\"https:\\\/\\\/mcaseed.com\\\/it\\\/trasformazione-digitale-2\\\/\",\"name\":\"Trasformazione digitale | MCA Seed-Academy | Suisse\",\"isPartOf\":{\"@id\":\"https:\\\/\\\/mcaseed.com\\\/it\\\/#website\"},\"datePublished\":\"2021-10-17T12:00:14+00:00\",\"dateModified\":\"2026-03-30T09:35:46+00:00\",\"description\":\"Cos'\u00e8 la trasformazione digitale e cosa stiamo facendo per sostenervi nel rendere questa transizione un successo.\",\"breadcrumb\":{\"@id\":\"https:\\\/\\\/mcaseed.com\\\/it\\\/trasformazione-digitale-2\\\/#breadcrumb\"},\"inLanguage\":\"it-IT\",\"potentialAction\":[{\"@type\":\"ReadAction\",\"target\":[\"https:\\\/\\\/mcaseed.com\\\/it\\\/trasformazione-digitale-2\\\/\"]}]},{\"@type\":\"BreadcrumbList\",\"@id\":\"https:\\\/\\\/mcaseed.com\\\/it\\\/trasformazione-digitale-2\\\/#breadcrumb\",\"itemListElement\":[{\"@type\":\"ListItem\",\"position\":1,\"name\":\"Accueil\",\"item\":\"https:\\\/\\\/mcaseed.com\\\/it\\\/\"},{\"@type\":\"ListItem\",\"position\":2,\"name\":\"Trasformazione digitale\"}]},{\"@type\":\"WebSite\",\"@id\":\"https:\\\/\\\/mcaseed.com\\\/it\\\/#website\",\"url\":\"https:\\\/\\\/mcaseed.com\\\/it\\\/\",\"name\":\"mcaseed.com\",\"description\":\"MCA Seed-Academy, nouvelle vision du num\u00e9rique !\",\"publisher\":{\"@id\":\"https:\\\/\\\/mcaseed.com\\\/it\\\/#organization\"},\"potentialAction\":[{\"@type\":\"SearchAction\",\"target\":{\"@type\":\"EntryPoint\",\"urlTemplate\":\"https:\\\/\\\/mcaseed.com\\\/it\\\/?s={search_term_string}\"},\"query-input\":{\"@type\":\"PropertyValueSpecification\",\"valueRequired\":true,\"valueName\":\"search_term_string\"}}],\"inLanguage\":\"it-IT\"},{\"@type\":\"Organization\",\"@id\":\"https:\\\/\\\/mcaseed.com\\\/it\\\/#organization\",\"name\":\"MCA Seed-Academy\",\"url\":\"https:\\\/\\\/mcaseed.com\\\/it\\\/\",\"logo\":{\"@type\":\"ImageObject\",\"inLanguage\":\"it-IT\",\"@id\":\"https:\\\/\\\/mcaseed.com\\\/it\\\/#\\\/schema\\\/logo\\\/image\\\/\",\"url\":\"https:\\\/\\\/mcaseed.com\\\/wp-content\\\/uploads\\\/2020\\\/07\\\/Miniature.png\",\"contentUrl\":\"https:\\\/\\\/mcaseed.com\\\/wp-content\\\/uploads\\\/2020\\\/07\\\/Miniature.png\",\"width\":512,\"height\":512,\"caption\":\"MCA Seed-Academy\"},\"image\":{\"@id\":\"https:\\\/\\\/mcaseed.com\\\/it\\\/#\\\/schema\\\/logo\\\/image\\\/\"},\"sameAs\":[\"https:\\\/\\\/www.facebook.com\\\/mcaconcept\\\/\",\"https:\\\/\\\/x.com\\\/McaConcept\",\"https:\\\/\\\/www.instagram.com\\\/mcaconcept\\\/\",\"https:\\\/\\\/ch.linkedin.com\\\/company\\\/mca-concept\",\"https:\\\/\\\/www.youtube.com\\\/channel\\\/UC1WT0RmNiTycrnzr6FqDuPg\"]}]}<\/script>\n<!-- \/ Yoast SEO plugin. -->","yoast_head_json":{"title":"Trasformazione digitale | MCA Seed-Academy | Suisse","description":"Cos'\u00e8 la trasformazione digitale e cosa stiamo facendo per sostenervi nel rendere questa transizione un successo.","robots":{"index":"index","follow":"follow","max-snippet":"max-snippet:-1","max-image-preview":"max-image-preview:large","max-video-preview":"max-video-preview:-1"},"canonical":"https:\/\/mcaseed.com\/it\/trasformazione-digitale-2\/","og_locale":"it_IT","og_type":"article","og_title":"Trasformazione digitale | MCA Seed-Academy | Suisse","og_description":"Cos'\u00e8 la trasformazione digitale e cosa stiamo facendo per sostenervi nel rendere questa transizione un successo.","og_url":"https:\/\/mcaseed.com\/it\/trasformazione-digitale-2\/","og_site_name":"mcaseed.com","article_publisher":"https:\/\/www.facebook.com\/mcaconcept\/","article_modified_time":"2026-03-30T09:35:46+00:00","twitter_card":"summary_large_image","twitter_site":"@McaConcept","schema":{"@context":"https:\/\/schema.org","@graph":[{"@type":"WebPage","@id":"https:\/\/mcaseed.com\/it\/trasformazione-digitale-2\/","url":"https:\/\/mcaseed.com\/it\/trasformazione-digitale-2\/","name":"Trasformazione digitale | MCA Seed-Academy | Suisse","isPartOf":{"@id":"https:\/\/mcaseed.com\/it\/#website"},"datePublished":"2021-10-17T12:00:14+00:00","dateModified":"2026-03-30T09:35:46+00:00","description":"Cos'\u00e8 la trasformazione digitale e cosa stiamo facendo per sostenervi nel rendere questa transizione un successo.","breadcrumb":{"@id":"https:\/\/mcaseed.com\/it\/trasformazione-digitale-2\/#breadcrumb"},"inLanguage":"it-IT","potentialAction":[{"@type":"ReadAction","target":["https:\/\/mcaseed.com\/it\/trasformazione-digitale-2\/"]}]},{"@type":"BreadcrumbList","@id":"https:\/\/mcaseed.com\/it\/trasformazione-digitale-2\/#breadcrumb","itemListElement":[{"@type":"ListItem","position":1,"name":"Accueil","item":"https:\/\/mcaseed.com\/it\/"},{"@type":"ListItem","position":2,"name":"Trasformazione digitale"}]},{"@type":"WebSite","@id":"https:\/\/mcaseed.com\/it\/#website","url":"https:\/\/mcaseed.com\/it\/","name":"mcaseed.com","description":"MCA Seed-Academy, nouvelle vision du num\u00e9rique !","publisher":{"@id":"https:\/\/mcaseed.com\/it\/#organization"},"potentialAction":[{"@type":"SearchAction","target":{"@type":"EntryPoint","urlTemplate":"https:\/\/mcaseed.com\/it\/?s={search_term_string}"},"query-input":{"@type":"PropertyValueSpecification","valueRequired":true,"valueName":"search_term_string"}}],"inLanguage":"it-IT"},{"@type":"Organization","@id":"https:\/\/mcaseed.com\/it\/#organization","name":"MCA Seed-Academy","url":"https:\/\/mcaseed.com\/it\/","logo":{"@type":"ImageObject","inLanguage":"it-IT","@id":"https:\/\/mcaseed.com\/it\/#\/schema\/logo\/image\/","url":"https:\/\/mcaseed.com\/wp-content\/uploads\/2020\/07\/Miniature.png","contentUrl":"https:\/\/mcaseed.com\/wp-content\/uploads\/2020\/07\/Miniature.png","width":512,"height":512,"caption":"MCA Seed-Academy"},"image":{"@id":"https:\/\/mcaseed.com\/it\/#\/schema\/logo\/image\/"},"sameAs":["https:\/\/www.facebook.com\/mcaconcept\/","https:\/\/x.com\/McaConcept","https:\/\/www.instagram.com\/mcaconcept\/","https:\/\/ch.linkedin.com\/company\/mca-concept","https:\/\/www.youtube.com\/channel\/UC1WT0RmNiTycrnzr6FqDuPg"]}]}},"_links":{"self":[{"href":"https:\/\/mcaseed.com\/it\/wp-json\/wp\/v2\/pages\/31281","targetHints":{"allow":["GET"]}}],"collection":[{"href":"https:\/\/mcaseed.com\/it\/wp-json\/wp\/v2\/pages"}],"about":[{"href":"https:\/\/mcaseed.com\/it\/wp-json\/wp\/v2\/types\/page"}],"author":[{"embeddable":true,"href":"https:\/\/mcaseed.com\/it\/wp-json\/wp\/v2\/users\/1"}],"replies":[{"embeddable":true,"href":"https:\/\/mcaseed.com\/it\/wp-json\/wp\/v2\/comments?post=31281"}],"version-history":[{"count":5,"href":"https:\/\/mcaseed.com\/it\/wp-json\/wp\/v2\/pages\/31281\/revisions"}],"predecessor-version":[{"id":37372,"href":"https:\/\/mcaseed.com\/it\/wp-json\/wp\/v2\/pages\/31281\/revisions\/37372"}],"wp:attachment":[{"href":"https:\/\/mcaseed.com\/it\/wp-json\/wp\/v2\/media?parent=31281"}],"curies":[{"name":"wp","href":"https:\/\/api.w.org\/{rel}","templated":true}]}}